{"id":1008,"date":"2026-01-14T14:28:04","date_gmt":"2026-01-14T14:28:04","guid":{"rendered":"https:\/\/sut.gov.al\/?page_id=1008"},"modified":"2026-01-16T21:11:48","modified_gmt":"2026-01-16T21:11:48","slug":"sherbimi-i-urgjences","status":"publish","type":"page","link":"https:\/\/sut.gov.al\/index.php\/sherbimi-i-urgjences\/","title":{"rendered":"SH\u00cbRBIMI I URGJENC\u00cbS"},"content":{"rendered":"\t\t<div data-elementor-type=\"wp-page\" data-elementor-id=\"1008\" class=\"elementor elementor-1008\">\n\t\t\t\t<div class=\"elementor-element elementor-element-2a2045e e-flex e-con-boxed e-con e-parent\" data-id=\"2a2045e\" data-element_type=\"container\">\n\t\t\t\t\t<div class=\"e-con-inner\">\n\t\t\t\t<div class=\"elementor-element elementor-element-fe5c3a9 elementor-widget elementor-widget-text-editor\" data-id=\"fe5c3a9\" data-element_type=\"widget\" data-widget_type=\"text-editor.default\">\n\t\t\t\t<div class=\"elementor-widget-container\">\n\t\t\t\t\t\t\t\t\t<p class=\"MsoNormal\"><span style=\"font-size: 16.0pt; line-height: 115%; font-family: 'Times New Roman',serif;\">Sh\u00ebrbimi i Urgjenc\u00ebs n\u00eb Spitalin Universitar t\u00eb Traum\u00ebs (SUT) ka si mision ofrimin e kujdesit t\u00eb menj\u00ebhersh\u00ebm, t\u00eb specializuar dhe multidisiplinar p\u00ebr pacient\u00ebt q\u00eb paraqiten n\u00eb urgjenc\u00eb, me fokus kryesor trajtimin e traumave dhe patologjive kritike p\u00ebr jet\u00ebn.<\/span><\/p>\n<p class=\"MsoNormal\"><span style=\"font-size: 16.0pt; line-height: 115%; font-family: 'Times New Roman',serif;\">Ne synojm\u00eb t\u00eb sigurojm\u00eb diagnostifikim t\u00eb shpejt\u00eb dhe trajtim efektiv, bazuar n\u00eb protokollet nd\u00ebrkomb\u00ebtare (A.T.L.S. \u2013 Advanced Trauma Life Support) duke u koordinuar me sh\u00ebrbimet spitalore dhe p\u00ebrmes bashk\u00ebpunimit multidisiplinar p\u00ebr t\u00eb maksimizuar rikuperimin dhe minimizuar komplikacionet.<\/span><\/p>\n<p class=\"MsoNormal\"><span style=\"font-size: 16.0pt; line-height: 115%; font-family: 'Times New Roman',serif;\">Si qend\u00ebr referimi n\u00eb nivel terciar, garantojm\u00eb sh\u00ebrbim 24\/7 p\u00ebr rreth 60.000 pacient\u00eb n\u00eb vit (96% e rasteve jan\u00eb trauma dhe politrauma), menaxhim t\u00eb shpejt\u00eb dhe t\u00eb q\u00ebndruesh\u00ebm t\u00eb rasteve emergjente jo-traumatike (rreth 4% e rasteve), duke respektuar nevojat e pacient\u00ebve dhe familjeve t\u00eb tyre.<\/span><\/p>\n<p class=\"MsoNormal\"><span style=\"font-size: 16.0pt; line-height: 115%; font-family: 'Times New Roman',serif;\">P\u00ebrkushtimi yn\u00eb p\u00ebrfshin gjithashtu edukimin dhe trajnimin e vazhduesh\u00ebm t\u00eb stafit mjek\u00ebsor dhe infermieror, p\u00ebr t\u00eb siguruar standardet dhe p\u00ebr t\u00eb krijuar protokollet m\u00eb t\u00eb larta klinike.<\/span><\/p>\n<p class=\"MsoNormal\"><b><i><span style=\"font-size: 16.0pt; line-height: 115%; font-family: 'Times New Roman',serif;\">Pjes\u00eb e stafit 24-or\u00ebsh multidisiplinor jan\u00eb:&nbsp;<\/span><\/i><\/b><\/p><p class=\"MsoNormal\"><b><i><span style=\"font-size: 16.0pt; line-height: 115%; font-family: 'Times New Roman',serif;\">Mjek\u00eb specialist\u00eb urgjence,<\/span><\/i><\/b><\/p>\n<p class=\"MsoNormal\"><b><i><span style=\"font-size: 16.0pt; line-height: 115%; font-family: 'Times New Roman',serif;\">Mjek\u00eb kirurg\u00eb t\u00eb p\u00ebrgjithsh\u00ebm,&nbsp;<\/span><\/i><\/b><\/p><p class=\"MsoNormal\"><b><i><span style=\"font-size: 16.0pt; line-height: 115%; font-family: 'Times New Roman',serif;\">Mjek\u00eb reanimator\u00eb,<\/span><\/i><\/b><\/p>\n<p class=\"MsoNormal\"><b><i><span style=\"font-size: 16.0pt; line-height: 115%; font-family: 'Times New Roman',serif;\">Mjek\u00eb ortoped\u00eb,&nbsp;<\/span><\/i><\/b><\/p><p class=\"MsoNormal\"><b><i><span style=\"font-size: 16.0pt; line-height: 115%; font-family: 'Times New Roman',serif;\">Mjek neurokirurg,&nbsp;<\/span><\/i><\/b><\/p><p class=\"MsoNormal\"><b><i><span style=\"font-size: 16.0pt; line-height: 115%; font-family: 'Times New Roman',serif;\">Mjek imazherist,<\/span><\/i><\/b><\/p>\n<p class=\"MsoNormal\"><b><i><span style=\"font-size: 16.0pt; line-height: 115%; font-family: 'Times New Roman',serif;\">Mjek i specialiteteve t\u00eb s\u00ebmundjeve t\u00eb brendshme,<\/span><\/i><\/b><\/p>\n<p class=\"MsoNormal\"><b><i><span style=\"font-size: 16.0pt; line-height: 115%; font-family: 'Times New Roman',serif;\">Mjek\u00ebt specialist n\u00eb sh\u00ebrbim \u201con call\u201d (15 disiplina mjek\u00ebsore),<\/span><\/i><\/b><\/p>\n<p class=\"MsoNormal\"><b><i><span style=\"font-size: 16.0pt; line-height: 115%; font-family: 'Times New Roman',serif;\">Teknik\u00eb t\u00eb imazheris\u00eb,<\/span><\/i><\/b><\/p>\n<p class=\"MsoNormal\"><b><i><span style=\"font-size: 16.0pt; line-height: 115%; font-family: 'Times New Roman',serif;\">Infermier\u00eb t\u00eb specializuar n\u00eb pritjen, trajtimin dhe ndjekjen e t\u00eb s\u00ebmur\u00ebve t\u00eb traumatizuar, Specialist\u00eb t\u00eb sh\u00ebrbimeve mb\u00ebshtet\u00ebse.<\/span><\/i><\/b><\/p>\n<p class=\"MsoNormal\"><b><span style=\"font-size: 16.0pt; line-height: 115%; font-family: 'Times New Roman',serif;\">Vizioni yn\u00eb<\/span><\/b><\/p>\n<p class=\"MsoNormal\"><span style=\"font-size: 16.0pt; line-height: 115%; font-family: 'Times New Roman',serif;\">T\u00eb jemi qendra udh\u00ebheq\u00ebse n\u00eb rajon p\u00ebr trajtimin e urgjencave traumatike dhe patologjive kritike, duke ofruar kujdes t\u00eb avancuar dhe inovativ, t\u00eb bazuar n\u00eb praktikat m\u00eb t\u00eb mira nd\u00ebrkomb\u00ebtare dhe teknologjit\u00eb moderne, me q\u00ebllim p\u00ebrmir\u00ebsimin e vazhduesh\u00ebm t\u00eb cil\u00ebsis\u00eb s\u00eb jet\u00ebs s\u00eb pacient\u00ebve.<\/span><\/p>\n<p class=\"MsoNormal\"><span style=\"font-size: 16.0pt; line-height: 115%; font-family: 'Times New Roman',serif;\">N\u00eb SUT, sh\u00ebrbimi i urgjenc\u00ebs p\u00ebrdor kode emergjence, p\u00ebr t\u00eb p\u00ebrcaktuar prioritetin e trajtimit, duke siguruar q\u00eb pacient\u00ebt me nevoj\u00eb m\u00eb t\u00eb madhe t\u00eb marrin kujdesin menj\u00ebher\u00eb, nd\u00ebrsa rastet m\u00eb pak urgjente organizohen sipas nevojave specifike dhe sipas prioritetit t\u00eb sh\u00ebrbimit (kodet e triazhimit par\u00ebsor).<\/span><\/p>\n<p class=\"MsoNormal\"><b><span style=\"font-size: 16.0pt; line-height: 115%; font-family: 'Times New Roman',serif;\">\u00c7far\u00eb Trajtohet n\u00eb Urgjenc\u00ebn e SUT?<\/span><\/b><\/p>\n<p class=\"MsoNormal\"><span style=\"font-size: 16.0pt; line-height: 115%; font-family: 'Times New Roman',serif;\">Pacient\u00ebt e traumatizuar dhe politraumat e t\u00eb gjitha grup-moshave,<\/span><\/p>\n<p class=\"MsoNormal\"><span style=\"font-size: 16.0pt; line-height: 115%; font-family: 'Times New Roman',serif;\">Ndihm\u00eb e par\u00eb p\u00ebr s\u00ebmundje t\u00eb p\u00ebrgjithshme q\u00eb p\u00ebrb\u00ebjn\u00eb urgjenca jo-traumatike me synim stabilizimin e situat\u00ebs dhe transportin n\u00eb qendr\u00ebn spitalore t\u00eb p\u00ebrputhshme me nevojat mjek\u00ebsore t\u00eb t\u00eb s\u00ebmurit,<\/span><\/p>\n<p class=\"MsoNormal\"><span style=\"font-size: 16.0pt; line-height: 115%; font-family: 'Times New Roman',serif;\">Trajtimi i pacient\u00ebve n\u00eb gjendje kritike n\u00eb ambientet e \u201czon\u00ebs s\u00eb kuqe\u201d.<\/span><\/p>\n<p class=\"MsoNormal\"><b><span style=\"font-size: 16.0pt; line-height: 115%; font-family: 'Times New Roman',serif;\">\u00c7far\u00eb NUK Trajtohet n\u00eb Urgjenc\u00eb?<\/span><\/b><\/p>\n<p class=\"MsoNormal\"><span style=\"font-size: 16.0pt; line-height: 115%; font-family: 'Times New Roman',serif;\">Vizitat e rikontrollit p\u00ebr pacient\u00ebt e trajtuar m\u00eb par\u00eb. (K\u00ebto kryhen n\u00eb poliklinik\u00eb, n\u00ebp\u00ebrmjet Sistemit t\u00eb Referimit nga mjeku familjes ose n\u00eb sh\u00ebrbimin ambulator.)&nbsp;<\/span><span style=\"font-family: &quot;Times New Roman&quot;, serif; font-size: 16pt; text-wrap-mode: initial;\">Raste jo emergjente q\u00eb nuk konsiderohen trauma ose politrauma. Ekzaminime imazherike\/laboratorike p\u00ebr raste jo urgjente.<\/span><\/p>\n<p class=\"MsoNormal\"><span style=\"font-size: 16.0pt; line-height: 115%; font-family: 'Times New Roman',serif;\">Menaxhimi i Pacient\u00ebve n\u00eb Observacion (Zona e Kuqe).&nbsp;<\/span><span style=\"font-family: &quot;Times New Roman&quot;, serif; font-size: 16pt; text-wrap-mode: initial;\">Pacient\u00ebt n\u00eb gjendje t\u00eb r\u00ebnd\u00eb mbahen n\u00eb observacion n\u00e6n monitorim dhe kujdes t\u00e6 vazhduesh\u00e6m dhe kritik.&nbsp;<\/span><span style=\"font-family: &quot;Times New Roman&quot;, serif; font-size: 16pt; text-wrap-mode: initial;\">Vendimi p\u00ebr trajtim ose transferim merret nga shefat e sh\u00ebrbimeve t\u00eb reanimacionit dhe t\u00eb urgjenc\u00ebs, n\u00eb konsult\u00eb nd\u00ebrdisiplinore me mjekun kurures.<\/span><\/p>\n<p class=\"MsoNormal\"><b><span style=\"font-size: 16.0pt; line-height: 115%; font-family: 'Times New Roman',serif;\">Ndalohet Rrept\u00ebsisht:<\/span><\/b><\/p>\n<p class=\"MsoNormal\"><span style=\"font-size: 16.0pt; line-height: 115%; font-family: 'Times New Roman',serif;\">Hyrja e familjar\u00ebve n\u00eb sallat e operacionit dhe observacion (\u201czona e kuqe\u201d)<\/span><\/p>\n<p class=\"MsoNormal\"><span style=\"font-size: 16.0pt; line-height: 115%; font-family: 'Times New Roman',serif;\">P\u00ebrdorimi i celular\u00ebve dhe\/ose pajisjeve audio-vizive pa lejen p\u00ebrkat\u00ebse (V.O. ambienti spitalor \u00ebsht\u00eb i monitoruar 24h me kamera me cik\u00ebl t\u00eb mbyllur)<\/span><\/p>\n<p class=\"MsoNormal\"><span style=\"font-size: 16.0pt; line-height: 115%; font-family: 'Times New Roman',serif;\">Administrimi i sh\u00ebrbimit<\/span><\/p>\n<p class=\"MsoNormal\"><span style=\"font-size: 16.0pt; line-height: 115%; font-family: 'Times New Roman',serif;\">Koordinimi:<\/span><\/p>\n<p class=\"MsoNormal\"><i><span style=\"font-size: 16.0pt; line-height: 115%; font-family: 'Times New Roman',serif;\">Cel. +355693752572<\/span><\/i><\/p>\n<p class=\"MsoNormal\"><b><i><span style=\"font-size: 16.0pt; line-height: 115%; font-family: 'Times New Roman',serif;\">Shef Sh\u00ebrbimi<\/span><\/i><\/b><\/p>\n<p class=\"MsoNormal\"><b><i><span style=\"font-size: 16.0pt; line-height: 115%; font-family: 'Times New Roman',serif;\">Agustin SUMA MD, Kirurg maksilofacial, A.T.L.S. certified Mjek\u00ebt primar\u00eb n\u00eb urgjenc\u00eb:<\/span><\/i><\/b><\/p>\n<p class=\"MsoNormal\"><span style=\"font-size: 16.0pt; line-height: 115%; font-family: 'Times New Roman',serif;\">Gjovalin BUSHI MD ScD, Kirurg<\/span><\/p>\n<p class=\"MsoNormal\"><span style=\"font-size: 16.0pt; line-height: 115%; font-family: 'Times New Roman',serif;\">Gazmir FEJZIU MD, Patolog Mjeko-ligjor<\/span><\/p>\n<p class=\"MsoNormal\"><span style=\"font-size: 16.0pt; line-height: 115%; font-family: 'Times New Roman',serif;\">Erion GJOSHI MD, Kirurg i p\u00ebrgjithsh\u00ebm, A.T.L.S. certified Gerald KOLA MD, Internist &amp; gastroenterolog<\/span><\/p>\n<p class=\"MsoNormal\"><span style=\"font-size: 16.0pt; line-height: 115%; font-family: 'Times New Roman',serif;\">Met LOCI MD, Kirurg i p\u00ebrgjithsh\u00ebm, A.T.L.S. certified Enida ZAIMI MD, Interniste<\/span><\/p>\n<p class=\"MsoNormal\"><b><i><span style=\"font-size: 16.0pt; line-height: 115%; font-family: 'Times New Roman',serif;\">Kryeinfermier i urgjenc\u00ebs:<\/span><\/i><\/b><\/p>\n<p class=\"MsoNormal\"><span style=\"font-size: 16.0pt; line-height: 115%; font-family: 'Times New Roman',serif;\">Eduart RAMA<\/span><\/p>\n<p class=\"MsoNormal\"><i><span style=\"font-size: 16.0pt; line-height: 115%; font-family: 'Times New Roman',serif;\">Kryeinfermiere OBS \u2013 Blloku operator i urgjenc\u00ebs (\u201cZona e kuqe\u201d):<\/span><\/i><\/p>\n<p class=\"MsoNormal\"><span style=\"font-size: 16.0pt; line-height: 115%; font-family: 'Times New Roman',serif;\">Sadete GJECI<\/span><\/p>\n<p class=\"MsoNormal\"><i><span style=\"font-size: 16.0pt; line-height: 115%; font-family: 'Times New Roman',serif;\">Infrastruktura n\u00eb Urgjenc\u00eb dhe OBS<\/span><\/i><\/p>\n<p class=\"MsoNormal\">\n<\/p><ol>\n<li><span style=\"font-size: 16.0pt; line-height: 115%; font-family: 'Times New Roman',serif;\">Ambientet e sh\u00ebrbimit jan\u00eb t\u00eb organizuara sipas kodeve dhe prioritetit t\u00eb vler\u00ebsimit:<\/span><\/li>\n<li><span style=\"font-size: 16.0pt; line-height: 115%; font-family: 'Times New Roman',serif;\">Dhoma e kodeve \u201ct\u00eb bardha\u201d: dhom\u00eb vizite 3 shtret\u00ebr&nbsp;<\/span><\/li>\n<li><span style=\"font-size: 16.0pt; line-height: 115%; font-family: 'Times New Roman',serif;\">Dhoma e kodeve \u201cjeshile\u201d: 8 shtret\u00ebr<\/span><\/li>\n<li><span style=\"font-size: 16.0pt; line-height: 115%; font-family: 'Times New Roman',serif;\">Dhoma e kodeve \u201ct\u00eb verdha\u201d: 4 shtret\u00ebr&nbsp;<\/span><\/li>\n<li><span style=\"font-size: 16.0pt; line-height: 115%; font-family: 'Times New Roman',serif;\">Dhoma e kodeve \u201ct\u00eb kuqe\u201d: 6 shtret\u00ebr<\/span><\/li>\n<\/ol>\n<p class=\"MsoNormal\"><i><span style=\"font-size: 16.0pt; line-height: 115%; font-family: 'Times New Roman',serif;\">Blloku operator i urgjenc\u00ebs<\/span><\/i><\/p>\n<p class=\"MsoNormal\"><span style=\"font-size: 16.0pt; line-height: 115%; font-family: 'Times New Roman',serif;\">Ambjente spitalore ndihm\u00ebse:<\/span><\/p>\n<p class=\"MsoNormal\">\n<\/p><ul>\n<li><span style=\"font-size: 16.0pt; line-height: 115%; font-family: 'Times New Roman',serif;\">Dhoma e ekzaminimit ekografik n\u00eb urgjenc\u00eb<\/span><\/li>\n<li><span style=\"font-size: 16.0pt; line-height: 115%; font-family: 'Times New Roman',serif;\">Nj\u00ebsia e imazheris\u00eb klinike radiografike n\u00eb urgjenc\u00eb&nbsp;<\/span><\/li>\n<li><span style=\"font-size: 16.0pt; line-height: 115%; font-family: 'Times New Roman',serif;\">Nj\u00ebsia e imazheris\u00eb me CT n\u00eb urgjenc\u00eb<\/span><\/li>\n<li><span style=\"font-size: 16.0pt; line-height: 115%; font-family: 'Times New Roman',serif;\">Dhoma e manipulimeve dhe mikrokirurgjis\u00eb<\/span><\/li>\n<li><span style=\"font-size: 16.0pt; line-height: 115%; font-family: 'Times New Roman',serif;\">Dhoma e konsult\u00ebs dhe manipulimeve ortopedike n\u00eb urgjenc\u00eb<\/span><\/li>\n<\/ul>\n<p class=\"MsoNormal\"><span style=\"font-size: 16.0pt; line-height: 115%; font-family: 'Times New Roman',serif;\">Marr\u00eb nga \u201cUdh\u00ebzuesi p\u00ebr p\u00ebrgatitjen e planeve t\u00eb p\u00ebrgjigjes s\u00eb spitaleve ndaj fatkeq\u00ebsive\u201d si pjes\u00eb e \u201cPlatforma e p\u00ebrgjithshme e Ministris\u00eb s\u00eb Sh\u00ebndet\u00ebsis\u00eb t\u00eb Republik\u00ebs s\u00eb Shqip\u00ebris\u00eb p\u00ebr menaxhimin e riskut\u201d me mb\u00ebshtetjen e Organizat\u00ebs Bot\u00ebrore t\u00eb Sh\u00ebndet\u00ebsis\u00eb<\/span><\/p>\n<p class=\"MsoNormal\"><i><span style=\"font-size: 16.0pt; line-height: 115%; font-family: 'Times New Roman',serif;\">Njoftime dhe trajnime<\/span><\/i><\/p>\n<p class=\"MsoNormal\"><span style=\"font-size: 16.0pt; line-height: 115%; font-family: 'Times New Roman',serif;\">Trajnimi multidisiplinor periodik i organizuar nga Shoqata Shqiptare e Traumes dhe Kirurgjis\u00eb s\u00eb Urgjenc\u00ebs (A.S.T.E.S.) dhe nga American College of Surgeons (A.C.S.) p\u00ebr p\u00ebrftimin e dijeve teoriko-praktike dhe certifikimin sipas Advanced Trauma Life Support (A.T.L.S.) n\u00ebn drejtimin e Prof. Agron Dogjani MD dhe Prof. Edmond Zaimi MD.<\/span><\/p>\n<p class=\"MsoNormal\"><span style=\"font-size: 16.0pt; line-height: 115%; font-family: 'Times New Roman',serif;\">N\u00eb rast urgjence, kontaktoni 127<\/span><\/p>\n<p class=\"MsoNormal\"><span style=\"font-size: 16.0pt; line-height: 115%; font-family: 'Times New Roman',serif;\">Sh\u00ebrbimi i urgjenc\u00ebs ofrohet 24 or\u00eb n\u00eb dit\u00eb, 7 dit\u00eb n\u00eb jav\u00eb<\/span><\/p>\n<p class=\"MsoNormal\"><span style=\"font-size: 16.0pt; line-height: 115%; font-family: 'Times New Roman',serif;\">Koordinimi spitalor (24\/7): +355693752572<\/span><\/p>\n<p><\/p>\n<p class=\"MsoNormal\"><span style=\"font-size: 16.0pt; line-height: 115%; font-family: 'Times New Roman',serif;\">&nbsp;<\/span><\/p>\t\t\t\t\t\t\t\t<\/div>\n\t\t\t\t<\/div>\n\t\t\t\t\t<\/div>\n\t\t\t\t<\/div>\n\t\t<div class=\"elementor-element elementor-element-4ea1a41 e-flex e-con-boxed e-con e-parent\" data-id=\"4ea1a41\" data-element_type=\"container\">\n\t\t\t\t\t<div class=\"e-con-inner\">\n\t\t\t\t<div class=\"elementor-element elementor-element-45696a9 elementor-widget-divider--view-line elementor-widget elementor-widget-divider\" data-id=\"45696a9\" data-element_type=\"widget\" data-widget_type=\"divider.default\">\n\t\t\t\t<div class=\"elementor-widget-container\">\n\t\t\t\t\t\t\t<div class=\"elementor-divider\">\n\t\t\t<span class=\"elementor-divider-separator\">\n\t\t\t\t\t\t<\/span>\n\t\t<\/div>\n\t\t\t\t\t\t<\/div>\n\t\t\t\t<\/div>\n\t\t\t\t\t<\/div>\n\t\t\t\t<\/div>\n\t\t<div class=\"elementor-element elementor-element-3e7ebeb e-flex e-con-boxed e-con e-parent\" data-id=\"3e7ebeb\" data-element_type=\"container\">\n\t\t\t\t\t<div class=\"e-con-inner\">\n\t\t\t\t<div class=\"elementor-element elementor-element-2ead369 elementor-widget elementor-widget-google_maps\" data-id=\"2ead369\" data-element_type=\"widget\" data-widget_type=\"google_maps.default\">\n\t\t\t\t<div class=\"elementor-widget-container\">\n\t\t\t\t\t\t\t<div class=\"elementor-custom-embed\">\n\t\t\t<iframe loading=\"lazy\"\n\t\t\t\t\tsrc=\"https:\/\/maps.google.com\/maps?q=Spitali%20Universitar%20i%20Traumes&#038;t=m&#038;z=16&#038;output=embed&#038;iwloc=near\"\n\t\t\t\t\ttitle=\"Spitali Universitar i Traumes\"\n\t\t\t\t\taria-label=\"Spitali Universitar i Traumes\"\n\t\t\t><\/iframe>\n\t\t<\/div>\n\t\t\t\t\t\t<\/div>\n\t\t\t\t<\/div>\n\t\t\t\t\t<\/div>\n\t\t\t\t<\/div>\n\t\t\t\t<\/div>\n\t\t","protected":false},"excerpt":{"rendered":"<p>Sh\u00ebrbimi i Urgjenc\u00ebs n\u00eb Spitalin Universitar t\u00eb Traum\u00ebs (SUT) ka si mision ofrimin e kujdesit t\u00eb menj\u00ebhersh\u00ebm, t\u00eb specializuar dhe multidisiplinar p\u00ebr pacient\u00ebt q\u00eb paraqiten n\u00eb urgjenc\u00eb, me fokus kryesor trajtimin e traumave dhe patologjive kritike p\u00ebr jet\u00ebn. Ne synojm\u00eb t\u00eb sigurojm\u00eb diagnostifikim t\u00eb shpejt\u00eb dhe trajtim efektiv, bazuar n\u00eb protokollet nd\u00ebrkomb\u00ebtare (A.T.L.S. \u2013 Advanced [&hellip;]<\/p>\n","protected":false},"author":3,"featured_media":0,"parent":0,"menu_order":0,"comment_status":"closed","ping_status":"closed","template":"","meta":{"footnotes":""},"class_list":["post-1008","page","type-page","status-publish","hentry"],"jetpack_sharing_enabled":true,"_links":{"self":[{"href":"https:\/\/sut.gov.al\/index.php\/wp-json\/wp\/v2\/pages\/1008","targetHints":{"allow":["GET"]}}],"collection":[{"href":"https:\/\/sut.gov.al\/index.php\/wp-json\/wp\/v2\/pages"}],"about":[{"href":"https:\/\/sut.gov.al\/index.php\/wp-json\/wp\/v2\/types\/page"}],"author":[{"embeddable":true,"href":"https:\/\/sut.gov.al\/index.php\/wp-json\/wp\/v2\/users\/3"}],"replies":[{"embeddable":true,"href":"https:\/\/sut.gov.al\/index.php\/wp-json\/wp\/v2\/comments?post=1008"}],"version-history":[{"count":13,"href":"https:\/\/sut.gov.al\/index.php\/wp-json\/wp\/v2\/pages\/1008\/revisions"}],"predecessor-version":[{"id":1164,"href":"https:\/\/sut.gov.al\/index.php\/wp-json\/wp\/v2\/pages\/1008\/revisions\/1164"}],"wp:attachment":[{"href":"https:\/\/sut.gov.al\/index.php\/wp-json\/wp\/v2\/media?parent=1008"}],"curies":[{"name":"wp","href":"https:\/\/api.w.org\/{rel}","templated":true}]}}