{"id":1017,"date":"2026-01-14T14:32:49","date_gmt":"2026-01-14T14:32:49","guid":{"rendered":"https:\/\/sut.gov.al\/?page_id=1017"},"modified":"2026-01-16T22:34:21","modified_gmt":"2026-01-16T22:34:21","slug":"sherbimi-universitar-i-ortopedise","status":"publish","type":"page","link":"https:\/\/sut.gov.al\/index.php\/sherbimi-universitar-i-ortopedise\/","title":{"rendered":"SH\u00cbRBIMI UNIVERSITAR I ORTOPEDIS\u00cb"},"content":{"rendered":"\t\t<div data-elementor-type=\"wp-page\" data-elementor-id=\"1017\" class=\"elementor elementor-1017\">\n\t\t\t\t<div class=\"elementor-element elementor-element-12f881f e-flex e-con-boxed e-con e-parent\" data-id=\"12f881f\" data-element_type=\"container\">\n\t\t\t\t\t<div class=\"e-con-inner\">\n\t\t\t\t<div class=\"elementor-element elementor-element-bb1f6ce elementor-widget elementor-widget-text-editor\" data-id=\"bb1f6ce\" data-element_type=\"widget\" data-widget_type=\"text-editor.default\">\n\t\t\t\t<div class=\"elementor-widget-container\">\n\t\t\t\t\t\t\t\t\t<p class=\"MsoNormal\"><span style=\"font-size: 14.0pt; line-height: 115%; font-family: 'Times New Roman',serif;\">Sh\u00ebrbimi Universitar i Ortopedis\u00eb i Spitalit Universitar t\u00eb Traum\u00ebs sh\u00ebrben si nj\u00ebsi baz\u00eb klinike me karakter diagnostiko-kurativ dhe pedagogjiko shkencor, me mision themelor trajtimin e pacient\u00ebve me trauma muskuloskeletike e politraumave. Sh\u00ebrbimi Universitar i Ortopedis\u00eb sh\u00ebrben si qender e nivelit terciar mbar\u00ebkomb\u00ebtar p\u00ebr trajtimin e pacient\u00ebve t\u00eb politraumatizuar.<\/span><\/p>\n<p class=\"MsoNormal\"><span style=\"font-size: 14.0pt; line-height: 115%; font-family: 'Times New Roman',serif;\">Gjithashtu ka si mision paralel trajtimin e pacient\u00ebve m\u00eb s\u00ebmundje dhe lezione t\u00eb ftohta t\u00eb aparatit lokomotor si: anomali t\u00eb lindura apo t\u00eb fituara, s\u00ebmundjet ortopedike pediatrike, onkologjin\u00eb ortopedike dhe rikonstruksionet e pasojave dhe sekelave kirurgjikale t\u00eb trajtimeve t\u00eb m\u00ebparshme n\u00eb nivelet primare dhe sekondare t\u00eb trajtimit.<\/span><\/p>\n<p class=\"MsoNormal\"><span style=\"font-size: 14.0pt; line-height: 115%; font-family: 'Times New Roman',serif;\">Si nj\u00ebsi baz\u00eb pedagogjike sh\u00ebrbimi n\u00eb bashk\u00ebpunim me Universitetin e Mjek\u00ebsis\u00eb p\u00ebrgatit programet m\u00ebsimore praktike dhe teorike p\u00ebr student\u00ebt e Fakultetit t\u00eb Mjek\u00ebsis\u00eb dhe mjek\u00ebt e diplomuar q\u00eb specializohen p\u00ebr kualifikimin pasuniversitar n\u00eb Deg\u00ebn Ortopedi -Traumatologi lokomotore.<\/span><\/p>\n<p class=\"MsoNormal\"><span style=\"font-size: 14.0pt; line-height: 115%; font-family: 'Times New Roman',serif;\">N\u00eb bashk\u00ebpunim e koordinim me sh\u00ebrbimet e tjera t\u00eb SUT siguron sh\u00ebrbim 24 or\u00eb n\u00eb 365 dit\u00eb n\u00eb Urgjenc\u00eb p\u00ebr politraumat, menaxhimin, ndjekjen n\u00eb vijm\u00ebsi dhe trajtimin p\u00ebrfundimatar t\u00eb rasteve t\u00eb pacient\u00ebve t\u00eb politraumatizuar.<\/span><\/p>\n<p class=\"MsoNormal\"><span style=\"font-size: 14.0pt; line-height: 115%; font-family: 'Times New Roman',serif;\">Gjithashtu ka n\u00eb fokus bashk\u00ebpunim me sektorin e konsultave ambulatore, duke ju siguruar sh\u00ebrbim ambulator p\u00ebr rastet me sistem referimi, si n\u00eb nivel lokal e rajonal ashtu dhe p\u00ebr rastet e referuara nga sh\u00ebrbimet ambulatore t\u00eb qendrave sh\u00ebndet\u00ebsore n\u00eb nivel komb\u00ebtar.<\/span><\/p>\n<p class=\"MsoNormal\"><span style=\"font-size: 14.0pt; line-height: 115%; font-family: 'Times New Roman',serif;\">Sh\u00ebrben si pik\u00eb referimi p\u00ebr t\u00eb gjitha rastet e komplikuara t\u00eb traum\u00ebs s\u00eb ftoht\u00eb muskuoskeletike n\u00eb nivel rajonal e nacional dhe merr p\u00ebrgjegj\u00ebsit\u00eb p\u00ebr zgjidhjen e rasteve t\u00eb v\u00ebshtira t\u00eb referuara nga sh\u00ebrbimet e tjera analoge nga t\u00eb gjitha spitalet rajonale e periferike.<\/span><\/p>\n<p class=\"MsoNormal\"><span style=\"font-size: 14.0pt; line-height: 115%; font-family: 'Times New Roman',serif;\">N\u00eb bashk\u00ebpunim me sh\u00ebrbimet e kirurgjis\u00eb, neurokirurgjis\u00eb, kirurgjis\u00eb vaskulare e reanimacionit t\u00eb politraum\u00ebs \u00ebsht\u00eb p\u00ebrgjegj\u00ebs p\u00ebr pritjen dhe trajtimin e rasteve t\u00eb pacient\u00ebve t\u00eb politraumatizuar.<\/span><\/p>\n<p class=\"MsoNormal\"><b><i><span style=\"font-size: 14.0pt; line-height: 115%; font-family: 'Times New Roman',serif;\">Shef Sh\u00ebrbimi<\/span><\/i><\/b><\/p>\n<p class=\"MsoNormal\"><b><i><span style=\"font-size: 14.0pt; line-height: 115%; font-family: 'Times New Roman',serif;\">Prof.Asc. Dr. Vilson Ruci&nbsp;<\/span><\/i><\/b><\/p><p class=\"MsoNormal\"><b style=\"text-wrap-mode: initial;\"><i><span style=\"font-size: 14.0pt; line-height: 115%; font-family: 'Times New Roman',serif;\">Shef Klinike<\/span><\/i><\/b><\/p>\n<p class=\"MsoNormal\"><span style=\"font-size: 14.0pt; line-height: 115%; font-family: 'Times New Roman',serif;\">Dr.Shk. Dritan Todhe&nbsp;<\/span><\/p><p class=\"MsoNormal\"><span style=\"font-size: 14.0pt; line-height: 115%; font-family: 'Times New Roman',serif;\">Dr.Shk. Dritan Distafa&nbsp;<\/span><\/p><p class=\"MsoNormal\"><span style=\"font-size: 14.0pt; line-height: 115%; font-family: 'Times New Roman',serif;\"><b><i>Kryenifermier\/e<\/i><\/b><\/span><\/p>\n<p><\/p>\n<p class=\"MsoNormal\"><span style=\"font-size: 14.0pt; line-height: 115%; font-family: 'Times New Roman',serif;\">Silvana Bardhi-klinika e par\u00eb&nbsp;<\/span><\/p><p class=\"MsoNormal\"><span style=\"font-size: 14.0pt; line-height: 115%; font-family: 'Times New Roman',serif;\">Matilda Musabelli-klinika e dyt\u00eb&nbsp;<\/span><\/p><p class=\"MsoNormal\"><span style=\"font-size: 14.0pt; line-height: 115%; font-family: 'Times New Roman',serif;\">Valbona Xhelilaj-klinika e tret\u00eb<\/span><\/p>\t\t\t\t\t\t\t\t<\/div>\n\t\t\t\t<\/div>\n\t\t\t\t\t<\/div>\n\t\t\t\t<\/div>\n\t\t<div class=\"elementor-element elementor-element-21df668 e-flex e-con-boxed e-con e-parent\" data-id=\"21df668\" data-element_type=\"container\">\n\t\t\t\t\t<div class=\"e-con-inner\">\n\t\t\t\t<div class=\"elementor-element elementor-element-a8b1150 elementor-widget-divider--view-line elementor-widget elementor-widget-divider\" data-id=\"a8b1150\" data-element_type=\"widget\" data-widget_type=\"divider.default\">\n\t\t\t\t<div class=\"elementor-widget-container\">\n\t\t\t\t\t\t\t<div class=\"elementor-divider\">\n\t\t\t<span class=\"elementor-divider-separator\">\n\t\t\t\t\t\t<\/span>\n\t\t<\/div>\n\t\t\t\t\t\t<\/div>\n\t\t\t\t<\/div>\n\t\t\t\t<div class=\"elementor-element elementor-element-8f73951 elementor-widget elementor-widget-rating\" data-id=\"8f73951\" data-element_type=\"widget\" data-widget_type=\"rating.default\">\n\t\t\t\t<div class=\"elementor-widget-container\">\n\t\t\t\t\t\t\t<div class=\"e-rating\" itemtype=\"https:\/\/schema.org\/Rating\" itemscope=\"\" itemprop=\"reviewRating\">\n\t\t\t<meta itemprop=\"worstRating\" content=\"0\">\n\t\t\t<meta itemprop=\"bestRating\" content=\"5\">\n\t\t\t<div class=\"e-rating-wrapper\" itemprop=\"ratingValue\" content=\"5\" role=\"img\" aria-label=\"Rated 5 out of 5\">\n\t\t\t\t\t\t\t<div class=\"e-icon\">\n\t\t\t\t<div class=\"e-icon-wrapper e-icon-marked\">\n\t\t\t\t\t<svg aria-hidden=\"true\" class=\"e-font-icon-svg e-eicon-star\" viewBox=\"0 0 1000 1000\" xmlns=\"http:\/\/www.w3.org\/2000\/svg\"><path d=\"M450 75L338 312 88 350C46 354 25 417 58 450L238 633 196 896C188 942 238 975 275 954L500 837 725 954C767 975 813 942 804 896L763 633 942 450C975 417 954 358 913 350L663 312 550 75C529 33 471 33 450 75Z\"><\/path><\/svg>\t\t\t\t<\/div>\n\t\t\t\t<div class=\"e-icon-wrapper e-icon-unmarked\">\n\t\t\t\t\t<svg aria-hidden=\"true\" class=\"e-font-icon-svg e-eicon-star\" viewBox=\"0 0 1000 1000\" xmlns=\"http:\/\/www.w3.org\/2000\/svg\"><path d=\"M450 75L338 312 88 350C46 354 25 417 58 450L238 633 196 896C188 942 238 975 275 954L500 837 725 954C767 975 813 942 804 896L763 633 942 450C975 417 954 358 913 350L663 312 550 75C529 33 471 33 450 75Z\"><\/path><\/svg>\t\t\t\t<\/div>\n\t\t\t<\/div>\n\t\t\t\t\t\t<div class=\"e-icon\">\n\t\t\t\t<div class=\"e-icon-wrapper e-icon-marked\">\n\t\t\t\t\t<svg aria-hidden=\"true\" class=\"e-font-icon-svg e-eicon-star\" viewBox=\"0 0 1000 1000\" xmlns=\"http:\/\/www.w3.org\/2000\/svg\"><path d=\"M450 75L338 312 88 350C46 354 25 417 58 450L238 633 196 896C188 942 238 975 275 954L500 837 725 954C767 975 813 942 804 896L763 633 942 450C975 417 954 358 913 350L663 312 550 75C529 33 471 33 450 75Z\"><\/path><\/svg>\t\t\t\t<\/div>\n\t\t\t\t<div class=\"e-icon-wrapper e-icon-unmarked\">\n\t\t\t\t\t<svg aria-hidden=\"true\" class=\"e-font-icon-svg e-eicon-star\" viewBox=\"0 0 1000 1000\" xmlns=\"http:\/\/www.w3.org\/2000\/svg\"><path d=\"M450 75L338 312 88 350C46 354 25 417 58 450L238 633 196 896C188 942 238 975 275 954L500 837 725 954C767 975 813 942 804 896L763 633 942 450C975 417 954 358 913 350L663 312 550 75C529 33 471 33 450 75Z\"><\/path><\/svg>\t\t\t\t<\/div>\n\t\t\t<\/div>\n\t\t\t\t\t\t<div class=\"e-icon\">\n\t\t\t\t<div class=\"e-icon-wrapper e-icon-marked\">\n\t\t\t\t\t<svg aria-hidden=\"true\" class=\"e-font-icon-svg e-eicon-star\" viewBox=\"0 0 1000 1000\" xmlns=\"http:\/\/www.w3.org\/2000\/svg\"><path d=\"M450 75L338 312 88 350C46 354 25 417 58 450L238 633 196 896C188 942 238 975 275 954L500 837 725 954C767 975 813 942 804 896L763 633 942 450C975 417 954 358 913 350L663 312 550 75C529 33 471 33 450 75Z\"><\/path><\/svg>\t\t\t\t<\/div>\n\t\t\t\t<div class=\"e-icon-wrapper e-icon-unmarked\">\n\t\t\t\t\t<svg aria-hidden=\"true\" class=\"e-font-icon-svg e-eicon-star\" viewBox=\"0 0 1000 1000\" xmlns=\"http:\/\/www.w3.org\/2000\/svg\"><path d=\"M450 75L338 312 88 350C46 354 25 417 58 450L238 633 196 896C188 942 238 975 275 954L500 837 725 954C767 975 813 942 804 896L763 633 942 450C975 417 954 358 913 350L663 312 550 75C529 33 471 33 450 75Z\"><\/path><\/svg>\t\t\t\t<\/div>\n\t\t\t<\/div>\n\t\t\t\t\t\t<div class=\"e-icon\">\n\t\t\t\t<div class=\"e-icon-wrapper e-icon-marked\">\n\t\t\t\t\t<svg aria-hidden=\"true\" class=\"e-font-icon-svg e-eicon-star\" viewBox=\"0 0 1000 1000\" xmlns=\"http:\/\/www.w3.org\/2000\/svg\"><path d=\"M450 75L338 312 88 350C46 354 25 417 58 450L238 633 196 896C188 942 238 975 275 954L500 837 725 954C767 975 813 942 804 896L763 633 942 450C975 417 954 358 913 350L663 312 550 75C529 33 471 33 450 75Z\"><\/path><\/svg>\t\t\t\t<\/div>\n\t\t\t\t<div class=\"e-icon-wrapper e-icon-unmarked\">\n\t\t\t\t\t<svg aria-hidden=\"true\" class=\"e-font-icon-svg e-eicon-star\" viewBox=\"0 0 1000 1000\" xmlns=\"http:\/\/www.w3.org\/2000\/svg\"><path d=\"M450 75L338 312 88 350C46 354 25 417 58 450L238 633 196 896C188 942 238 975 275 954L500 837 725 954C767 975 813 942 804 896L763 633 942 450C975 417 954 358 913 350L663 312 550 75C529 33 471 33 450 75Z\"><\/path><\/svg>\t\t\t\t<\/div>\n\t\t\t<\/div>\n\t\t\t\t\t\t<div class=\"e-icon\">\n\t\t\t\t<div class=\"e-icon-wrapper e-icon-marked\">\n\t\t\t\t\t<svg aria-hidden=\"true\" class=\"e-font-icon-svg e-eicon-star\" viewBox=\"0 0 1000 1000\" xmlns=\"http:\/\/www.w3.org\/2000\/svg\"><path d=\"M450 75L338 312 88 350C46 354 25 417 58 450L238 633 196 896C188 942 238 975 275 954L500 837 725 954C767 975 813 942 804 896L763 633 942 450C975 417 954 358 913 350L663 312 550 75C529 33 471 33 450 75Z\"><\/path><\/svg>\t\t\t\t<\/div>\n\t\t\t\t<div class=\"e-icon-wrapper e-icon-unmarked\">\n\t\t\t\t\t<svg aria-hidden=\"true\" class=\"e-font-icon-svg e-eicon-star\" viewBox=\"0 0 1000 1000\" xmlns=\"http:\/\/www.w3.org\/2000\/svg\"><path d=\"M450 75L338 312 88 350C46 354 25 417 58 450L238 633 196 896C188 942 238 975 275 954L500 837 725 954C767 975 813 942 804 896L763 633 942 450C975 417 954 358 913 350L663 312 550 75C529 33 471 33 450 75Z\"><\/path><\/svg>\t\t\t\t<\/div>\n\t\t\t<\/div>\n\t\t\t\t\t\t<\/div>\n\t\t<\/div>\n\t\t\t\t\t\t<\/div>\n\t\t\t\t<\/div>\n\t\t\t\t\t<\/div>\n\t\t\t\t<\/div>\n\t\t\t\t<\/div>\n\t\t","protected":false},"excerpt":{"rendered":"<p>Sh\u00ebrbimi Universitar i Ortopedis\u00eb i Spitalit Universitar t\u00eb Traum\u00ebs sh\u00ebrben si nj\u00ebsi baz\u00eb klinike me karakter diagnostiko-kurativ dhe pedagogjiko shkencor, me mision themelor trajtimin e pacient\u00ebve me trauma muskuloskeletike e politraumave. Sh\u00ebrbimi Universitar i Ortopedis\u00eb sh\u00ebrben si qender e nivelit terciar mbar\u00ebkomb\u00ebtar p\u00ebr trajtimin e pacient\u00ebve t\u00eb politraumatizuar. Gjithashtu ka si mision paralel trajtimin e [&hellip;]<\/p>\n","protected":false},"author":3,"featured_media":0,"parent":0,"menu_order":0,"comment_status":"closed","ping_status":"closed","template":"","meta":{"footnotes":""},"class_list":["post-1017","page","type-page","status-publish","hentry"],"jetpack_sharing_enabled":true,"_links":{"self":[{"href":"https:\/\/sut.gov.al\/index.php\/wp-json\/wp\/v2\/pages\/1017","targetHints":{"allow":["GET"]}}],"collection":[{"href":"https:\/\/sut.gov.al\/index.php\/wp-json\/wp\/v2\/pages"}],"about":[{"href":"https:\/\/sut.gov.al\/index.php\/wp-json\/wp\/v2\/types\/page"}],"author":[{"embeddable":true,"href":"https:\/\/sut.gov.al\/index.php\/wp-json\/wp\/v2\/users\/3"}],"replies":[{"embeddable":true,"href":"https:\/\/sut.gov.al\/index.php\/wp-json\/wp\/v2\/comments?post=1017"}],"version-history":[{"count":7,"href":"https:\/\/sut.gov.al\/index.php\/wp-json\/wp\/v2\/pages\/1017\/revisions"}],"predecessor-version":[{"id":1192,"href":"https:\/\/sut.gov.al\/index.php\/wp-json\/wp\/v2\/pages\/1017\/revisions\/1192"}],"wp:attachment":[{"href":"https:\/\/sut.gov.al\/index.php\/wp-json\/wp\/v2\/media?parent=1017"}],"curies":[{"name":"wp","href":"https:\/\/api.w.org\/{rel}","templated":true}]}}