{"id":1049,"date":"2026-01-14T14:44:27","date_gmt":"2026-01-14T14:44:27","guid":{"rendered":"https:\/\/sut.gov.al\/?page_id=1049"},"modified":"2026-01-14T14:45:19","modified_gmt":"2026-01-14T14:45:19","slug":"sherbimi-i-bllokut-operator","status":"publish","type":"page","link":"https:\/\/sut.gov.al\/index.php\/sherbimi-i-bllokut-operator\/","title":{"rendered":"SH\u00cbRBIMI I BLLOKUT OPERATOR"},"content":{"rendered":"\t\t<div data-elementor-type=\"wp-page\" data-elementor-id=\"1049\" class=\"elementor elementor-1049\">\n\t\t\t\t<div class=\"elementor-element elementor-element-822cbd0 e-flex e-con-boxed e-con e-parent\" data-id=\"822cbd0\" data-element_type=\"container\">\n\t\t\t\t\t<div class=\"e-con-inner\">\n\t\t\t\t<div class=\"elementor-element elementor-element-7532853 elementor-widget elementor-widget-text-editor\" data-id=\"7532853\" data-element_type=\"widget\" data-widget_type=\"text-editor.default\">\n\t\t\t\t<div class=\"elementor-widget-container\">\n\t\t\t\t\t\t\t\t\t<div><p style=\"margin-right: 18.05pt; text-align: justify; line-height: 150%;\"><span lang=\"SQ\">Sallat Operatore n\u00eb Spitalin Universitar t\u00eb Traum\u00ebs (SUT) jan\u00eb nj\u00eb komponent ky\u00e7 i struktur\u00ebs kirurgjikale t\u00eb spitalit dhe p\u00ebrfaq\u00ebsojn\u00eb nj\u00eb nd\u00ebr asetet m\u00eb t\u00eb r\u00ebnd\u00ebsishme p\u00ebr ofrimin e kujdesit t\u00eb specializuar kirurgjikal. Ato jan\u00eb projektuar dhe pajisur n\u00eb p\u00ebrputhje me standardet m\u00eb t\u00eb larta bashk\u00ebkohore, duke krijuar nj\u00eb mjedis optimal p\u00ebr nd\u00ebrhyrje kirurgjikale t\u00eb sigurta, efikase dhe me cil\u00ebsi t\u00eb lart\u00eb.<\/span><\/p><p style=\"text-align: justify; line-height: 150%; margin: 10.05pt .25in .0001pt 0in;\"><span lang=\"SQ\">N\u00eb k\u00ebto salla zhvillohen nd\u00ebrhyrje kirurgjikale p\u00ebr pacient\u00ebt e shtruar si nga sh\u00ebrbimi i urgjenc\u00ebs s\u00eb SUT, ashtu edhe p\u00ebr ata t\u00eb pranuar p\u00ebrmes sistemit komb\u00ebtar t\u00eb referimit. T\u00eb gjith\u00eb pacient\u00ebt q\u00eb k\u00ebrkojn\u00eb trajtim kirurgjikal t\u00eb planifikuar p\u00ebrfitojn\u00eb nga nj\u00eb infrastruktur\u00eb e dedikuar, q\u00eb garanton standarde maksimale n\u00eb siguri, sterilitet dhe efikasitet klinik.<\/span><\/p><p style=\"line-height: 222%; margin: 10.0pt 107.05pt .0001pt 0in;\"><b><i><span lang=\"SQ\" style=\"font-size: 12.0pt; mso-bidi-font-size: 11.0pt; line-height: 222%;\">Sallat jan\u00eb t\u00eb pajisura me teknologji t\u00eb gjenerat\u00ebs s\u00eb fundit, p\u00ebrfshir\u00eb: Sisteme moderne t\u00eb monitorimit intraoperativ<\/span><\/i><\/b><\/p><p style=\"margin-right: 209.35pt; line-height: 222%;\"><b><i><span lang=\"SQ\" style=\"font-size: 12.0pt; mso-bidi-font-size: 11.0pt; line-height: 222%;\">Pajisje t\u00eb avancuara p\u00ebr anestezi t\u00eb personalizuar Tavolina kirurgjikale modulare me kontroll elektronik<\/span><\/i><\/b><\/p><p style=\"text-align: justify; line-height: 13.55pt; mso-line-height-rule: exactly;\"><b><i><span lang=\"SQ\" style=\"font-size: 12.0pt; mso-bidi-font-size: 11.0pt;\">Ndri\u00e7im kirurgjikal LED me intensitet t\u00eb lart\u00eb dhe kontroll t\u00eb <span style=\"letter-spacing: -.1pt;\">fokusuar<\/span><\/span><\/i><\/b><\/p><\/div><p style=\"text-align: justify;\"><b><i><span lang=\"SQ\" style=\"font-size: 12.0pt; mso-bidi-font-size: 11.0pt;\">Aparatura t\u00eb integruara p\u00ebr imazheri <span style=\"letter-spacing: -.1pt;\">intraoperative<\/span><\/span><\/i><\/b><\/p><p style=\"text-align: justify;\"><b><i><span lang=\"SQ\" style=\"font-size: 12.0pt; mso-bidi-font-size: 11.0pt;\">Sisteme t\u00eb menaxhimit t\u00eb instrumenteve dhe sterilizimit n\u00eb koh\u00eb <span style=\"letter-spacing: -.1pt;\">reale<\/span><\/span><\/i><\/b><\/p><p style=\"margin-right: 17.95pt; text-align: justify; line-height: 150%;\"><span lang=\"SQ\">Kjo infrastruktur\u00eb u vjen n\u00eb ndihm\u00eb jo vet\u00ebm pacient\u00ebve, p\u00ebr t\u00eb garantuar nj\u00eb trajtim m\u00eb t\u00eb shpejt\u00eb, por edhe ekipeve mjek\u00ebsore, t\u00eb cilat punojn\u00eb n\u00eb kushte optimale p\u00ebr t\u00eb arritur rezultate m\u00eb t\u00eb mira klinike dhe p\u00ebr t\u00eb reduktuar koh\u00ebn e nd\u00ebrhyrjes dhe rikuperimit.<\/span><\/p><p style=\"margin-top: 10.15pt; text-align: justify;\"><b><i><span lang=\"SQ\" style=\"font-size: 12.0pt; mso-bidi-font-size: 11.0pt;\">Ekip mjek\u00ebsor <span style=\"letter-spacing: -.1pt;\">multidisiplinar<\/span><\/span><\/i><\/b><\/p><p style=\"text-align: justify; line-height: 150%; margin: .05pt .25in .0001pt 0in;\"><span lang=\"SQ\">N\u00eb \u00e7do nd\u00ebrhyrje marrin pjes\u00eb ekipe t\u00eb mir\u00ebkoordinuara mjek\u00ebsh kirurg\u00eb, anestezist\u00ebsh dhe personeli infermieror t\u00eb specializuar, q\u00eb sigurojn\u00eb nj\u00eb qasje t\u00eb integruar dhe profesionale. Sallat operatore jan\u00eb funksionale, p\u00ebr t\u00eb garantuar p\u00ebrgjigje t\u00eb menj\u00ebhershme p\u00ebr t\u00eb gjitha rastet e politraum\u00ebs dhe nd\u00ebrhyrjet e tjera t\u00eb nevojshme.<\/span><\/p><p style=\"text-align: justify; line-height: 150%; margin: 9.95pt .25in .0001pt 0in;\"><span lang=\"SQ\">N\u00eb p\u00ebrputhje me vizionin e SUT si qend\u00ebr referimi komb\u00ebtare p\u00ebr traumatologjin\u00eb dhe kirurgjin\u00eb e specializuar, sallat operatore jan\u00eb pjes\u00eb e nj\u00eb sistemi n\u00eb zhvillim t\u00eb vazhduesh\u00ebm, me trajnime t\u00eb rregullta p\u00ebr stafin, p\u00ebrdit\u00ebsim t\u00eb pajisjeve dhe implementim t\u00eb praktikave m\u00eb t\u00eb mira <span style=\"letter-spacing: -.1pt;\">nd\u00ebrkomb\u00ebtare.<\/span><\/span><\/p><p>\u00a0<\/p><p style=\"line-height: 221%; margin: 10.0pt 398.65pt .0001pt 0in;\"><b><i><span lang=\"SQ\" style=\"font-size: 12.0pt; mso-bidi-font-size: 11.0pt; line-height: 221%;\">Shef Sh\u00ebrbime\u00a0<\/span><\/i><\/b><\/p><p style=\"line-height: 221%; margin: 10.0pt 398.65pt .0001pt 0in;\"><b><i><span lang=\"SQ\" style=\"font-size: 12.0pt; mso-bidi-font-size: 11.0pt; line-height: 221%;\">Dr. Alfred CAKE\u00a0<\/span><\/i><\/b><\/p><p style=\"line-height: 221%; margin: 10.0pt 398.65pt .0001pt 0in;\"><b><i><span lang=\"SQ\" style=\"font-size: 12.0pt; mso-bidi-font-size: 11.0pt; line-height: 221%;\"><span style=\"letter-spacing: -.1pt;\">Kryeinfermier\u00a0<\/span><\/span><\/i><\/b><\/p><p style=\"line-height: 221%; margin: 10.0pt 398.65pt .0001pt 0in;\"><span lang=\"SQ\" style=\"font-size: 12.0pt; mso-bidi-font-size: 11.0pt; line-height: 221%;\">Oliver KACIQI<\/span><\/p>\t\t\t\t\t\t\t\t<\/div>\n\t\t\t\t<\/div>\n\t\t\t\t\t<\/div>\n\t\t\t\t<\/div>\n\t\t\t\t<\/div>\n\t\t","protected":false},"excerpt":{"rendered":"<p>Sallat Operatore n\u00eb Spitalin Universitar t\u00eb Traum\u00ebs (SUT) jan\u00eb nj\u00eb komponent ky\u00e7 i struktur\u00ebs kirurgjikale t\u00eb spitalit dhe p\u00ebrfaq\u00ebsojn\u00eb nj\u00eb nd\u00ebr asetet m\u00eb t\u00eb r\u00ebnd\u00ebsishme p\u00ebr ofrimin e kujdesit t\u00eb specializuar kirurgjikal. Ato jan\u00eb projektuar dhe pajisur n\u00eb p\u00ebrputhje me standardet m\u00eb t\u00eb larta bashk\u00ebkohore, duke krijuar nj\u00eb mjedis optimal p\u00ebr nd\u00ebrhyrje kirurgjikale t\u00eb sigurta, [&hellip;]<\/p>\n","protected":false},"author":3,"featured_media":0,"parent":0,"menu_order":0,"comment_status":"closed","ping_status":"closed","template":"","meta":{"footnotes":""},"class_list":["post-1049","page","type-page","status-publish","hentry"],"jetpack_sharing_enabled":true,"_links":{"self":[{"href":"https:\/\/sut.gov.al\/index.php\/wp-json\/wp\/v2\/pages\/1049","targetHints":{"allow":["GET"]}}],"collection":[{"href":"https:\/\/sut.gov.al\/index.php\/wp-json\/wp\/v2\/pages"}],"about":[{"href":"https:\/\/sut.gov.al\/index.php\/wp-json\/wp\/v2\/types\/page"}],"author":[{"embeddable":true,"href":"https:\/\/sut.gov.al\/index.php\/wp-json\/wp\/v2\/users\/3"}],"replies":[{"embeddable":true,"href":"https:\/\/sut.gov.al\/index.php\/wp-json\/wp\/v2\/comments?post=1049"}],"version-history":[{"count":4,"href":"https:\/\/sut.gov.al\/index.php\/wp-json\/wp\/v2\/pages\/1049\/revisions"}],"predecessor-version":[{"id":1053,"href":"https:\/\/sut.gov.al\/index.php\/wp-json\/wp\/v2\/pages\/1049\/revisions\/1053"}],"wp:attachment":[{"href":"https:\/\/sut.gov.al\/index.php\/wp-json\/wp\/v2\/media?parent=1049"}],"curies":[{"name":"wp","href":"https:\/\/api.w.org\/{rel}","templated":true}]}}