{"id":1056,"date":"2026-01-14T14:46:25","date_gmt":"2026-01-14T14:46:25","guid":{"rendered":"https:\/\/sut.gov.al\/?page_id=1056"},"modified":"2026-01-16T22:35:57","modified_gmt":"2026-01-16T22:35:57","slug":"sherbimi-i-anestezi-reanimacionit-mihal-kerci","status":"publish","type":"page","link":"https:\/\/sut.gov.al\/index.php\/sherbimi-i-anestezi-reanimacionit-mihal-kerci\/","title":{"rendered":"SH\u00cbRBIMI I ANESTEZI-REANIMACIONIT \u201cMIHAL K\u00cbR\u00c7I\u201d"},"content":{"rendered":"\t\t<div data-elementor-type=\"wp-page\" data-elementor-id=\"1056\" class=\"elementor elementor-1056\">\n\t\t\t\t<div class=\"elementor-element elementor-element-0cc9a5a e-con-full e-flex e-con e-parent\" data-id=\"0cc9a5a\" data-element_type=\"container\">\n\t\t\t\t<div class=\"elementor-element elementor-element-86ffa6e elementor-widget elementor-widget-text-editor\" data-id=\"86ffa6e\" data-element_type=\"widget\" data-widget_type=\"text-editor.default\">\n\t\t\t\t<div class=\"elementor-widget-container\">\n\t\t\t\t\t\t\t\t\t<div>\n<p style=\"margin-right: 18.25pt; text-align: justify; line-height: 150%;\"><span lang=\"SQ\">Sh\u00ebrbimi i Anestezi-Reanimacionit n\u00eb Spitalin Universitar t\u00eb Traum\u00ebs (SUT) p\u00ebrb\u00ebn nj\u00eb nj\u00ebsi t\u00eb specializuar dhe t\u00eb domosdoshme n\u00eb struktur\u00ebn klinike t\u00eb spitalit, me mision t\u00eb qart\u00eb kurativ, arsimor dhe k\u00ebrkimor-shkencor.<\/span><\/p>\n<p style=\"text-align: justify; line-height: 150%; margin: 10.15pt .25in .0001pt 0in;\"><span lang=\"SQ\">Ky sh\u00ebrbim luan nj\u00eb rol thelb\u00ebsor n\u00eb trajtimin e pacient\u00ebve t\u00eb traumatizuar dhe politraumatizuar q\u00eb k\u00ebrkojn\u00eb kujdes intensiv, si dhe n\u00eb ofrimin e anestezis\u00eb dhe menaxhimit t\u00eb dhimbjes p\u00ebr t\u00eb gjith\u00eb pacient\u00ebt q\u00eb i n\u00ebnshtrohen nd\u00ebrhyrjeve kirurgjikale. Veprimtaria e tij \u00ebsht\u00eb pjes\u00eb integrale e misionit t\u00eb SUT si qend\u00ebr referimi e nivelit terciar n\u00eb rang komb\u00ebtar p\u00ebr trajtimin e politraum\u00ebs.<\/span><\/p>\n<p style=\"text-align: justify; line-height: 150%; margin: 10.0pt 18.15pt .0001pt 0in;\"><span lang=\"SQ\">Sh\u00ebrbimi funksionon n\u00eb m\u00ebnyr\u00eb t\u00eb pand\u00ebrprer\u00eb, 24 or\u00eb n\u00eb dit\u00eb, 365 dit\u00eb n\u00eb vit, n\u00eb bashk\u00ebpunim t\u00eb ngusht\u00eb me t\u00eb gjitha sh\u00ebrbimet e tjera t\u00eb spitalit p\u00ebr t\u00eb siguruar pritjen, vler\u00ebsimin dhe trajtimin emergjent t\u00eb pacient\u00ebve n\u00eb gjendje kritike.<\/span><\/p>\n<p style=\"text-align: justify; line-height: 150%; margin: 9.95pt 17.85pt .0001pt 0in;\"><span lang=\"SQ\">P\u00ebrmes nj\u00eb bashk\u00ebpunimi multidisiplinar me sh\u00ebrbimet e Kirurgjis\u00eb s\u00eb P\u00ebrgjithshme, Neurokirurgjis\u00eb, Kirurgjis\u00eb Vaskulare, Ortopedis\u00eb, ORL-s\u00eb, Kirurgjis\u00eb Maksilofaciale, Okulistik\u00ebs, Kardiologjis\u00eb, Pneumologjis\u00eb dhe Neurologjis\u00eb, sh\u00ebrbimi garanton nj\u00eb qasje t\u00eb koordinuar dhe efektive ndaj \u00e7do rasti klinik q\u00eb k\u00ebrkon nd\u00ebrhyrje t\u00eb menj\u00ebhershme dhe trajtim <span style=\"letter-spacing: -.1pt;\">kompleks.<\/span><\/span><\/p>\n<p style=\"text-align: justify; line-height: 222%; margin: 10.05pt 49.6pt .0001pt 0in;\"><span lang=\"SQ\">Ky sh\u00ebrbim \u00ebsht\u00eb i angazhuar edhe n\u00eb p\u00ebrgatitjen profesionale t\u00eb mjek\u00ebve rezident\u00eb dhe n\u00eb zhvillimin e vazhduesh\u00ebm t\u00eb praktikave klinike bashk\u00ebkohore,&nbsp;<\/span><span style=\"text-wrap-mode: initial;\">p\u00ebrputhje me standardet m\u00eb t\u00eb larta mjek\u00ebsore dhe <\/span><span style=\"text-wrap-mode: initial; letter-spacing: -0.1pt;\">etike.<\/span><\/p>\n<\/div>\n<p style=\"line-height: 221%; margin: .05pt 398.65pt .0001pt 0in;\"><b><i><span lang=\"SQ\" style=\"font-size: 12.0pt; mso-bidi-font-size: 11.0pt; line-height: 221%;\">Shef Sh\u00ebrbimi&nbsp;<\/span><\/i><\/b><\/p>\n<p style=\"line-height: 221%; margin: .05pt 398.65pt .0001pt 0in;\"><b><i><span lang=\"SQ\" style=\"font-size: 12.0pt; mso-bidi-font-size: 11.0pt; line-height: 221%;\">Dr. Ervin SULAJ&nbsp;<\/span><\/i><\/b><\/p>\n<p style=\"line-height: 221%; margin: .05pt 398.65pt .0001pt 0in;\"><b><i><span lang=\"SQ\" style=\"font-size: 12.0pt; mso-bidi-font-size: 11.0pt; line-height: 221%;\"><span style=\"letter-spacing: -.1pt;\">Kryeinfermier\/e&nbsp;<\/span><\/span><\/i><\/b><\/p>\n<p style=\"line-height: 221%; margin: .05pt 398.65pt .0001pt 0in;\"><span lang=\"SQ\" style=\"font-size: 12.0pt; mso-bidi-font-size: 11.0pt; line-height: 221%;\">Danjela BEGAJ<\/span><\/p>\n<p style=\"line-height: 221%; margin: .05pt 398.65pt .0001pt 0in;\"><span lang=\"SQ\" style=\"font-size: 12.0pt; mso-bidi-font-size: 11.0pt; line-height: 221%;\">&nbsp;<\/span><\/p>\n<p style=\"margin-top: .25pt;\"><b><i><span lang=\"SQ\" style=\"font-size: 12.0pt; mso-bidi-font-size: 11.0pt;\">Ekipi mjek\u00ebsor i <span style=\"letter-spacing: -.1pt;\">sh\u00ebrbimit<\/span><\/span><\/i><\/b><\/p>\n<p style=\"margin-top: .05pt;\"><span lang=\"SQ\">Dr. Servina<span style=\"letter-spacing: -.1pt;\"> Plaka<\/span><\/span><\/p>\n<p style=\"margin-right: 375.55pt; text-align: justify; line-height: 222%;\"><span lang=\"SQ\">Dr. Shk. Bardhyl Kurti&nbsp;<\/span><\/p>\n<p style=\"margin-right: 375.55pt; text-align: justify; line-height: 222%;\"><span lang=\"SQ\">Dr. Shk. Dritan Muzha&nbsp;<\/span><\/p>\n<p style=\"margin-right: 375.55pt; text-align: justify; line-height: 222%;\"><span lang=\"SQ\">Dr. Alban Greca<\/span><\/p>\n<p style=\"margin-right: 395.9pt; line-height: 222%;\"><span lang=\"SQ\">Dr. Apostol Vaso&nbsp;<\/span><\/p>\n<p style=\"margin-right: 395.9pt; line-height: 222%;\"><span lang=\"SQ\">Dr. Ervin Sulaj<span style=\"letter-spacing: 2.0pt;\">&nbsp;<\/span><\/span><\/p>\n<p style=\"margin-right: 395.9pt; line-height: 222%;\"><span lang=\"SQ\">Dr. Silvana Leka&nbsp;<\/span><\/p>\n<p style=\"margin-right: 395.9pt; line-height: 222%;\"><span lang=\"SQ\">Dr. Blerina Gogu&nbsp;<\/span><\/p>\n<p style=\"margin-right: 395.9pt; line-height: 222%;\"><span lang=\"SQ\">Dr. Anisa Ramaliu&nbsp;<\/span><\/p>\n<p style=\"margin-right: 395.9pt; line-height: 222%;\"><span lang=\"SQ\">Dr. Altin \u00c7u\u00e7i<\/span><\/p>\n<p style=\"margin-right: 399.65pt; line-height: 222%;\"><span lang=\"SQ\">Dr. Ornela Lila&nbsp;<\/span><\/p>\n<p style=\"margin-right: 399.65pt; line-height: 222%;\"><span lang=\"SQ\">Dr. Artur Mezini&nbsp;<\/span><\/p>\n<p style=\"margin-right: 399.65pt; line-height: 222%;\"><span lang=\"SQ\">Dr. Elona Re\u00e7i&nbsp;<\/span><\/p>\n<p style=\"margin-right: 399.65pt; line-height: 222%;\"><span lang=\"SQ\">Dr. Ardit Kuqi<\/span><\/p>\t\t\t\t\t\t\t\t<\/div>\n\t\t\t\t<\/div>\n\t\t\t\t<\/div>\n\t\t\t\t<\/div>\n\t\t","protected":false},"excerpt":{"rendered":"<p>Sh\u00ebrbimi i Anestezi-Reanimacionit n\u00eb Spitalin Universitar t\u00eb Traum\u00ebs (SUT) p\u00ebrb\u00ebn nj\u00eb nj\u00ebsi t\u00eb specializuar dhe t\u00eb domosdoshme n\u00eb struktur\u00ebn klinike t\u00eb spitalit, me mision t\u00eb qart\u00eb kurativ, arsimor dhe k\u00ebrkimor-shkencor. Ky sh\u00ebrbim luan nj\u00eb rol thelb\u00ebsor n\u00eb trajtimin e pacient\u00ebve t\u00eb traumatizuar dhe politraumatizuar q\u00eb k\u00ebrkojn\u00eb kujdes intensiv, si dhe n\u00eb ofrimin e anestezis\u00eb dhe [&hellip;]<\/p>\n","protected":false},"author":3,"featured_media":0,"parent":0,"menu_order":0,"comment_status":"closed","ping_status":"closed","template":"","meta":{"footnotes":""},"class_list":["post-1056","page","type-page","status-publish","hentry"],"jetpack_sharing_enabled":true,"_links":{"self":[{"href":"https:\/\/sut.gov.al\/index.php\/wp-json\/wp\/v2\/pages\/1056","targetHints":{"allow":["GET"]}}],"collection":[{"href":"https:\/\/sut.gov.al\/index.php\/wp-json\/wp\/v2\/pages"}],"about":[{"href":"https:\/\/sut.gov.al\/index.php\/wp-json\/wp\/v2\/types\/page"}],"author":[{"embeddable":true,"href":"https:\/\/sut.gov.al\/index.php\/wp-json\/wp\/v2\/users\/3"}],"replies":[{"embeddable":true,"href":"https:\/\/sut.gov.al\/index.php\/wp-json\/wp\/v2\/comments?post=1056"}],"version-history":[{"count":10,"href":"https:\/\/sut.gov.al\/index.php\/wp-json\/wp\/v2\/pages\/1056\/revisions"}],"predecessor-version":[{"id":1195,"href":"https:\/\/sut.gov.al\/index.php\/wp-json\/wp\/v2\/pages\/1056\/revisions\/1195"}],"wp:attachment":[{"href":"https:\/\/sut.gov.al\/index.php\/wp-json\/wp\/v2\/media?parent=1056"}],"curies":[{"name":"wp","href":"https:\/\/api.w.org\/{rel}","templated":true}]}}