{"id":1066,"date":"2026-01-15T00:21:10","date_gmt":"2026-01-15T00:21:10","guid":{"rendered":"https:\/\/sut.gov.al\/?page_id=1066"},"modified":"2026-01-15T00:22:30","modified_gmt":"2026-01-15T00:22:30","slug":"sherbimi-i-semundjeve-te-brendshme","status":"publish","type":"page","link":"https:\/\/sut.gov.al\/index.php\/sherbimi-i-semundjeve-te-brendshme\/","title":{"rendered":"SH\u00cbRBIMI I S\u00cbMUNDJEVE T\u00cb BRENDSHME"},"content":{"rendered":"\t\t<div data-elementor-type=\"wp-page\" data-elementor-id=\"1066\" class=\"elementor elementor-1066\">\n\t\t\t\t<div class=\"elementor-element elementor-element-75b16df e-con-full e-flex e-con e-parent\" data-id=\"75b16df\" data-element_type=\"container\">\n\t\t\t\t<div class=\"elementor-element elementor-element-ca40bdc elementor-widget__width-initial elementor-widget elementor-widget-text-editor\" data-id=\"ca40bdc\" data-element_type=\"widget\" data-widget_type=\"text-editor.default\">\n\t\t\t\t<div class=\"elementor-widget-container\">\n\t\t\t\t\t\t\t\t\t<p>Sh\u00ebrbimi i S\u00ebmundjeve t\u00eb Brendshme \u00ebsht\u00eb pjes\u00eb e Spitalit Universitar t\u00eb Traum\u00ebs (SUT) dhe funksionon si nj\u00eb struktur\u00eb e tij brenda institucionit sh\u00ebndet\u00ebsor publik komb\u00ebtar, me mision n\u00eb mjekim, m\u00ebsimdh\u00ebnie dhe k\u00ebrkim shkencor.<\/p>\n<p>Ky sh\u00ebrbim \u00ebsht\u00eb pjes\u00eb e rrjetit t\u00eb integruar t\u00eb sh\u00ebrbimit spitalor dhe ofron ndihm\u00eb t\u00eb specializuar n\u00eb trajtimin e politraum\u00ebs n\u00eb nivel komb\u00ebtar.<\/p>\n<p>Synimi kryesor \u00ebsht\u00eb diagnostikimi dhe trajtimi spitalor e ambulator i pacient\u00ebve me patologji gastrointestinale, endokrine, hematologjike, neurologjike, infektive, pnumoftiziatrike, alergologjike, rheumatologjike, dermatologjike, nefrologjike, kardiake dhe psikiatrike.<\/p>\n<p>N\u00eb bashk\u00ebpunim dhe koordinim me sh\u00ebrbimet e tjera t\u00eb SUT, sigurohet sh\u00ebrbim 24 or\u00eb n\u00eb dit\u00eb, 365 dit\u00eb n\u00eb vit, p\u00ebr pritjen, menaxhimin dhe trajtimin p\u00ebrfundimtar t\u00eb pacient\u00ebve me s\u00ebmundje t\u00eb brendshme.<\/p>\n<p>Gjithashtu, n\u00eb bashk\u00ebpunim me sektorin e konsultave ambulatore, ofrohet sh\u00ebrbim p\u00ebr rastet e referuara nga sistemi sh\u00ebndet\u00ebsor i referimit, si n\u00eb nivel lokal dhe rajonal, ashtu edhe p\u00ebr rastet e referuara nga qendrat sh\u00ebndet\u00ebsore n\u00eb nivel komb\u00ebtar.<\/p>\n<p>N\u00eb bashk\u00ebpunim me sh\u00ebrbimet e kirurgjis\u00eb, neurokirurgjis\u00eb, kirurgjis\u00eb vaskulare dhe reanimacionit t\u00eb politraum\u00ebs, sh\u00ebrbimi \u00ebsht\u00eb p\u00ebrgjegj\u00ebs p\u00ebr pritjen dhe trajtimin e pacient\u00ebve me s\u00ebmundje t\u00eb brendshme.<\/p><p><strong><em>OBJEKTIVAT<\/em><\/strong><\/p>\n<p>Sigurimi i ndihm\u00ebs mjek\u00ebsore t\u00eb specializuar p\u00ebr pacient\u00ebt e paraqitur sipas sistemit t\u00eb referimit, p\u00ebr pacient\u00ebt e traumatizuar dhe p\u00ebr ata t\u00eb shtruar n\u00eb SUT me probleme t\u00eb mjek\u00ebsis\u00eb interne.<\/p>\n<p>Ofrimi i sh\u00ebrbimit sh\u00ebndet\u00ebsor p\u00ebr ushtarak\u00ebt aktiv\u00eb, n\u00eb rezerv\u00eb dhe n\u00eb pension t\u00eb Forcave t\u00eb Armatosura. Pjes\u00ebmarrja n\u00eb komisionet mjek\u00ebsore t\u00eb specializuara, t\u00eb p\u00ebrcaktuara n\u00eb \u201cRregulloren e vler\u00ebsimit t\u00eb aft\u00ebsive fizike e sh\u00ebndet\u00ebsore t\u00eb shtetasit dhe ushtarakut t\u00eb FA\u201d, p\u00ebr: kandidat\u00ebt n\u00eb shkollat ushtarake, oficer\u00ebt, n\u00ebnoficer\u00ebt, ushtar\u00ebt profesionist\u00eb t\u00eb FA, kontingjentet q\u00eb marrin pjes\u00eb n\u00eb misione jasht\u00eb vendit.<\/p>\n<p>Sh\u00ebrbimi si baz\u00eb pedagogjike p\u00ebr formimin e student\u00ebve t\u00eb mjek\u00ebsis\u00eb dhe mjek\u00ebve specializant\u00eb.<\/p>\n<p>Koordinimi i edukimit t\u00eb vazhduesh\u00ebm p\u00ebr mjek\u00ebt dhe personelin tjet\u00ebr sh\u00ebndet\u00ebsor q\u00eb mbulon sh\u00ebrbimi.<\/p>\n<p>Trajtimi i popullat\u00ebs civile p\u00ebr patologji t\u00eb ve\u00e7anta, me interes klinik dhe terapeutik, sipas udh\u00ebzimeve t\u00eb Ministris\u00eb s\u00eb Sh\u00ebndet\u00ebsis\u00eb, ISKSH-s\u00eb dhe n\u00eb p\u00ebrputhje me udh\u00ebzimet e Ministrit t\u00eb Mbrojtjes.<\/p>\n<p><strong><em>Shef Sh\u00ebrbimi<\/em><\/strong><\/p>\n<p><strong><em>Dr. Fatos JAHO<\/em><\/strong><\/p>\n<p>Eglantina DAUTI- <strong><em>kryeinfermiere SB klinika 1<\/em><\/strong><\/p>\n<p><strong><em>Dr. Grisilda GJANA- shefe sh\u00ebrbimi SB klinika 2, mjeke nefrologe<\/em><\/strong><\/p>\n<p>Suzana CAKONI-<strong><em>kryeinfermiere SB klinika 2<\/em><\/strong>&nbsp;&nbsp;&nbsp;&nbsp;&nbsp;&nbsp;&nbsp;&nbsp;&nbsp;&nbsp;&nbsp;&nbsp;&nbsp;&nbsp;&nbsp;&nbsp;&nbsp;&nbsp;&nbsp;&nbsp;&nbsp;&nbsp;&nbsp;&nbsp;&nbsp;<\/p>\n<p><em>Emrat e mjek\u00ebve sipas specialiteteve dhe te ndara sipas sherbimeve, mos vendos tituj ushtarak.<\/em><\/p>\t\t\t\t\t\t\t\t<\/div>\n\t\t\t\t<\/div>\n\t\t\t\t<\/div>\n\t\t\t\t<\/div>\n\t\t","protected":false},"excerpt":{"rendered":"<p>Sh\u00ebrbimi i S\u00ebmundjeve t\u00eb Brendshme \u00ebsht\u00eb pjes\u00eb e Spitalit Universitar t\u00eb Traum\u00ebs (SUT) dhe funksionon si nj\u00eb struktur\u00eb e tij brenda institucionit sh\u00ebndet\u00ebsor publik komb\u00ebtar, me mision n\u00eb mjekim, m\u00ebsimdh\u00ebnie dhe k\u00ebrkim shkencor. Ky sh\u00ebrbim \u00ebsht\u00eb pjes\u00eb e rrjetit t\u00eb integruar t\u00eb sh\u00ebrbimit spitalor dhe ofron ndihm\u00eb t\u00eb specializuar n\u00eb trajtimin e politraum\u00ebs n\u00eb nivel [&hellip;]<\/p>\n","protected":false},"author":3,"featured_media":0,"parent":0,"menu_order":0,"comment_status":"closed","ping_status":"closed","template":"","meta":{"footnotes":""},"class_list":["post-1066","page","type-page","status-publish","hentry"],"jetpack_sharing_enabled":true,"_links":{"self":[{"href":"https:\/\/sut.gov.al\/index.php\/wp-json\/wp\/v2\/pages\/1066","targetHints":{"allow":["GET"]}}],"collection":[{"href":"https:\/\/sut.gov.al\/index.php\/wp-json\/wp\/v2\/pages"}],"about":[{"href":"https:\/\/sut.gov.al\/index.php\/wp-json\/wp\/v2\/types\/page"}],"author":[{"embeddable":true,"href":"https:\/\/sut.gov.al\/index.php\/wp-json\/wp\/v2\/users\/3"}],"replies":[{"embeddable":true,"href":"https:\/\/sut.gov.al\/index.php\/wp-json\/wp\/v2\/comments?post=1066"}],"version-history":[{"count":4,"href":"https:\/\/sut.gov.al\/index.php\/wp-json\/wp\/v2\/pages\/1066\/revisions"}],"predecessor-version":[{"id":1070,"href":"https:\/\/sut.gov.al\/index.php\/wp-json\/wp\/v2\/pages\/1066\/revisions\/1070"}],"wp:attachment":[{"href":"https:\/\/sut.gov.al\/index.php\/wp-json\/wp\/v2\/media?parent=1066"}],"curies":[{"name":"wp","href":"https:\/\/api.w.org\/{rel}","templated":true}]}}