{"id":1072,"date":"2026-01-15T00:45:45","date_gmt":"2026-01-15T00:45:45","guid":{"rendered":"https:\/\/sut.gov.al\/?page_id=1072"},"modified":"2026-01-15T00:46:33","modified_gmt":"2026-01-15T00:46:33","slug":"sherbimi-i-imazherise","status":"publish","type":"page","link":"https:\/\/sut.gov.al\/index.php\/sherbimi-i-imazherise\/","title":{"rendered":"SH\u00cbRBIMI I IMAZHERIS\u00cb"},"content":{"rendered":"\t\t<div data-elementor-type=\"wp-page\" data-elementor-id=\"1072\" class=\"elementor elementor-1072\">\n\t\t\t\t<div class=\"elementor-element elementor-element-3ad85cc e-flex e-con-boxed e-con e-parent\" data-id=\"3ad85cc\" data-element_type=\"container\">\n\t\t\t\t\t<div class=\"e-con-inner\">\n\t\t\t\t<div class=\"elementor-element elementor-element-e64234a elementor-widget elementor-widget-text-editor\" data-id=\"e64234a\" data-element_type=\"widget\" data-widget_type=\"text-editor.default\">\n\t\t\t\t<div class=\"elementor-widget-container\">\n\t\t\t\t\t\t\t\t\t<p>Sh\u00ebrbimi i Imazheris\u00eb n\u00eb Spitalin Universitar t\u00eb Traum\u00ebs \u00ebsht\u00eb nj\u00eb nga hallkat m\u00eb t\u00eb r\u00ebnd\u00ebsishme t\u00eb struktur\u00ebs spitalore, q\u00eb ofron mb\u00ebshtetje t\u00eb pand\u00ebrprer\u00eb p\u00ebr diagnostikimin dhe trajtimin e pacient\u00ebve n\u00eb gjendje t\u00eb r\u00ebnd\u00eb, duke p\u00ebrdorur teknologjin\u00eb m\u00eb t\u00eb avancuar p\u00ebr t\u00eb mb\u00ebshtetur diagnostikimin dhe trajtimin e pacient\u00ebve, me focus t\u00eb ve\u00e7ant\u00eb tek ata q\u00eb paraqesin trauma t\u00eb ndryshme.<\/p><p>Ky sh\u00ebrbim funksionon n\u00eb m\u00ebnyr\u00eb t\u00eb vazhdueshme, 24 or\u00eb n\u00eb dit\u00eb, 7 dit\u00eb n\u00eb jav\u00eb, dhe \u00ebsht\u00eb n\u00eb dispozicion t\u00eb pacient\u00ebve n\u00eb rang vendi, duke e b\u00ebr\u00eb SUT-n\u00eb nj\u00eb pike referimi komb\u00ebtar n\u00eb fush\u00ebn e imazheris\u00eb diagnostikuese p\u00ebr rastet e urgjenc\u00ebs dhe traumatologjis\u00eb.<\/p><p>Me nj\u00eb staf t\u00eb specializuar dhe aparatura t\u00eb teknologjis\u00eb m\u00eb t\u00eb fundit, Sh\u00ebrbimi I Imazheris\u00eb garanton:<\/p><p><em>Kryerjen e ekzaminimeve radiologjike n\u00eb koh\u00eb reale<\/em><\/p><p><em>Mb\u00ebshtetje t\u00eb menj\u00ebhershme p\u00ebr ekipet e urgjenc\u00ebs dhe mjek\u00ebsis\u00eb intensive<\/em><\/p><p><em>Cil\u00ebsi t\u00eb lart\u00eb dhe sakt\u00ebsi maksimale n\u00eb p\u00ebrpunimin e t\u00eb dh\u00ebnave imazherike<\/em><\/p><p>Ky sh\u00ebrbim luan nj\u00eb rol ky\u00e7 n\u00eb ofrimin e kujdesit terciar spitalor, si dhe n\u00eb realizimin e objektivave komb\u00ebtare p\u00ebr p\u00ebrmir\u00ebsimin e sistemitt\u00eb sh\u00ebndet\u00ebsis\u00eb.<\/p><p><strong>Detyrat dhe Objektivat<\/strong><\/p><p>Sh\u00ebrbimi i Imazheris\u00eb \u00ebsht\u00eb nj\u00eb nj\u00ebsi e specializuar brenda SUT-s\u00eb, q\u00eb mb\u00ebshtet Drejtorin\u00eb e Spitalit n\u00eb:<\/p><p><em>Zbatimin e programit komb\u00ebtar t\u00eb sh\u00ebndet\u00ebsis\u00eb<\/em><\/p><p><em>Realizimin e detyrave institucionale dhe universitare<\/em><\/p><p><em>Ofrimin e asistenc\u00ebs mjek\u00ebsore, m\u00ebsimdh\u00ebnies dhe k\u00ebrkimit shkencor<\/em><\/p><p><strong><em><br \/>Objektivat kryesore p\u00ebrfshijn\u00eb:<\/em><\/strong><\/p><p><strong><em>P\u00ebrmir\u00ebsimin e proceseve diagnostikuese n\u00eb aspektin klinik dhe organizativ<\/em><\/strong><\/p><p><strong><em>Ofrimin e sh\u00ebrbimeve t\u00eb imazheris\u00eb p\u00ebr pacient\u00ebt e shtruar dhe ambulator\u00eb, n\u00eb m\u00ebnyr\u00eb t\u00eb vazhdueshme dhe t\u00eb aksesueshme p\u00ebr t\u00eb gjith\u00eb<\/em><\/strong><\/p><p><strong><em>Parimet dhe Qasja Profesionale<\/em><\/strong><\/p><p><strong><em>Sh\u00ebrbimi mb\u00ebshtet nj\u00eb model bashk\u00ebkohor dhe t\u00eb integruar t\u00eb kujdesit, duke promovuar:<\/em><\/strong><\/p><p><strong><em>Diagnostikim t\u00eb sakt\u00eb dhe n\u00eb koh\u00eb<\/em><\/strong><\/p><p><strong><em>P\u00ebrdorim efikas t\u00eb burimeve njer\u00ebzore dhe teknologjike<\/em><\/strong><\/p><p><strong><em>Edukim t\u00eb vazhduesh\u00ebm t\u00eb personelit mjek\u00ebsor<\/em><\/strong><\/p><p><strong><em>Inovacion dhe k\u00ebrkim shkencor n\u00eb fush\u00ebn e imazheris\u00eb<\/em><\/strong><\/p><p><strong><em>Infrastruktur\u00eb Moderne dhe Teknologji t\u00eb Avancuar<\/em><\/strong><\/p><p><strong><em>I pajisur me aparatura t\u00eb teknologjis\u00eb s\u00eb fundit, Sh\u00ebrbimi i Imazheris\u00eb mund\u00ebson:<\/em><\/strong><\/p><p><strong><em>Ekzaminime t\u00eb nd\u00ebrlikuara dhe t\u00eb urgjenc\u00ebs n\u00eb \u00e7do moment<\/em><\/strong><\/p><p><strong><em>Monitorimin dhe ndjekjen e problematikave t\u00eb lidhura me traum\u00ebn<\/em><\/strong><\/p><p><strong><em>Sh\u00ebrbim t\u00eb menj\u00ebhersh\u00ebm dhe t\u00eb besuesh\u00ebm n\u00eb \u00e7do or\u00eb t\u00eb dit\u00ebs dhe nat\u00ebs<\/em><\/strong><\/p><p><strong><em><br \/>Shef Sh\u00ebrbimi<\/em><\/strong><\/p><p><strong><em>Dr.Shk. Vidi DEMKO<\/em><\/strong><\/p><p><strong><em>Kryeteknik Imazherie<\/em><\/strong><\/p><p>Theodhor XHILLARI<\/p><p><strong><em>Ekipi mjek\u00ebve imazherist\u00eb<\/em><\/strong><\/p><p>Dr. Najada Jahiqi<\/p><p><br \/>Dr. Besmir Bulku<\/p><p>Dr. Admir Mustafa<\/p><p>Dr. Artan Gjika<\/p><p>Dr. Enkela Xhori<\/p><p>Dr. Bardhyl Veizaj<\/p><p>Dr. Marsid Kuqi<\/p><p>Dr. Hysni Dida<\/p><p>Dr. Rudina Delialliasi<\/p><p>Dr.Ervin Gjoni<\/p>\t\t\t\t\t\t\t\t<\/div>\n\t\t\t\t<\/div>\n\t\t\t\t\t<\/div>\n\t\t\t\t<\/div>\n\t\t\t\t<\/div>\n\t\t","protected":false},"excerpt":{"rendered":"<p>Sh\u00ebrbimi i Imazheris\u00eb n\u00eb Spitalin Universitar t\u00eb Traum\u00ebs \u00ebsht\u00eb nj\u00eb nga hallkat m\u00eb t\u00eb r\u00ebnd\u00ebsishme t\u00eb struktur\u00ebs spitalore, q\u00eb ofron mb\u00ebshtetje t\u00eb pand\u00ebrprer\u00eb p\u00ebr diagnostikimin dhe trajtimin e pacient\u00ebve n\u00eb gjendje t\u00eb r\u00ebnd\u00eb, duke p\u00ebrdorur teknologjin\u00eb m\u00eb t\u00eb avancuar p\u00ebr t\u00eb mb\u00ebshtetur diagnostikimin dhe trajtimin e pacient\u00ebve, me focus t\u00eb ve\u00e7ant\u00eb tek ata q\u00eb paraqesin [&hellip;]<\/p>\n","protected":false},"author":3,"featured_media":0,"parent":0,"menu_order":0,"comment_status":"closed","ping_status":"closed","template":"","meta":{"footnotes":""},"class_list":["post-1072","page","type-page","status-publish","hentry"],"jetpack_sharing_enabled":true,"_links":{"self":[{"href":"https:\/\/sut.gov.al\/index.php\/wp-json\/wp\/v2\/pages\/1072","targetHints":{"allow":["GET"]}}],"collection":[{"href":"https:\/\/sut.gov.al\/index.php\/wp-json\/wp\/v2\/pages"}],"about":[{"href":"https:\/\/sut.gov.al\/index.php\/wp-json\/wp\/v2\/types\/page"}],"author":[{"embeddable":true,"href":"https:\/\/sut.gov.al\/index.php\/wp-json\/wp\/v2\/users\/3"}],"replies":[{"embeddable":true,"href":"https:\/\/sut.gov.al\/index.php\/wp-json\/wp\/v2\/comments?post=1072"}],"version-history":[{"count":4,"href":"https:\/\/sut.gov.al\/index.php\/wp-json\/wp\/v2\/pages\/1072\/revisions"}],"predecessor-version":[{"id":1076,"href":"https:\/\/sut.gov.al\/index.php\/wp-json\/wp\/v2\/pages\/1072\/revisions\/1076"}],"wp:attachment":[{"href":"https:\/\/sut.gov.al\/index.php\/wp-json\/wp\/v2\/media?parent=1072"}],"curies":[{"name":"wp","href":"https:\/\/api.w.org\/{rel}","templated":true}]}}