{"id":1077,"date":"2026-01-15T00:47:07","date_gmt":"2026-01-15T00:47:07","guid":{"rendered":"https:\/\/sut.gov.al\/?page_id=1077"},"modified":"2026-01-15T00:49:33","modified_gmt":"2026-01-15T00:49:33","slug":"sherbimi-i-farmacise","status":"publish","type":"page","link":"https:\/\/sut.gov.al\/index.php\/sherbimi-i-farmacise\/","title":{"rendered":"SH\u00cbRBIMI I FARMACIS\u00cb"},"content":{"rendered":"\t\t<div data-elementor-type=\"wp-page\" data-elementor-id=\"1077\" class=\"elementor elementor-1077\">\n\t\t\t\t<div class=\"elementor-element elementor-element-bb29655 e-flex e-con-boxed e-con e-parent\" data-id=\"bb29655\" data-element_type=\"container\">\n\t\t\t\t\t<div class=\"e-con-inner\">\n\t\t\t\t<div class=\"elementor-element elementor-element-7c6c200 elementor-widget elementor-widget-text-editor\" data-id=\"7c6c200\" data-element_type=\"widget\" data-widget_type=\"text-editor.default\">\n\t\t\t\t<div class=\"elementor-widget-container\">\n\t\t\t\t\t\t\t\t\t<div>\n<p style=\"text-align: justify; line-height: 150%;\"><span style=\"font-size: 12.0pt; line-height: 150%; font-family: 'Times New Roman',serif;\">Sh\u00ebrbimi i Farmacis\u00eb n\u00eb Spitalin Universitar t\u00eb Traum\u00ebs ofron mb\u00ebshtetje farmaceutike t\u00eb sigurt dhe cil\u00ebsore p\u00ebr trajtimin e pacient\u00ebve t\u00eb traumatizuar dhe jo vet\u00ebm, duke siguruar furnizimin e vazhduesh\u00ebm dhe p\u00ebrdorimin racional t\u00eb barnave dhe materialeve mjek\u00ebsore. Ky sh\u00ebrbim funksionon n\u00eb p\u00ebrputhje me legjislacionin dhe udh\u00ebzimet komb\u00ebtare, duke garantuar kujdes sh\u00ebndet\u00ebsor t\u00eb nivelit terciar, me fokus te efikasiteti, siguria dhe p\u00ebrgjegj\u00ebsia profesionale.<\/span><\/p>\n<p style=\"text-align: justify; line-height: 150%;\"><span style=\"font-size: 12.0pt; line-height: 150%; font-family: 'Times New Roman',serif;\">Farmacia e SUT luan nj\u00eb rol thelb\u00ebsor n\u00eb mb\u00ebshtetjen klinike t\u00eb pavioneve dhe sh\u00ebrbimeve spitalore. Ajo ndihmon n\u00eb organizimin dhe menaxhimin e zinxhirit t\u00eb furnizimit me barna dhe materiale t\u00eb mjekimit, nga momenti i pranimit deri te shp\u00ebrndarja n\u00eb strukturat p\u00ebrkat\u00ebse. Barnat sigurohen p\u00ebrmes Ministris\u00eb s\u00eb Sh\u00ebndet\u00ebsis\u00eb dhe Mbrojtjes Sociale, nd\u00ebrsa \u00e7do furnizim kalon <\/span><\/p>\n<p>n\u00ebp\u00ebrmjet komisionit t\u00eb kolaudimit q\u00eb vler\u00ebson gjendjen, cil\u00ebsin\u00eb, afatin e p\u00ebrdorimit dhe origjin\u00ebn e tyre.<\/p>\n<p style=\"text-align: justify; line-height: 150%;\"><span style=\"font-size: 12.0pt; line-height: 150%; font-family: 'Times New Roman',serif;\">Farmacia bashk\u00ebpunon n\u00eb m\u00ebnyr\u00eb t\u00eb vazhdueshme me Sektorin e Finances dhe strukturat drejtuese t\u00eb spitalit p\u00ebr t\u00eb analizuar dhe p\u00ebrdit\u00ebsuar n\u00eb m\u00ebnyr\u00eb periodike t\u00eb dh\u00ebnat mbi konsumin, qarkullimin dhe mungesat e mundshme t\u00eb artikujve. P\u00ebrmes raporteve mujore dhe analizave vjetore, sigurohet q\u00eb t\u00eb gjitha pavionet t\u00eb jen\u00eb t\u00eb pajisura n\u00eb m\u00ebnyr\u00eb t\u00eb vazhdueshme me medikamentet dhe materialet e nevojshme, duke parandaluar stoqet e panevojshme dhe duke ruajtur fleksibilitet n\u00eb menaxhimin e rezervave.<\/span><\/p>\n<p style=\"text-align: justify; line-height: 150%;\"><span style=\"font-size: 12.0pt; line-height: 150%; font-family: 'Times New Roman',serif;\">T\u00eb gjitha produktet farmaceutike ruhen n\u00eb p\u00ebrputhje me standardet mbi Praktikat e Mira t\u00eb Ruajtjes dhe Shp\u00ebrndarjes s\u00eb Barnave. Barnat termolabile ruhen dhe transportohen n\u00eb kushte t\u00eb kontrolluara temperaturale, sipas k\u00ebrkesave t\u00eb prodhuesit dhe flet\u00eb-udh\u00ebzuesit shoq\u00ebrues. N\u00eb rastet kur barnat jan\u00eb t\u00eb d\u00ebmtuara, t\u00eb skaduara ose me qarkullim t\u00eb ul\u00ebt, ato identifikohen, raportohen dhe t\u00ebrhiqen nga qarkullimi sipas rregullave p\u00ebrkat\u00ebse.<\/span><\/p>\n<p style=\"text-align: justify; line-height: 150%;\"><span style=\"font-size: 12.0pt; line-height: 150%; font-family: 'Times New Roman',serif;\">Sh\u00ebrbimi farmaceutik operon \u00e7do dit\u00eb pune nga ora 07:30 deri n\u00eb 15:30 dhe mbulon sh\u00ebrbimet e pavioneve me sh\u00ebrbim on-call gjat\u00eb gjith\u00eb dit\u00ebve t\u00eb jav\u00ebs, p\u00ebrfshir\u00eb dit\u00ebt e pushimit. Ky organizim siguron nj\u00eb mbulim t\u00eb plot\u00eb dhe t\u00eb pand\u00ebrprer\u00eb t\u00eb nevojave urgjente dhe t\u00eb p\u00ebrditshme p\u00ebr barna dhe materiale mjekimi.<\/span><\/p>\n<p style=\"text-align: justify; line-height: 150%;\"><span style=\"font-size: 12.0pt; line-height: 150%; font-family: 'Times New Roman',serif;\">Sh\u00ebrbimi i Farmacis\u00eb \u00ebsht\u00eb i p\u00ebrb\u00ebr\u00eb nga nj\u00eb staf i kualifikuar, t\u00eb cil\u00ebt jan\u00eb em\u00ebruar nga Ministria e Sh\u00ebndet\u00ebsis\u00eb dhe Mbrojtjes Sociale. Nj\u00eb pjes\u00ebtar i stafit \u00ebsht\u00eb gjithashtu pjes\u00eb e Nj\u00ebsis\u00eb s\u00eb Trup\u00ebs Ushtarake pran\u00eb SUT.<\/span><\/p>\n<p style=\"text-align: justify; line-height: 150%;\"><span style=\"font-size: 12.0pt; line-height: 150%; font-family: 'Times New Roman',serif;\">P\u00ebrmes funksionit t\u00eb tij thelb\u00ebsor, Sh\u00ebrbimi i Farmacis\u00eb kontribuon n\u00eb m\u00ebnyr\u00eb t\u00eb drejtp\u00ebrdrejt\u00eb n\u00eb suksesin e trajtimit klinik, garanton p\u00ebrdorimin e sigurt t\u00eb barnave dhe ndihmon n\u00eb funksionimin efikas t\u00eb gjith\u00eb spitalit.<\/span><\/p>\n<\/div>\n<div>\n<p style=\"text-align: justify; line-height: 150%;\"><span style=\"font-size: 12.0pt; line-height: 150%; font-family: 'Times New Roman',serif;\"><b>Shef Sh\u00ebrbimi<\/b><\/span><\/p>\n<p style=\"text-align: justify; line-height: 150%;\"><span style=\"font-size: 12.0pt; line-height: 150%; font-family: 'Times New Roman',serif;\">Ekipi farmacist\u00ebve<\/span><\/p>\n<p style=\"text-align: justify; line-height: 150%;\"><span style=\"font-size: 12.0pt; line-height: 150%; font-family: 'Times New Roman',serif;\">Entela Kapaj<\/span><\/p>\n<\/div>\n<div>\n<p style=\"text-align: justify; line-height: 150%;\"><span style=\"font-size: 12.0pt; line-height: 150%; font-family: 'Times New Roman',serif;\">Jetmira Koleci<\/span><\/p>\n<p style=\"text-align: justify; line-height: 150%;\"><span style=\"font-size: 12.0pt; line-height: 150%; font-family: 'Times New Roman',serif;\">Klaudia Qerimi<\/span><\/p>\n<p style=\"text-align: justify; line-height: 150%;\"><span style=\"font-size: 12.0pt; line-height: 150%; font-family: 'Times New Roman',serif;\">Iranda Ademi<\/span><\/p>\n<p style=\"text-align: justify; line-height: 150%;\"><span style=\"font-size: 12.0pt; line-height: 150%; font-family: 'Times New Roman',serif;\">Arjeta&nbsp; Kushi<\/span><\/p>\n<\/div>\n<p><span style=\"font-size: 12.0pt; line-height: 150%; font-family: 'Times New Roman',serif; mso-fareast-font-family: Calibri; mso-fareast-theme-font: minor-latin; mso-ansi-language: EN-US; mso-fareast-language: EN-US; mso-bidi-language: AR-SA;\">&nbsp;<\/span><\/p>\t\t\t\t\t\t\t\t<\/div>\n\t\t\t\t<\/div>\n\t\t\t\t\t<\/div>\n\t\t\t\t<\/div>\n\t\t\t\t<\/div>\n\t\t","protected":false},"excerpt":{"rendered":"<p>Sh\u00ebrbimi i Farmacis\u00eb n\u00eb Spitalin Universitar t\u00eb Traum\u00ebs ofron mb\u00ebshtetje farmaceutike t\u00eb sigurt dhe cil\u00ebsore p\u00ebr trajtimin e pacient\u00ebve t\u00eb traumatizuar dhe jo vet\u00ebm, duke siguruar furnizimin e vazhduesh\u00ebm dhe p\u00ebrdorimin racional t\u00eb barnave dhe materialeve mjek\u00ebsore. Ky sh\u00ebrbim funksionon n\u00eb p\u00ebrputhje me legjislacionin dhe udh\u00ebzimet komb\u00ebtare, duke garantuar kujdes sh\u00ebndet\u00ebsor t\u00eb nivelit terciar, me [&hellip;]<\/p>\n","protected":false},"author":3,"featured_media":0,"parent":0,"menu_order":0,"comment_status":"closed","ping_status":"closed","template":"","meta":{"footnotes":""},"class_list":["post-1077","page","type-page","status-publish","hentry"],"jetpack_sharing_enabled":true,"_links":{"self":[{"href":"https:\/\/sut.gov.al\/index.php\/wp-json\/wp\/v2\/pages\/1077","targetHints":{"allow":["GET"]}}],"collection":[{"href":"https:\/\/sut.gov.al\/index.php\/wp-json\/wp\/v2\/pages"}],"about":[{"href":"https:\/\/sut.gov.al\/index.php\/wp-json\/wp\/v2\/types\/page"}],"author":[{"embeddable":true,"href":"https:\/\/sut.gov.al\/index.php\/wp-json\/wp\/v2\/users\/3"}],"replies":[{"embeddable":true,"href":"https:\/\/sut.gov.al\/index.php\/wp-json\/wp\/v2\/comments?post=1077"}],"version-history":[{"count":4,"href":"https:\/\/sut.gov.al\/index.php\/wp-json\/wp\/v2\/pages\/1077\/revisions"}],"predecessor-version":[{"id":1081,"href":"https:\/\/sut.gov.al\/index.php\/wp-json\/wp\/v2\/pages\/1077\/revisions\/1081"}],"wp:attachment":[{"href":"https:\/\/sut.gov.al\/index.php\/wp-json\/wp\/v2\/media?parent=1077"}],"curies":[{"name":"wp","href":"https:\/\/api.w.org\/{rel}","templated":true}]}}