{"id":1082,"date":"2026-01-15T00:50:10","date_gmt":"2026-01-15T00:50:10","guid":{"rendered":"https:\/\/sut.gov.al\/?page_id=1082"},"modified":"2026-01-15T00:51:01","modified_gmt":"2026-01-15T00:51:01","slug":"sherbimi-i-konsultave-te-specializuara-ambulatore","status":"publish","type":"page","link":"https:\/\/sut.gov.al\/index.php\/sherbimi-i-konsultave-te-specializuara-ambulatore\/","title":{"rendered":"SH\u00cbRBIMI I KONSULTAVE T\u00cb SPECIALIZUARA AMBULATORE"},"content":{"rendered":"\t\t<div data-elementor-type=\"wp-page\" data-elementor-id=\"1082\" class=\"elementor elementor-1082\">\n\t\t\t\t<div class=\"elementor-element elementor-element-91b7840 e-flex e-con-boxed e-con e-parent\" data-id=\"91b7840\" data-element_type=\"container\">\n\t\t\t\t\t<div class=\"e-con-inner\">\n\t\t\t\t<div class=\"elementor-element elementor-element-c75382c elementor-widget elementor-widget-text-editor\" data-id=\"c75382c\" data-element_type=\"widget\" data-widget_type=\"text-editor.default\">\n\t\t\t\t<div class=\"elementor-widget-container\">\n\t\t\t\t\t\t\t\t\t<p class=\"MsoNormal\" style=\"text-align: justify; line-height: 150%;\"><span style=\"font-size: 12.0pt; line-height: 150%; font-family: 'Times New Roman',serif;\">Misioni i Sh\u00ebrbimit t\u00eb Konsultave t\u00eb Specializuara Ambulatore \u00ebsht\u00eb t\u00eb ofroj\u00eb kujdes mjek\u00ebsor cil\u00ebsor, t\u00eb personalizuar dhe t\u00eb koordinuar, p\u00ebr pacient\u00ebt q\u00eb kan\u00eb nevoj\u00eb p\u00ebr ndjekje pas trajtimit spitalor, vler\u00ebsim t\u00eb specializuar apo k\u00ebshillim klinik.<\/span><\/p><p class=\"MsoNormal\" style=\"text-align: justify; line-height: 150%;\"><span style=\"font-size: 12.0pt; line-height: 150%; font-family: 'Times New Roman',serif;\">Ky sh\u00ebrbim luan nj\u00eb rol ky\u00e7 n\u00eb ofrimin e vazhdim\u00ebsis\u00eb s\u00eb kujdesit n\u00eb kuad\u00ebr t\u00eb trajtimit t\u00eb politraum\u00ebs dhe patologjive t\u00eb lidhura, n\u00eb p\u00ebrputhje me misionin e SUT si institucion referues komb\u00ebtar.<\/span><\/p><p class=\"MsoNormal\" style=\"text-align: justify; line-height: 150%;\"><span style=\"font-size: 12.0pt; line-height: 150%; font-family: 'Times New Roman',serif;\">Pacient\u00ebt q\u00eb paraqiten n\u00eb konsultat ambulatore vijn\u00eb n\u00ebp\u00ebrmjet sistemit t\u00eb referimit, t\u00eb d\u00ebrguar nga:<\/span><\/p><p class=\"MsoNormal\" style=\"text-align: justify; line-height: 150%;\"><span style=\"font-size: 12.0pt; line-height: 150%; font-family: 'Times New Roman',serif;\">\u2022\u00a0\u00a0\u00a0\u00a0\u00a0\u00a0\u00a0\u00a0\u00a0\u00a0 Mjeku i familjes<\/span><\/p><p class=\"MsoNormal\" style=\"text-align: justify; line-height: 150%;\"><span style=\"font-size: 12.0pt; line-height: 150%; font-family: 'Times New Roman',serif;\">\u2022\u00a0\u00a0\u00a0\u00a0\u00a0\u00a0\u00a0\u00a0\u00a0\u00a0 Mjek\u00ebt specialist\u00eb t\u00eb nivelit par\u00ebsor dhe dyt\u00ebsor<\/span><\/p><p class=\"MsoNormal\" style=\"text-align: justify; line-height: 150%;\"><span style=\"font-size: 12.0pt; line-height: 150%; font-family: 'Times New Roman',serif;\">\u2022\u00a0\u00a0\u00a0\u00a0\u00a0\u00a0\u00a0\u00a0\u00a0\u00a0 Ose n\u00eb raste specifike n\u00eb vijim t\u00eb nj\u00eb trajtimi t\u00eb m\u00ebparsh\u00ebm n\u00eb SUT (kjo vlen p\u00ebr pacient\u00ebt e traumave ortopedike dhe kirurgjikale)<\/span><\/p><p class=\"MsoNormal\" style=\"text-align: justify; line-height: 150%;\"><span style=\"font-size: 12.0pt; line-height: 150%; font-family: 'Times New Roman',serif;\">Sh\u00ebrbimi ofron konsulta n\u00eb nj\u00eb gam\u00eb t\u00eb gjer\u00eb specialitetesh, duke p\u00ebrfshir\u00eb fusha klinike, kirurgjikale, psiko-sociale dhe rehabilituese, me q\u00ebllim:<\/span><\/p><p class=\"MsoNormal\" style=\"text-align: justify; line-height: 150%;\"><span style=\"font-size: 12.0pt; line-height: 150%; font-family: 'Times New Roman',serif;\">\u2022\u00a0\u00a0\u00a0\u00a0\u00a0\u00a0\u00a0\u00a0\u00a0\u00a0 Diagnostikim t\u00eb sakt\u00eb dhe trajtim t\u00eb specializuar<\/span><\/p><p class=\"MsoNormal\" style=\"text-align: justify; line-height: 150%;\"><span style=\"font-size: 12.0pt; line-height: 150%; font-family: 'Times New Roman',serif;\">\u2022\u00a0\u00a0\u00a0\u00a0\u00a0\u00a0\u00a0\u00a0\u00a0\u00a0 Parandalim t\u00eb komplikacioneve<\/span><\/p><p class=\"MsoNormal\" style=\"text-align: justify; line-height: 150%;\"><span style=\"font-size: 12.0pt; line-height: 150%; font-family: 'Times New Roman',serif;\">\u2022\u00a0\u00a0\u00a0\u00a0\u00a0\u00a0\u00a0\u00a0\u00a0\u00a0 Rikuperim funksional pas traum\u00ebs<\/span><\/p><p class=\"MsoNormal\" style=\"text-align: justify; line-height: 150%;\"><span style=\"font-size: 12.0pt; line-height: 150%; font-family: 'Times New Roman',serif;\">\u2022\u00a0\u00a0\u00a0\u00a0\u00a0\u00a0\u00a0\u00a0\u00a0\u00a0 Mb\u00ebshtetje afatgjat\u00eb p\u00ebr pacient\u00eb me patologji kronike<\/span><\/p><p class=\"MsoNormal\" style=\"text-align: justify; line-height: 150%;\"><span style=\"font-size: 12.0pt; line-height: 150%; font-family: 'Times New Roman',serif;\">N\u00eb t\u00eb nj\u00ebjt\u00ebn koh\u00eb, ky sh\u00ebrbim ndihmon n\u00eb organizimin dhe koordinimin efikas t\u00eb fluksit t\u00eb pacient\u00ebve, duke p\u00ebrmir\u00ebsuar cil\u00ebsin\u00eb e p\u00ebrvoj\u00ebs s\u00eb pacientit dhe duke rritur efikasitetin e kujdesit sh\u00ebndet\u00ebsor.<\/span><\/p><p class=\"MsoNormal\" style=\"text-align: justify; line-height: 150%;\"><span style=\"font-size: 12.0pt; line-height: 150%; font-family: 'Times New Roman',serif;\">P\u00ebr kryerjen falas t\u00eb konsultave ambulatore \u00ebsht\u00eb i nevojsh\u00ebm dokumentacioni m\u00ebposht\u00ebm:<\/span><\/p><p class=\"MsoNormal\" style=\"text-align: justify; line-height: 150%;\"><span style=\"font-size: 12.0pt; line-height: 150%; font-family: 'Times New Roman',serif;\">\u2022\u00a0\u00a0\u00a0\u00a0\u00a0\u00a0\u00a0\u00a0\u00a0\u00a0 Karta e sh\u00ebndetit e rinovuar <\/span><\/p><p class=\"MsoNormal\" style=\"text-align: justify; line-height: 150%;\"><span style=\"font-size: 12.0pt; line-height: 150%; font-family: 'Times New Roman',serif;\">\u2022\u00a0\u00a0\u00a0\u00a0\u00a0\u00a0\u00a0\u00a0\u00a0\u00a0 Karta e identitetit (ID) p\u00ebr personat mbi 18 vje\u00e7<\/span><\/p><p class=\"MsoNormal\" style=\"text-align: justify; line-height: 150%;\"><span style=\"font-size: 12.0pt; line-height: 150%; font-family: 'Times New Roman',serif;\">\u2022\u00a0\u00a0\u00a0\u00a0\u00a0\u00a0\u00a0\u00a0\u00a0\u00a0 Certifikate lindje p\u00ebr personat n\u00ebn18 vje\u00e7<\/span><\/p><p class=\"MsoNormal\" style=\"text-align: justify; line-height: 150%;\"><span style=\"font-size: 12.0pt; line-height: 150%; font-family: 'Times New Roman',serif;\">\u2022\u00a0\u00a0\u00a0\u00a0\u00a0\u00a0\u00a0\u00a0\u00a0\u00a0 Rekomandim nga nga mjeku i familjes dhe mjeku specialist i zon\u00ebs ku banon (i planifikuar me sistem referimi)<\/span><\/p><p class=\"MsoNormal\" style=\"text-align: justify; line-height: 150%;\"><span style=\"font-size: 12.0pt; line-height: 150%; font-family: 'Times New Roman',serif;\">Specialitetet q\u00eb ofrohen:<\/span><\/p><p class=\"MsoNormal\" style=\"text-align: justify; line-height: 150%;\"><span style=\"font-size: 12.0pt; line-height: 150%; font-family: 'Times New Roman',serif;\">\u2022\u00a0\u00a0\u00a0\u00a0\u00a0\u00a0\u00a0\u00a0\u00a0\u00a0 Kardiologji<\/span><\/p><p class=\"MsoNormal\" style=\"text-align: justify; line-height: 150%;\"><span style=\"font-size: 12.0pt; line-height: 150%; font-family: 'Times New Roman',serif;\">\u2022\u00a0\u00a0\u00a0\u00a0\u00a0\u00a0\u00a0\u00a0\u00a0\u00a0 Pneumologji<\/span><\/p><p class=\"MsoNormal\" style=\"text-align: justify; line-height: 150%;\"><span style=\"font-size: 12.0pt; line-height: 150%; font-family: 'Times New Roman',serif;\">\u2022\u00a0\u00a0\u00a0\u00a0\u00a0\u00a0\u00a0\u00a0\u00a0\u00a0 Endokrinologji<\/span><\/p><p class=\"MsoNormal\" style=\"text-align: justify; line-height: 150%;\"><span style=\"font-size: 12.0pt; line-height: 150%; font-family: 'Times New Roman',serif;\">\u2022\u00a0\u00a0\u00a0\u00a0\u00a0\u00a0\u00a0\u00a0\u00a0\u00a0 Gastrohepatologji <\/span><\/p><p class=\"MsoNormal\" style=\"text-align: justify; line-height: 150%;\"><span style=\"font-size: 12.0pt; line-height: 150%; font-family: 'Times New Roman',serif;\">\u2022\u00a0\u00a0\u00a0\u00a0\u00a0\u00a0\u00a0\u00a0\u00a0\u00a0 Neurologji<\/span><\/p><p class=\"MsoNormal\" style=\"text-align: justify; line-height: 150%;\"><span style=\"font-size: 12.0pt; line-height: 150%; font-family: 'Times New Roman',serif;\">\u2022\u00a0\u00a0\u00a0\u00a0\u00a0\u00a0\u00a0\u00a0\u00a0\u00a0 Infeksionist<\/span><\/p><p class=\"MsoNormal\" style=\"text-align: justify; line-height: 150%;\"><span style=\"font-size: 12.0pt; line-height: 150%; font-family: 'Times New Roman',serif;\">\u2022\u00a0\u00a0\u00a0\u00a0\u00a0\u00a0\u00a0\u00a0\u00a0\u00a0 Nefrologji<\/span><\/p><p class=\"MsoNormal\" style=\"text-align: justify; line-height: 150%;\"><span style=\"font-size: 12.0pt; line-height: 150%; font-family: 'Times New Roman',serif;\">\u2022\u00a0\u00a0\u00a0\u00a0\u00a0\u00a0\u00a0\u00a0\u00a0\u00a0 Hematologji<\/span><\/p><p class=\"MsoNormal\" style=\"text-align: justify; line-height: 150%;\"><span style=\"font-size: 12.0pt; line-height: 150%; font-family: 'Times New Roman',serif;\">\u2022\u00a0\u00a0\u00a0\u00a0\u00a0\u00a0\u00a0\u00a0\u00a0\u00a0 Ortopedi 1, 2, 3<\/span><\/p><p class=\"MsoNormal\" style=\"text-align: justify; line-height: 150%;\"><span style=\"font-size: 12.0pt; line-height: 150%; font-family: 'Times New Roman',serif;\">\u2022\u00a0\u00a0\u00a0\u00a0\u00a0\u00a0\u00a0\u00a0\u00a0\u00a0 Neurokirurgji<\/span><\/p><p class=\"MsoNormal\" style=\"text-align: justify; line-height: 150%;\"><span style=\"font-size: 12.0pt; line-height: 150%; font-family: 'Times New Roman',serif;\">\u2022\u00a0\u00a0\u00a0\u00a0\u00a0\u00a0\u00a0\u00a0\u00a0\u00a0 Kirurgji e p\u00ebrgjithshme<\/span><\/p><p class=\"MsoNormal\" style=\"text-align: justify; line-height: 150%;\"><span style=\"font-size: 12.0pt; line-height: 150%; font-family: 'Times New Roman',serif;\">\u2022\u00a0\u00a0\u00a0\u00a0\u00a0\u00a0\u00a0\u00a0\u00a0\u00a0 Urologji<\/span><\/p><p class=\"MsoNormal\" style=\"text-align: justify; line-height: 150%;\"><span style=\"font-size: 12.0pt; line-height: 150%; font-family: 'Times New Roman',serif;\">\u2022\u00a0\u00a0\u00a0\u00a0\u00a0\u00a0\u00a0\u00a0\u00a0\u00a0 Reumatologji<\/span><\/p><p class=\"MsoNormal\" style=\"text-align: justify; line-height: 150%;\"><span style=\"font-size: 12.0pt; line-height: 150%; font-family: 'Times New Roman',serif;\">\u2022\u00a0\u00a0\u00a0\u00a0\u00a0\u00a0\u00a0\u00a0\u00a0\u00a0 Angiologji<\/span><\/p><p class=\"MsoNormal\" style=\"text-align: justify; line-height: 150%;\"><span style=\"font-size: 12.0pt; line-height: 150%; font-family: 'Times New Roman',serif;\">\u2022\u00a0\u00a0\u00a0\u00a0\u00a0\u00a0\u00a0\u00a0\u00a0\u00a0 Dermatologji<\/span><\/p><p class=\"MsoNormal\" style=\"text-align: justify; line-height: 150%;\"><span style=\"font-size: 12.0pt; line-height: 150%; font-family: 'Times New Roman',serif;\">\u2022\u00a0\u00a0\u00a0\u00a0\u00a0\u00a0\u00a0\u00a0\u00a0\u00a0 Alergologji<\/span><\/p><p class=\"MsoNormal\" style=\"text-align: justify; line-height: 150%;\"><span style=\"font-size: 12.0pt; line-height: 150%; font-family: 'Times New Roman',serif;\">\u2022\u00a0\u00a0\u00a0\u00a0\u00a0\u00a0\u00a0\u00a0\u00a0\u00a0 Okulistik\u00eb<\/span><\/p><p class=\"MsoNormal\" style=\"text-align: justify; line-height: 150%;\"><span style=\"font-size: 12.0pt; line-height: 150%; font-family: 'Times New Roman',serif;\">\u2022\u00a0\u00a0\u00a0\u00a0\u00a0\u00a0\u00a0\u00a0\u00a0\u00a0 ORL (Otorinolaringologji)<\/span><\/p><p class=\"MsoNormal\" style=\"text-align: justify; line-height: 150%;\"><span style=\"font-size: 12.0pt; line-height: 150%; font-family: 'Times New Roman',serif;\">\u2022\u00a0\u00a0\u00a0\u00a0\u00a0\u00a0\u00a0\u00a0\u00a0\u00a0 Fizioterapi<\/span><\/p><p class=\"MsoNormal\" style=\"text-align: justify; line-height: 150%;\"><span style=\"font-size: 12.0pt; line-height: 150%; font-family: 'Times New Roman',serif;\">\u2022\u00a0\u00a0\u00a0\u00a0\u00a0\u00a0\u00a0\u00a0\u00a0\u00a0 Psikiat\u00ebr<\/span><\/p><p class=\"MsoNormal\" style=\"text-align: justify; line-height: 150%;\"><span style=\"font-size: 12.0pt; line-height: 150%; font-family: 'Times New Roman',serif;\">\u2022\u00a0\u00a0\u00a0\u00a0\u00a0\u00a0\u00a0\u00a0\u00a0\u00a0 Psikologji klinike <\/span><\/p><p class=\"MsoNormal\" style=\"text-align: justify; line-height: 150%;\"><span style=\"font-size: 12.0pt; line-height: 150%; font-family: 'Times New Roman',serif;\">\u2022\u00a0\u00a0\u00a0\u00a0\u00a0\u00a0\u00a0\u00a0\u00a0\u00a0 Gipsi (Sh\u00ebrbim i imobilizimit ortopedik)<\/span><\/p><p class=\"MsoNormal\" style=\"text-align: justify; line-height: 150%;\"><span style=\"font-size: 12.0pt; line-height: 150%; font-family: 'Times New Roman',serif;\">\u2022\u00a0\u00a0\u00a0\u00a0\u00a0\u00a0\u00a0\u00a0\u00a0\u00a0 Dhoma e mjekimit<\/span><\/p><p>\u00a0<\/p><p class=\"MsoNormal\" style=\"text-align: justify; line-height: 150%;\"><span style=\"font-size: 12.0pt; line-height: 150%; font-family: 'Times New Roman',serif;\">\u23f0 Orari i konsultave ambulatore: \u00c7do dit\u00eb pune, nga ora 08:00 deri n\u00eb 16:00.<\/span><\/p>\t\t\t\t\t\t\t\t<\/div>\n\t\t\t\t<\/div>\n\t\t\t\t\t<\/div>\n\t\t\t\t<\/div>\n\t\t\t\t<\/div>\n\t\t","protected":false},"excerpt":{"rendered":"<p>Misioni i Sh\u00ebrbimit t\u00eb Konsultave t\u00eb Specializuara Ambulatore \u00ebsht\u00eb t\u00eb ofroj\u00eb kujdes mjek\u00ebsor cil\u00ebsor, t\u00eb personalizuar dhe t\u00eb koordinuar, p\u00ebr pacient\u00ebt q\u00eb kan\u00eb nevoj\u00eb p\u00ebr ndjekje pas trajtimit spitalor, vler\u00ebsim t\u00eb specializuar apo k\u00ebshillim klinik. Ky sh\u00ebrbim luan nj\u00eb rol ky\u00e7 n\u00eb ofrimin e vazhdim\u00ebsis\u00eb s\u00eb kujdesit n\u00eb kuad\u00ebr t\u00eb trajtimit t\u00eb politraum\u00ebs dhe patologjive [&hellip;]<\/p>\n","protected":false},"author":3,"featured_media":0,"parent":0,"menu_order":0,"comment_status":"closed","ping_status":"closed","template":"","meta":{"footnotes":""},"class_list":["post-1082","page","type-page","status-publish","hentry"],"jetpack_sharing_enabled":true,"_links":{"self":[{"href":"https:\/\/sut.gov.al\/index.php\/wp-json\/wp\/v2\/pages\/1082","targetHints":{"allow":["GET"]}}],"collection":[{"href":"https:\/\/sut.gov.al\/index.php\/wp-json\/wp\/v2\/pages"}],"about":[{"href":"https:\/\/sut.gov.al\/index.php\/wp-json\/wp\/v2\/types\/page"}],"author":[{"embeddable":true,"href":"https:\/\/sut.gov.al\/index.php\/wp-json\/wp\/v2\/users\/3"}],"replies":[{"embeddable":true,"href":"https:\/\/sut.gov.al\/index.php\/wp-json\/wp\/v2\/comments?post=1082"}],"version-history":[{"count":4,"href":"https:\/\/sut.gov.al\/index.php\/wp-json\/wp\/v2\/pages\/1082\/revisions"}],"predecessor-version":[{"id":1086,"href":"https:\/\/sut.gov.al\/index.php\/wp-json\/wp\/v2\/pages\/1082\/revisions\/1086"}],"wp:attachment":[{"href":"https:\/\/sut.gov.al\/index.php\/wp-json\/wp\/v2\/media?parent=1082"}],"curies":[{"name":"wp","href":"https:\/\/api.w.org\/{rel}","templated":true}]}}