{"id":1117,"date":"2026-01-16T20:24:31","date_gmt":"2026-01-16T20:24:31","guid":{"rendered":"https:\/\/sut.gov.al\/?page_id=1117"},"modified":"2026-01-16T20:31:13","modified_gmt":"2026-01-16T20:31:13","slug":"sherbimi-i-imazherise-2","status":"publish","type":"page","link":"https:\/\/sut.gov.al\/index.php\/sherbimi-i-imazherise-2\/","title":{"rendered":"SH\u00cbRBIMI I IMAZHERIS\u00cb"},"content":{"rendered":"\t\t<div data-elementor-type=\"wp-page\" data-elementor-id=\"1117\" class=\"elementor elementor-1117\">\n\t\t\t\t<div class=\"elementor-element elementor-element-091386e e-flex e-con-boxed e-con e-parent\" data-id=\"091386e\" data-element_type=\"container\">\n\t\t\t\t\t<div class=\"e-con-inner\">\n\t\t\t\t<div class=\"elementor-element elementor-element-f5351ad elementor-widget elementor-widget-text-editor\" data-id=\"f5351ad\" data-element_type=\"widget\" data-widget_type=\"text-editor.default\">\n\t\t\t\t<div class=\"elementor-widget-container\">\n\t\t\t\t\t\t\t\t\t<p><span style=\"font-size: 14.0pt; line-height: 150%; font-family: 'Times New Roman',serif; mso-fareast-font-family: 'Times New Roman';\">Sh\u00ebrbimi i Imazheris\u00eb n\u00eb Spitalin Universitar t\u00eb Traum\u00ebs \u00ebsht\u00eb nj\u00eb nga hallkat m\u00eb t\u00eb r\u00ebnd\u00ebsishme t\u00eb struktur\u00ebs spitalore, q\u00eb ofron mb\u00ebshtetje t\u00eb pand\u00ebrprer\u00eb p\u00ebr diagnostikimin dhe trajtimin e pacient\u00ebve n\u00eb gjendje t\u00eb r\u00ebnd\u00eb, duke p\u00ebrdorur teknologjin\u00eb m\u00eb t\u00eb avancuar p\u00ebr t\u00eb mb\u00ebshtetur diagnostikimin dhe trajtimin e pacient\u00ebve, me focus t\u00eb ve\u00e7ant\u00eb tek ata q\u00eb paraqesin trauma t\u00eb ndryshme.<\/span><\/p>\n<p class=\"MsoNormal\" style=\"mso-margin-top-alt: auto; mso-margin-bottom-alt: auto; text-align: justify; line-height: 150%;\"><span style=\"font-size: 14.0pt; line-height: 150%; font-family: 'Times New Roman',serif; mso-fareast-font-family: 'Times New Roman';\">Ky sh\u00ebrbim funksionon n\u00eb m\u00ebnyr\u00eb t\u00eb vazhdueshme, 24 or\u00eb n\u00eb dit\u00eb, 7 dit\u00eb n\u00eb jav\u00eb, dhe \u00ebsht\u00eb n\u00eb dispozicion t\u00eb pacient\u00ebve n\u00eb rang vendi, duke e b\u00ebr\u00eb SUT-n\u00eb nj\u00eb pike referimi komb\u00ebtar n\u00eb fush\u00ebn e imazheris\u00eb diagnostikuese p\u00ebr rastet e urgjenc\u00ebs dhe traumatologjis\u00eb.<\/span><\/p>\n<p class=\"MsoNormal\" style=\"mso-margin-top-alt: auto; mso-margin-bottom-alt: auto; text-align: justify; line-height: 150%;\"><span style=\"font-size: 14.0pt; line-height: 150%; font-family: 'Times New Roman',serif; mso-fareast-font-family: 'Times New Roman';\">Me nj\u00eb staf t\u00eb specializuar dhe aparatura t\u00eb teknologjis\u00eb m\u00eb t\u00eb fundit, Sh\u00ebrbimi I Imazheris\u00eb garanton:<\/span><\/p>\n<p class=\"MsoNormal\" style=\"mso-margin-top-alt: auto; mso-margin-bottom-alt: auto; text-align: justify; line-height: 150%;\"><ul><li><i><span style=\"font-size: 14.0pt; line-height: 150%; font-family: 'Times New Roman',serif; mso-fareast-font-family: 'Times New Roman';\">Kryerjen e ekzaminimeve radiologjike n\u00eb koh\u00eb reale<\/span><\/i><\/li><li><i><span style=\"font-size: 14.0pt; line-height: 150%; font-family: 'Times New Roman',serif; mso-fareast-font-family: 'Times New Roman';\">Mb\u00ebshtetje t\u00eb menj\u00ebhershme p\u00ebr ekipet e urgjenc\u00ebs dhe mjek\u00ebsis\u00eb intensive<\/span><\/i><\/li><li><i><span style=\"font-size: 14.0pt; line-height: 150%; font-family: 'Times New Roman',serif; mso-fareast-font-family: 'Times New Roman';\">Cil\u00ebsi t\u00eb lart\u00eb dhe sakt\u00ebsi maksimale n\u00eb p\u00ebrpunimin e t\u00eb dh\u00ebnave imazherike<\/span><\/i><\/li><\/ul><\/p>\n\n\n<p class=\"MsoNormal\" style=\"mso-margin-top-alt: auto; mso-margin-bottom-alt: auto; text-align: justify; line-height: 150%;\"><span style=\"font-size: 14.0pt; line-height: 150%; font-family: 'Times New Roman',serif; mso-fareast-font-family: 'Times New Roman';\">Ky sh\u00ebrbim luan nj\u00eb rol ky\u00e7 n\u00eb ofrimin e kujdesit terciar spitalor, si dhe n\u00eb realizimin e objektivave komb\u00ebtare p\u00ebr p\u00ebrmir\u00ebsimin e sistemitt\u00eb sh\u00ebndet\u00ebsis\u00eb.<\/span><\/p>\n<p class=\"MsoNormal\" style=\"text-align: justify; line-height: 150%;\"><b><span style=\"font-size: 14.0pt; line-height: 150%; font-family: 'Times New Roman',serif;\">Detyrat dhe Objektivat<\/span><\/b><\/p>\n<p class=\"MsoNormal\" style=\"text-align: justify; line-height: 150%;\"><span style=\"font-size: 14.0pt; line-height: 150%; font-family: 'Times New Roman',serif;\">Sh\u00ebrbimi i Imazheris\u00eb \u00ebsht\u00eb nj\u00eb nj\u00ebsi e specializuar brenda SUT-s\u00eb, q\u00eb mb\u00ebshtet Drejtorin\u00eb e Spitalit n\u00eb:<\/span><\/p>\n<p class=\"MsoNormal\" style=\"margin-bottom: 8.0pt; text-align: justify; line-height: 150%;\"><ul><li><i><span style=\"font-size: 14.0pt; line-height: 150%; font-family: 'Times New Roman',serif;\">Zbatimin e programit komb\u00ebtar t\u00eb sh\u00ebndet\u00ebsis\u00eb<\/span><\/i><\/li><li><i><span style=\"font-size: 14.0pt; line-height: 150%; font-family: 'Times New Roman',serif;\">Realizimin e detyrave institucionale dhe universitare<\/span><\/i><\/li><li><i><span style=\"font-size: 14.0pt; line-height: 150%; font-family: 'Times New Roman',serif;\">Ofrimin e asistenc\u00ebs mjek\u00ebsore, m\u00ebsimdh\u00ebnies dhe k\u00ebrkimit shkencor<\/span><\/i><\/li><\/ul><\/p>\n\n\n<p class=\"MsoNormal\" style=\"text-align: justify; line-height: 150%;\"><b><i><span style=\"font-size: 14.0pt; line-height: 150%; font-family: 'Times New Roman',serif;\"><br>Objektivat kryesore p\u00ebrfshijn\u00eb:<\/span><\/i><\/b><b><i><\/i><\/b><\/p>\n<ul>\n<li><b><i><span style=\"font-size: 14.0pt; line-height: 150%; font-family: 'Times New Roman',serif;\">P\u00ebrmir\u00ebsimin e proceseve diagnostikuese n\u00eb aspektin klinik dhe organizativ<\/span><\/i><\/b><\/li>\n<li><b><i><span style=\"font-size: 14.0pt; line-height: 150%; font-family: 'Times New Roman',serif;\">Ofrimin e sh\u00ebrbimeve t\u00eb imazheris\u00eb p\u00ebr pacient\u00ebt e shtruar dhe ambulator\u00eb, n\u00eb m\u00ebnyr\u00eb t\u00eb vazhdueshme dhe t\u00eb aksesueshme p\u00ebr t\u00eb gjith\u00eb<\/span><\/i><\/b><\/li>\n<li><b><i><span style=\"font-size: 14.0pt; line-height: 150%; font-family: 'Times New Roman',serif;\">Parimet dhe Qasja Profesionale<\/span><\/i><\/b><\/li>\n<li><b><i><span style=\"font-size: 14.0pt; line-height: 150%; font-family: 'Times New Roman',serif;\">Sh\u00ebrbimi mb\u00ebshtet nj\u00eb model bashk\u00ebkohor dhe t\u00eb integruar t\u00eb kujdesit, duke promovuar:<\/span><\/i><\/b><\/li>\n<li><b><i><span style=\"font-size: 14.0pt; line-height: 150%; font-family: 'Times New Roman',serif;\">Diagnostikim t\u00eb sakt\u00eb dhe n\u00eb koh\u00eb<\/span><\/i><\/b><\/li>\n<li><b><i><span style=\"font-size: 14.0pt; line-height: 150%; font-family: 'Times New Roman',serif;\">P\u00ebrdorim efikas t\u00eb burimeve njer\u00ebzore dhe teknologjike<\/span><\/i><\/b><\/li>\n<li><b><i><span style=\"font-size: 14.0pt; line-height: 150%; font-family: 'Times New Roman',serif;\">Edukim t\u00eb vazhduesh\u00ebm t\u00eb personelit mjek\u00ebsor<\/span><\/i><\/b><\/li>\n<li><b><i><span style=\"font-size: 14.0pt; line-height: 150%; font-family: 'Times New Roman',serif;\">Inovacion dhe k\u00ebrkim shkencor n\u00eb fush\u00ebn e imazheris\u00eb<\/span><\/i><\/b><\/li>\n<li><b><i><span style=\"font-size: 14.0pt; line-height: 150%; font-family: 'Times New Roman',serif;\">Infrastruktur\u00eb Moderne dhe Teknologji t\u00eb Avancuar<\/span><\/i><\/b><\/li>\n<li><b><i><span style=\"font-size: 14.0pt; line-height: 150%; font-family: 'Times New Roman',serif;\">I pajisur me aparatura t\u00eb teknologjis\u00eb s\u00eb fundit, Sh\u00ebrbimi i Imazheris\u00eb mund\u00ebson:<\/span><\/i><\/b><\/li>\n<li><b><i><span style=\"font-size: 14.0pt; line-height: 150%; font-family: 'Times New Roman',serif;\">Ekzaminime t\u00eb nd\u00ebrlikuara dhe t\u00eb urgjenc\u00ebs n\u00eb \u00e7do moment<\/span><\/i><\/b><\/li>\n<li><b><i><span style=\"font-size: 14.0pt; line-height: 150%; font-family: 'Times New Roman',serif;\">Monitorimin dhe ndjekjen e problematikave t\u00eb lidhura me traum\u00ebn<\/span><\/i><\/b><\/li>\n<li><b style=\"text-wrap-mode: initial;\"><i><span style=\"font-size: 14.0pt; line-height: 150%; font-family: 'Times New Roman',serif;\">Sh\u00ebrbim t\u00eb menj\u00ebhersh\u00ebm dhe t\u00eb besuesh\u00ebm n\u00eb \u00e7do or\u00eb t\u00eb dit\u00ebs dhe nat\u00ebs<\/span><\/i><\/b><\/li>\n<\/ul>\n<p class=\"MsoNormal\" style=\"margin-bottom: 8.0pt; text-align: justify; line-height: 150%;\"><b><i><span style=\"font-size: 14.0pt; line-height: 150%; font-family: 'Times New Roman',serif;\"><br>Shef Sh\u00ebrbimi<\/span><\/i><\/b><\/p>\n<p class=\"MsoNormal\" style=\"margin-bottom: 8.0pt; text-align: justify; line-height: 150%;\"><b><i><span style=\"font-size: 14.0pt; line-height: 150%; font-family: 'Times New Roman',serif;\">Dr.Shk. Vidi DEMKO<\/span><\/i><\/b><\/p>\n<p class=\"MsoNormal\" style=\"margin-bottom: 8.0pt; text-align: justify; line-height: 150%;\"><b><i><span style=\"font-size: 14.0pt; line-height: 150%; font-family: 'Times New Roman',serif;\">Kryeteknik Imazherie<\/span><\/i><\/b><\/p>\n<p class=\"MsoNormal\" style=\"margin-bottom: 8.0pt; text-align: justify; line-height: 150%;\"><span style=\"font-size: 14.0pt; line-height: 150%; font-family: 'Times New Roman',serif;\">Theodhor XHILLARI<\/span><\/p>\n<p class=\"MsoNormal\" style=\"margin-bottom: 8.0pt; text-align: justify; line-height: 150%;\"><b><i><span style=\"font-size: 14.0pt; line-height: 150%; font-family: 'Times New Roman',serif;\">Ekipi mjek\u00ebve imazherist\u00eb<\/span><\/i><\/b><\/p>\n<p class=\"MsoNormal\" style=\"margin-bottom: 8.0pt; text-align: justify; line-height: 150%;\"><span style=\"font-size: 14.0pt; line-height: 150%; font-family: 'Times New Roman',serif;\">Dr. Najada Jahiqi<\/span><\/p><p class=\"MsoNormal\" style=\"margin-bottom: 8.0pt; text-align: justify; line-height: 150%;\"><span style=\"font-size: 14.0pt; line-height: 150%; font-family: 'Times New Roman',serif;\">Dr. Besmir Bulku<\/span><\/p>\n<p class=\"MsoNormal\" style=\"margin-bottom: 8.0pt; text-align: justify; line-height: 150%;\"><span style=\"font-size: 14.0pt; line-height: 150%; font-family: 'Times New Roman',serif;\">Dr. Admir Mustafa<\/span><\/p>\n<p class=\"MsoNormal\" style=\"margin-bottom: 8.0pt; text-align: justify; line-height: 150%;\"><span style=\"font-size: 14.0pt; line-height: 150%; font-family: 'Times New Roman',serif;\">Dr. Artan Gjika<\/span><\/p>\n<p class=\"MsoNormal\" style=\"margin-bottom: 8.0pt; text-align: justify; line-height: 150%;\"><span style=\"font-size: 14.0pt; line-height: 150%; font-family: 'Times New Roman',serif;\">Dr. Enkela Xhori<\/span><\/p>\n<p class=\"MsoNormal\" style=\"margin-bottom: 8.0pt; text-align: justify; line-height: 150%;\"><span style=\"font-size: 14.0pt; line-height: 150%; font-family: 'Times New Roman',serif;\">Dr. Bardhyl Veizaj<\/span><\/p>\n<p class=\"MsoNormal\" style=\"margin-bottom: 8.0pt; text-align: justify; line-height: 150%;\"><span style=\"font-size: 14.0pt; line-height: 150%; font-family: 'Times New Roman',serif;\">Dr. Marsid Kuqi<\/span><\/p>\n<p class=\"MsoNormal\" style=\"margin-bottom: 8.0pt; text-align: justify; line-height: 150%;\"><span style=\"font-size: 14.0pt; line-height: 150%; font-family: 'Times New Roman',serif;\">Dr. Hysni Dida<\/span><\/p>\n<p class=\"MsoNormal\" style=\"margin-bottom: 8.0pt; text-align: justify; line-height: 150%;\"><span style=\"font-size: 14.0pt; line-height: 150%; font-family: 'Times New Roman',serif;\">Dr. Rudina Delialliasi<\/span><\/p>\n<p class=\"MsoNormal\" style=\"margin-bottom: 8.0pt; text-align: justify; line-height: 150%;\"><span style=\"font-size: 14.0pt; line-height: 150%; font-family: 'Times New Roman',serif;\">Dr. Ervin Gjoni<\/span><\/p>\t\t\t\t\t\t\t\t<\/div>\n\t\t\t\t<\/div>\n\t\t\t\t\t<\/div>\n\t\t\t\t<\/div>\n\t\t<div class=\"elementor-element elementor-element-db5686c e-flex e-con-boxed e-con e-parent\" data-id=\"db5686c\" data-element_type=\"container\">\n\t\t\t\t\t<div class=\"e-con-inner\">\n\t\t\t\t<div class=\"elementor-element elementor-element-a352683 elementor-widget-divider--view-line elementor-widget elementor-widget-divider\" data-id=\"a352683\" data-element_type=\"widget\" data-widget_type=\"divider.default\">\n\t\t\t\t<div class=\"elementor-widget-container\">\n\t\t\t\t\t\t\t<div class=\"elementor-divider\">\n\t\t\t<span class=\"elementor-divider-separator\">\n\t\t\t\t\t\t<\/span>\n\t\t<\/div>\n\t\t\t\t\t\t<\/div>\n\t\t\t\t<\/div>\n\t\t\t\t\t<\/div>\n\t\t\t\t<\/div>\n\t\t<div class=\"elementor-element elementor-element-6b9a5bf e-flex e-con-boxed e-con e-parent\" data-id=\"6b9a5bf\" data-element_type=\"container\">\n\t\t\t\t\t<div class=\"e-con-inner\">\n\t\t\t\t<div class=\"elementor-element elementor-element-572e2cd elementor-widget elementor-widget-shortcode\" data-id=\"572e2cd\" data-element_type=\"widget\" data-widget_type=\"shortcode.default\">\n\t\t\t\t<div class=\"elementor-widget-container\">\n\t\t\t\t\t\t\t<div class=\"elementor-shortcode\"><div id=\"metaslider-id-1119\" style=\"width: 100%;\" class=\"ml-slider-3-104-0 metaslider metaslider-flex metaslider-1119 ml-slider has-dots-nav ms-theme-default-base\" role=\"region\" aria-label=\"Imazheri\" data-height=\"300\" data-width=\"700\">\n    <div id=\"metaslider_container_1119\">\n        <div id=\"metaslider_1119\">\n            <ul aria-live='off' class='slides'>\n                <li style=\"display: block; width: 100%;\" class=\"slide-1121 ms-image \" aria-roledescription=\"slide\" data-date=\"2026-01-16 20:30:07\" data-filename=\"WhatsApp-Image-2026-01-15-at-15.53.53-1-700x300.jpeg\" data-slide-type=\"image\"><img fetchpriority=\"high\" decoding=\"async\" src=\"https:\/\/sut.gov.al\/wp-content\/uploads\/2026\/01\/WhatsApp-Image-2026-01-15-at-15.53.53-1-700x300.jpeg\" height=\"300\" width=\"700\" alt=\"\" class=\"slider-1119 slide-1121 msDefaultImage\" title=\"WhatsApp Image 2026-01-15 at 15.53.53 (1)\" \/><\/li>\n                <li style=\"display: none; width: 100%;\" class=\"slide-1122 ms-image \" aria-roledescription=\"slide\" data-date=\"2026-01-16 20:30:07\" data-filename=\"WhatsApp-Image-2026-01-15-at-15.53.52-2-700x300.jpeg\" data-slide-type=\"image\"><img decoding=\"async\" src=\"https:\/\/sut.gov.al\/wp-content\/uploads\/2026\/01\/WhatsApp-Image-2026-01-15-at-15.53.52-2-700x300.jpeg\" height=\"300\" width=\"700\" alt=\"\" class=\"slider-1119 slide-1122 msDefaultImage\" title=\"WhatsApp Image 2026-01-15 at 15.53.52 (2)\" \/><\/li>\n                <li style=\"display: none; width: 100%;\" class=\"slide-1123 ms-image \" aria-roledescription=\"slide\" data-date=\"2026-01-16 20:30:07\" data-filename=\"WhatsApp-Image-2026-01-15-at-15.53.53-700x300.jpeg\" data-slide-type=\"image\"><img decoding=\"async\" src=\"https:\/\/sut.gov.al\/wp-content\/uploads\/2026\/01\/WhatsApp-Image-2026-01-15-at-15.53.53-700x300.jpeg\" height=\"300\" width=\"700\" alt=\"\" class=\"slider-1119 slide-1123 msDefaultImage\" title=\"WhatsApp Image 2026-01-15 at 15.53.53\" \/><\/li>\n                <li style=\"display: none; width: 100%;\" class=\"slide-1124 ms-image \" aria-roledescription=\"slide\" data-date=\"2026-01-16 20:30:07\" data-filename=\"WhatsApp-Image-2026-01-15-at-15.53.52-700x300.jpeg\" data-slide-type=\"image\"><img loading=\"lazy\" decoding=\"async\" src=\"https:\/\/sut.gov.al\/wp-content\/uploads\/2026\/01\/WhatsApp-Image-2026-01-15-at-15.53.52-700x300.jpeg\" height=\"300\" width=\"700\" alt=\"\" class=\"slider-1119 slide-1124 msDefaultImage\" title=\"WhatsApp Image 2026-01-15 at 15.53.52\" \/><\/li>\n            <\/ul>\n        <\/div>\n        \n    <\/div>\n<\/div><\/div>\n\t\t\t\t\t\t<\/div>\n\t\t\t\t<\/div>\n\t\t\t\t\t<\/div>\n\t\t\t\t<\/div>\n\t\t\t\t<\/div>\n\t\t","protected":false},"excerpt":{"rendered":"<p>Sh\u00ebrbimi i Imazheris\u00eb n\u00eb Spitalin Universitar t\u00eb Traum\u00ebs \u00ebsht\u00eb nj\u00eb nga hallkat m\u00eb t\u00eb r\u00ebnd\u00ebsishme t\u00eb struktur\u00ebs spitalore, q\u00eb ofron mb\u00ebshtetje t\u00eb pand\u00ebrprer\u00eb p\u00ebr diagnostikimin dhe trajtimin e pacient\u00ebve n\u00eb gjendje t\u00eb r\u00ebnd\u00eb, duke p\u00ebrdorur teknologjin\u00eb m\u00eb t\u00eb avancuar p\u00ebr t\u00eb mb\u00ebshtetur diagnostikimin dhe trajtimin e pacient\u00ebve, me focus t\u00eb ve\u00e7ant\u00eb tek ata q\u00eb paraqesin [&hellip;]<\/p>\n","protected":false},"author":3,"featured_media":0,"parent":0,"menu_order":0,"comment_status":"closed","ping_status":"closed","template":"","meta":{"footnotes":""},"class_list":["post-1117","page","type-page","status-publish","hentry"],"jetpack_sharing_enabled":true,"_links":{"self":[{"href":"https:\/\/sut.gov.al\/index.php\/wp-json\/wp\/v2\/pages\/1117","targetHints":{"allow":["GET"]}}],"collection":[{"href":"https:\/\/sut.gov.al\/index.php\/wp-json\/wp\/v2\/pages"}],"about":[{"href":"https:\/\/sut.gov.al\/index.php\/wp-json\/wp\/v2\/types\/page"}],"author":[{"embeddable":true,"href":"https:\/\/sut.gov.al\/index.php\/wp-json\/wp\/v2\/users\/3"}],"replies":[{"embeddable":true,"href":"https:\/\/sut.gov.al\/index.php\/wp-json\/wp\/v2\/comments?post=1117"}],"version-history":[{"count":4,"href":"https:\/\/sut.gov.al\/index.php\/wp-json\/wp\/v2\/pages\/1117\/revisions"}],"predecessor-version":[{"id":1127,"href":"https:\/\/sut.gov.al\/index.php\/wp-json\/wp\/v2\/pages\/1117\/revisions\/1127"}],"wp:attachment":[{"href":"https:\/\/sut.gov.al\/index.php\/wp-json\/wp\/v2\/media?parent=1117"}],"curies":[{"name":"wp","href":"https:\/\/api.w.org\/{rel}","templated":true}]}}