{"id":116,"date":"2023-04-28T10:53:09","date_gmt":"2023-04-28T10:53:09","guid":{"rendered":"https:\/\/sut.gov.al\/?page_id=116"},"modified":"2026-01-27T17:22:32","modified_gmt":"2026-01-27T17:22:32","slug":"drejtimi-institucional","status":"publish","type":"page","link":"https:\/\/sut.gov.al\/index.php\/drejtimi-institucional\/","title":{"rendered":"DREJTIMI INSTITUCIONAL"},"content":{"rendered":"\t\t<div data-elementor-type=\"wp-page\" data-elementor-id=\"116\" class=\"elementor elementor-116\">\n\t\t\t\t<div class=\"elementor-element elementor-element-1eabf3c7 e-flex e-con-boxed e-con e-parent\" data-id=\"1eabf3c7\" data-element_type=\"container\">\n\t\t\t\t\t<div class=\"e-con-inner\">\n\t\t\t\t<div class=\"elementor-element elementor-element-773ec2da elementor-widget elementor-widget-text-editor\" data-id=\"773ec2da\" data-element_type=\"widget\" data-widget_type=\"text-editor.default\">\n\t\t\t\t<div class=\"elementor-widget-container\">\n\t\t\t\t\t\t\t\t\t\n<p>\u00a0<\/p>\n\n<h3 id=\"miresevini-ne-faqen-tone\" class=\"wp-block-heading\"><em>Mir\u00ebsevini n\u00eb faqen ton\u00eb!<\/em><\/h3>\n\n<p>\u00a0<\/p>\n\n<p>Ne shpresojm\u00eb q\u00eb n\u00ebp\u00ebrmjet k\u00ebsaj faqe t\u00eb keni mund\u00ebsi t\u00eb merrni informacionin e duhur p\u00ebr \u00e7do sh\u00ebrbim mjek\u00ebsor t\u00eb ofruar n\u00eb<strong><em> Spitalin Universitar t\u00eb Traum\u00ebs \u201cSUT\u201d<\/em><\/strong>.<\/p>\n\n<p>Q\u00ebllimi i pun\u00ebs ton\u00eb t\u00eb p\u00ebrditshme \u00ebsht\u00eb q\u00eb \u00e7do pacienti dhe familjari t\u2019i ofrohet sh\u00ebrbim profesional dhe kujdes cil\u00ebsor. Ne synojm\u00eb t\u00eb zhvillojm\u00eb kultur\u00ebn e sh\u00ebrbimit dhe respektit ndaj pacientit n\u00eb \u00e7do sh\u00ebrbim. Ndaj, ju ftoj t\u00eb gjith\u00ebve, si partner\u00eb, t\u00eb b\u00ebheni pjes\u00eb aktive e zhvillimit t\u00eb m\u00ebtejsh\u00ebm t\u00eb kultur\u00ebs p\u00ebr ofrimin e sh\u00ebrbimit cil\u00ebsor.<\/p>\n\n<p>Ju ftojm\u00eb gjithashtu p\u00ebr ta par\u00eb drejtimin spitalor, jo vet\u00ebm si nj\u00eb pozicion, por si nj\u00eb p\u00ebrgjegj\u00ebsi p\u00ebr krijimin e nj\u00eb atmosfere q\u00eb na frym\u00ebzon p\u00ebr t\u00eb vendosur gjithmon\u00eb pacientin t\u00eb parin.<\/p>\n\n<p>Rezultatet pozitive t\u00eb pun\u00ebs, n\u00eb saj\u00eb t\u00eb p\u00ebrkushtimit maksimal t\u00eb stafit t\u00eb mjek\u00ebve, infermier\u00ebve dhe punonj\u00ebsve tan\u00eb, mb\u00ebshteten n\u00eb vizionin:\u00a0<em><strong>\u201cKur njer\u00ebzit mendojn\u00eb p\u00ebr kujdes sh\u00ebndet\u00ebsor profesional, ata mendojn\u00eb p\u00ebr SUT\u201d.<\/strong><\/em>\u00a0<\/p>\n\n<p>\u00cbsht\u00eb nj\u00eb privilegj t\u00eb jesh pjes\u00eb e k\u00ebtij organizmi, i cili \u00ebsht\u00eb nj\u00eb burim krenarie p\u00ebr komunitetin. \u00cbsht\u00eb nj\u00eb privilegj t\u00eb jesh pjes\u00eb e k\u00ebsaj strukture, e cila kujdeset p\u00ebr jet\u00ebn e mij\u00ebra pacient\u00ebve \u00e7do dit\u00eb. Ne shpresojm\u00eb me pun\u00ebn ton\u00eb t\u00eb p\u00ebrmbushim pritshm\u00ebrit\u00eb e \u00e7do qytetari Kur ju t\u00eb shfletoni k\u00ebt\u00eb faqe, lutem, mos hezitoni t\u00eb kontaktoni p\u00ebr \u00e7do pyetje, koment apo sugjerim n\u00eb rubrik\u00ebn \u201cNa kontaktoni\u201d.<\/p>\n\n<figure class=\"wp-block-table is-style-stripes has-small-font-size\">\n<table class=\"has-black-color has-light-green-cyan-background-color has-text-color has-background has-link-color\">\n<tbody>\n<tr>\n<td>Dr. Edlira Bode<\/td>\n<td>Dr.Drejtore e P\u00ebrgjithshme e S.U.T<\/td>\n<\/tr>\n<tr>\n<td>Dr. Valmira Abilaliaj<\/td>\n<td>Z\u00ebvend\u00ebsdrejtor i P\u00ebrgjithsh\u00ebm mjek\u00ebsor<\/td>\n<\/tr>\n<tr>\n<td>Kolonele, Dr. Valbona Kopani<\/td>\n<td>Z\u00ebvend\u00ebsdrejtore i P\u00ebrgjithsh\u00ebm (Ushtarak)<\/td>\n<\/tr>\n<tr>\n<td>Z. Fatbardh Shehaj<\/td>\n<td>Z\u00ebvend\u00ebsdrejtor i P\u00ebrgjithsh\u00ebm (Ekonomik)<\/td>\n<\/tr>\n<tr>\n<td>Znj. Vojsava Boshkaj<\/td>\n<td>Kryeinfermiere e P\u00ebrgjithshme<\/td>\n<\/tr>\n<\/tbody>\n<\/table>\n<\/figure>\n\n<div class=\"wp-block-spacer\" style=\"height: 21px;\" aria-hidden=\"true\">\u00a0<\/div>\n\n<div class=\"wp-block-media-text is-stacked-on-mobile\">\n<figure class=\"wp-block-media-text__media\"><\/figure>\n<div class=\"wp-block-media-text__content\">\n<p>\u00a0<\/p>\n<\/div>\n<\/div>\n<p><div class=\"abcfslGridCntr  abcfslMLRAuto slv170_t209_L abcfslGridCntr_209\"><\/div><\/p>\n\t\t\t\t\t\t\t\t<\/div>\n\t\t\t\t<\/div>\n\t\t\t\t<div class=\"elementor-element elementor-element-9a5ee4d elementor-widget__width-initial elementor-widget elementor-widget-text-editor\" data-id=\"9a5ee4d\" data-element_type=\"widget\" data-widget_type=\"text-editor.default\">\n\t\t\t\t<div class=\"elementor-widget-container\">\n\t\t\t\t\t\t\t\t\t<p><strong><em>OBJEKTIVAT<\/em><\/strong><\/p>\n<p>Sigurimi i ndihm\u00ebs mjek\u00ebsore t\u00eb specializuar p\u00ebr pacient\u00ebt e paraqitur sipas sistemit t\u00eb referimit, p\u00ebr pacient\u00ebt e traumatizuar dhe p\u00ebr ata t\u00eb shtruar n\u00eb SUT me probleme t\u00eb mjek\u00ebsis\u00eb interne.<\/p>\n<p>Ofrimi i sh\u00ebrbimit sh\u00ebndet\u00ebsor p\u00ebr ushtarak\u00ebt aktiv\u00eb, n\u00eb rezerv\u00eb dhe n\u00eb pension t\u00eb Forcave t\u00eb Armatosura. Pjes\u00ebmarrja n\u00eb komisionet mjek\u00ebsore t\u00eb specializuara, t\u00eb p\u00ebrcaktuara n\u00eb \u201cRregulloren e vler\u00ebsimit t\u00eb aft\u00ebsive fizike e sh\u00ebndet\u00ebsore t\u00eb shtetasit dhe ushtarakut t\u00eb FA\u201d, p\u00ebr: kandidat\u00ebt n\u00eb shkollat ushtarake, oficer\u00ebt, n\u00ebnoficer\u00ebt, ushtar\u00ebt profesionist\u00eb t\u00eb FA, kontingjentet q\u00eb marrin pjes\u00eb n\u00eb misione jasht\u00eb vendit.<\/p>\n<p>Sh\u00ebrbimi si baz\u00eb pedagogjike p\u00ebr formimin e student\u00ebve t\u00eb mjek\u00ebsis\u00eb dhe mjek\u00ebve specializant\u00eb.<\/p>\n<p>Koordinimi i edukimit t\u00eb vazhduesh\u00ebm p\u00ebr mjek\u00ebt dhe personelin tjet\u00ebr sh\u00ebndet\u00ebsor q\u00eb mbulon sh\u00ebrbimi.<\/p>\n<p>Trajtimi i popullat\u00ebs civile p\u00ebr patologji t\u00eb ve\u00e7anta, me interes klinik dhe terapeutik, sipas udh\u00ebzimeve t\u00eb Ministris\u00eb s\u00eb Sh\u00ebndet\u00ebsis\u00eb, ISKSH-s\u00eb dhe n\u00eb p\u00ebrputhje me udh\u00ebzimet e Ministrit t\u00eb Mbrojtjes.<\/p>\n<p class=\"MsoNormal\" style=\"text-align: justify; line-height: 150%;\"><b><i><span style=\"font-size: 12.0pt; line-height: 150%; font-family: 'Times New Roman',serif;\">Objektivat kryesore p\u00ebrfshijn\u00eb:<\/span><\/i><\/b><b><i><\/i><\/b><\/p>\n<ul>\n<li class=\"MsoNormal\" style=\"text-align: justify; line-height: 150%;\"><b><i><span style=\"font-size: 12.0pt; line-height: 150%; font-family: 'Times New Roman',serif;\">P\u00ebrmir\u00ebsimin e proceseve diagnostikuese n\u00eb aspektin klinik dhe organizativ<\/span><\/i><\/b><\/li>\n<li class=\"MsoNormal\" style=\"text-align: justify; line-height: 150%;\"><b><i><span style=\"font-size: 12.0pt; line-height: 150%; font-family: 'Times New Roman',serif;\">Ofrimin e sh\u00ebrbimeve t\u00eb imazheris\u00eb p\u00ebr pacient\u00ebt e shtruar dhe ambulator\u00eb, n\u00eb m\u00ebnyr\u00eb t\u00eb vazhdueshme dhe t\u00eb aksesueshme p\u00ebr t\u00eb gjith\u00eb<\/span><\/i><\/b><\/li>\n<li class=\"MsoNormal\" style=\"text-align: justify; line-height: 150%;\"><b><i><span style=\"font-size: 12.0pt; line-height: 150%; font-family: 'Times New Roman',serif;\">Parimet dhe Qasja Profesionale<\/span><\/i><\/b><b><i><\/i><\/b><\/li>\n<li class=\"MsoNormal\" style=\"text-align: justify; line-height: 150%;\"><b><i><span style=\"font-size: 12.0pt; line-height: 150%; font-family: 'Times New Roman',serif;\">Sh\u00ebrbimi mb\u00ebshtet nj\u00eb model bashk\u00ebkohor dhe t\u00eb integruar t\u00eb kujdesit, duke promovuar:<\/span><\/i><\/b><\/li>\n<li class=\"MsoNormal\" style=\"text-align: justify; line-height: 150%;\"><b><i><span style=\"font-size: 12.0pt; line-height: 150%; font-family: 'Times New Roman',serif;\">Diagnostikim t\u00eb sakt\u00eb dhe n\u00eb koh\u00eb<\/span><\/i><\/b><\/li>\n<li class=\"MsoNormal\" style=\"text-align: justify; line-height: 150%;\"><b><i><span style=\"font-size: 12.0pt; line-height: 150%; font-family: 'Times New Roman',serif;\">P\u00ebrdorim efikas t\u00eb burimeve njer\u00ebzore dhe teknologjike<\/span><\/i><\/b><\/li>\n<li class=\"MsoNormal\" style=\"text-align: justify; line-height: 150%;\"><b><i><span style=\"font-size: 12.0pt; line-height: 150%; font-family: 'Times New Roman',serif;\">Edukim t\u00eb vazhduesh\u00ebm t\u00eb personelit mjek\u00ebsor<\/span><\/i><\/b><\/li>\n<li class=\"MsoNormal\" style=\"text-align: justify; line-height: 150%;\"><b><i><span style=\"font-size: 12.0pt; line-height: 150%; font-family: 'Times New Roman',serif;\">Inovacion dhe k\u00ebrkim shkencor n\u00eb fush\u00ebn e imazheris\u00eb<\/span><\/i><\/b><\/li>\n<li class=\"MsoNormal\" style=\"text-align: justify; line-height: 150%;\"><b><i><span style=\"font-size: 12.0pt; line-height: 150%; font-family: 'Times New Roman',serif;\">Infrastruktur\u00eb Moderne dhe Teknologji t\u00eb Avancuar<\/span><\/i><\/b><\/li>\n<li class=\"MsoNormal\" style=\"text-align: justify; line-height: 150%;\"><b><i><span style=\"font-size: 12.0pt; line-height: 150%; font-family: 'Times New Roman',serif;\">I pajisur me aparatura t\u00eb teknologjis\u00eb s\u00eb fundit, Sh\u00ebrbimi i Imazheris\u00eb mund\u00ebson:<\/span><\/i><\/b><\/li>\n<li class=\"MsoNormal\" style=\"text-align: justify; line-height: 150%;\"><b><i><span style=\"font-size: 12.0pt; line-height: 150%; font-family: 'Times New Roman',serif;\">Ekzaminime t\u00eb nd\u00ebrlikuara dhe t\u00eb urgjenc\u00ebs n\u00eb \u00e7do moment<\/span><\/i><\/b><\/li>\n<li class=\"MsoNormal\" style=\"text-align: justify; line-height: 150%;\"><b><i><span style=\"font-size: 12.0pt; line-height: 150%; font-family: 'Times New Roman',serif;\">Monitorimin dhe ndjekjen e problematikave t\u00eb lidhura me traum\u00ebn<\/span><\/i><\/b><\/li>\n<li class=\"MsoNormal\" style=\"text-align: justify; line-height: 150%;\"><b><i><span style=\"font-size: 12.0pt; line-height: 150%; font-family: 'Times New Roman',serif;\">Sh\u00ebrbim t\u00eb menj\u00ebhersh\u00ebm dhe t\u00eb besuesh\u00ebm n\u00eb \u00e7do or\u00eb t\u00eb dit\u00ebs dhe nat\u00ebs<\/span><\/i><\/b><\/li>\n<\/ul>\t\t\t\t\t\t\t\t<\/div>\n\t\t\t\t<\/div>\n\t\t\t\t\t<\/div>\n\t\t\t\t<\/div>\n\t\t<div class=\"elementor-element elementor-element-edbc5e5 e-grid e-con-full e-con e-parent\" data-id=\"edbc5e5\" data-element_type=\"container\">\n\t\t\t\t<div class=\"elementor-element elementor-element-2942ecb elementor-widget elementor-widget-image\" data-id=\"2942ecb\" data-element_type=\"widget\" data-widget_type=\"image.default\">\n\t\t\t\t<div class=\"elementor-widget-container\">\n\t\t\t\t\t\t\t\t\t\t\t\t<figure class=\"wp-caption\">\n\t\t\t\t\t\t\t\t\t\t<img fetchpriority=\"high\" decoding=\"async\" width=\"259\" height=\"194\" src=\"https:\/\/sut.gov.al\/wp-content\/uploads\/2024\/10\/kirurgjia-e-pergjithshe.jpg?wsr\" class=\"elementor-animation-pop attachment-large size-large wp-image-642\" alt=\"\" \/>\t\t\t\t\t\t\t\t\t\t\t<figcaption class=\"widget-image-caption wp-caption-text\">Sh\u00ebrbimi i Urgjenc\u00ebs<\/figcaption>\n\t\t\t\t\t\t\t\t\t\t<\/figure>\n\t\t\t\t\t\t\t\t\t<\/div>\n\t\t\t\t<\/div>\n\t\t\t\t<div class=\"elementor-element elementor-element-e3d1774 elementor-widget elementor-widget-image\" data-id=\"e3d1774\" data-element_type=\"widget\" data-widget_type=\"image.default\">\n\t\t\t\t<div class=\"elementor-widget-container\">\n\t\t\t\t\t\t\t\t\t\t\t\t<figure class=\"wp-caption\">\n\t\t\t\t\t\t\t\t\t\t\t<a href=\"https:\/\/sut.gov.al\/wp-content\/uploads\/2024\/10\/neurokirurgjia.jpg\" data-elementor-open-lightbox=\"yes\" data-elementor-lightbox-title=\"neurokirurgjia\" data-e-action-hash=\"#elementor-action%3Aaction%3Dlightbox%26settings%3DeyJpZCI6NjQzLCJ1cmwiOiJodHRwczpcL1wvc3V0Lmdvdi5hbFwvd3AtY29udGVudFwvdXBsb2Fkc1wvMjAyNFwvMTBcL25ldXJva2lydXJnamlhLmpwZyJ9\">\n\t\t\t\t\t\t\t<img decoding=\"async\" width=\"194\" height=\"259\" src=\"https:\/\/sut.gov.al\/wp-content\/uploads\/2024\/10\/neurokirurgjia.jpg?wsr\" class=\"elementor-animation-pop attachment-large size-large wp-image-643\" alt=\"\" \/>\t\t\t\t\t\t\t\t<\/a>\n\t\t\t\t\t\t\t\t\t\t\t<figcaption class=\"widget-image-caption wp-caption-text\">Neurokirugjia<\/figcaption>\n\t\t\t\t\t\t\t\t\t\t<\/figure>\n\t\t\t\t\t\t\t\t\t<\/div>\n\t\t\t\t<\/div>\n\t\t\t\t<div class=\"elementor-element elementor-element-34e01d4 elementor-widget elementor-widget-image\" data-id=\"34e01d4\" data-element_type=\"widget\" data-widget_type=\"image.default\">\n\t\t\t\t<div class=\"elementor-widget-container\">\n\t\t\t\t\t\t\t\t\t\t\t\t<figure class=\"wp-caption\">\n\t\t\t\t\t\t\t\t\t\t\t<a href=\"https:\/\/sut.gov.al\/wp-content\/uploads\/2024\/10\/WhatsApp-Image-2024-10-03-at-11.36.15-1.jpeg\" data-elementor-open-lightbox=\"yes\" data-elementor-lightbox-title=\"WhatsApp Image 2024-10-03 at 11.36.15 (1)\" data-e-action-hash=\"#elementor-action%3Aaction%3Dlightbox%26settings%3DeyJpZCI6NDY0LCJ1cmwiOiJodHRwczpcL1wvc3V0Lmdvdi5hbFwvd3AtY29udGVudFwvdXBsb2Fkc1wvMjAyNFwvMTBcL1doYXRzQXBwLUltYWdlLTIwMjQtMTAtMDMtYXQtMTEuMzYuMTUtMS5qcGVnIn0%3D\">\n\t\t\t\t\t\t\t<img decoding=\"async\" width=\"525\" height=\"933\" src=\"https:\/\/sut.gov.al\/wp-content\/uploads\/2024\/10\/WhatsApp-Image-2024-10-03-at-11.36.15-1-576x1024.jpeg?wsr\" class=\"elementor-animation-pop attachment-large size-large wp-image-464\" alt=\"\" srcset=\"https:\/\/sut.gov.al\/wp-content\/uploads\/2024\/10\/WhatsApp-Image-2024-10-03-at-11.36.15-1-576x1024.jpeg 576w, https:\/\/sut.gov.al\/wp-content\/uploads\/2024\/10\/WhatsApp-Image-2024-10-03-at-11.36.15-1-169x300.jpeg 169w, https:\/\/sut.gov.al\/wp-content\/uploads\/2024\/10\/WhatsApp-Image-2024-10-03-at-11.36.15-1-768x1365.jpeg 768w, https:\/\/sut.gov.al\/wp-content\/uploads\/2024\/10\/WhatsApp-Image-2024-10-03-at-11.36.15-1-864x1536.jpeg 864w, https:\/\/sut.gov.al\/wp-content\/uploads\/2024\/10\/WhatsApp-Image-2024-10-03-at-11.36.15-1.jpeg 900w\" sizes=\"(max-width: 525px) 100vw, 525px\" \/>\t\t\t\t\t\t\t\t<\/a>\n\t\t\t\t\t\t\t\t\t\t\t<figcaption class=\"widget-image-caption wp-caption-text\">Skaner CT &amp; MRI<\/figcaption>\n\t\t\t\t\t\t\t\t\t\t<\/figure>\n\t\t\t\t\t\t\t\t\t<\/div>\n\t\t\t\t<\/div>\n\t\t\t\t<div class=\"elementor-element elementor-element-fbeff29 elementor-widget elementor-widget-image\" data-id=\"fbeff29\" data-element_type=\"widget\" data-widget_type=\"image.default\">\n\t\t\t\t<div class=\"elementor-widget-container\">\n\t\t\t\t\t\t\t\t\t\t\t\t<figure class=\"wp-caption\">\n\t\t\t\t\t\t\t\t\t\t\t<a href=\"https:\/\/sut.gov.al\/wp-content\/uploads\/2024\/10\/WhatsApp-Image-2024-10-03-at-11.36.16-scaled.jpeg\" data-elementor-open-lightbox=\"yes\" data-elementor-lightbox-title=\"WhatsApp Image 2024-10-03 at 11.36.16\" data-e-action-hash=\"#elementor-action%3Aaction%3Dlightbox%26settings%3DeyJpZCI6NDYxLCJ1cmwiOiJodHRwczpcL1wvc3V0Lmdvdi5hbFwvd3AtY29udGVudFwvdXBsb2Fkc1wvMjAyNFwvMTBcL1doYXRzQXBwLUltYWdlLTIwMjQtMTAtMDMtYXQtMTEuMzYuMTYtc2NhbGVkLmpwZWcifQ%3D%3D\">\n\t\t\t\t\t\t\t<img loading=\"lazy\" decoding=\"async\" width=\"525\" height=\"394\" src=\"https:\/\/sut.gov.al\/wp-content\/uploads\/2024\/10\/WhatsApp-Image-2024-10-03-at-11.36.16-1024x768.jpeg?wsr\" class=\"elementor-animation-pop attachment-large size-large wp-image-461\" alt=\"\" srcset=\"https:\/\/sut.gov.al\/wp-content\/uploads\/2024\/10\/WhatsApp-Image-2024-10-03-at-11.36.16-1024x768.jpeg 1024w, https:\/\/sut.gov.al\/wp-content\/uploads\/2024\/10\/WhatsApp-Image-2024-10-03-at-11.36.16-300x225.jpeg 300w, https:\/\/sut.gov.al\/wp-content\/uploads\/2024\/10\/WhatsApp-Image-2024-10-03-at-11.36.16-768x576.jpeg 768w, https:\/\/sut.gov.al\/wp-content\/uploads\/2024\/10\/WhatsApp-Image-2024-10-03-at-11.36.16-1536x1152.jpeg 1536w, https:\/\/sut.gov.al\/wp-content\/uploads\/2024\/10\/WhatsApp-Image-2024-10-03-at-11.36.16-2048x1536.jpeg 2048w, https:\/\/sut.gov.al\/wp-content\/uploads\/2024\/10\/WhatsApp-Image-2024-10-03-at-11.36.16-1320x990.jpeg 1320w\" sizes=\"(max-width: 525px) 100vw, 525px\" \/>\t\t\t\t\t\t\t\t<\/a>\n\t\t\t\t\t\t\t\t\t\t\t<figcaption class=\"widget-image-caption wp-caption-text\">Blloku Operator<\/figcaption>\n\t\t\t\t\t\t\t\t\t\t<\/figure>\n\t\t\t\t\t\t\t\t\t<\/div>\n\t\t\t\t<\/div>\n\t\t\t\t<div class=\"elementor-element elementor-element-1565e14 elementor-widget elementor-widget-image\" data-id=\"1565e14\" data-element_type=\"widget\" data-widget_type=\"image.default\">\n\t\t\t\t<div class=\"elementor-widget-container\">\n\t\t\t\t\t\t\t\t\t\t\t\t<figure class=\"wp-caption\">\n\t\t\t\t\t\t\t\t\t\t\t<a href=\"https:\/\/sut.gov.al\/wp-content\/uploads\/2024\/07\/Green-Gradient-Corporate-Clean-Vaccine-Information-General-Health-Banner-1-1.png\" data-elementor-open-lightbox=\"yes\" data-elementor-lightbox-title=\"Green-Gradient-Corporate-Clean-Vaccine-Information-General-Health-Banner-1-1\" data-e-action-hash=\"#elementor-action%3Aaction%3Dlightbox%26settings%3DeyJpZCI6MjMzLCJ1cmwiOiJodHRwczpcL1wvc3V0Lmdvdi5hbFwvd3AtY29udGVudFwvdXBsb2Fkc1wvMjAyNFwvMDdcL0dyZWVuLUdyYWRpZW50LUNvcnBvcmF0ZS1DbGVhbi1WYWNjaW5lLUluZm9ybWF0aW9uLUdlbmVyYWwtSGVhbHRoLUJhbm5lci0xLTEucG5nIn0%3D\">\n\t\t\t\t\t\t\t<img loading=\"lazy\" decoding=\"async\" width=\"525\" height=\"263\" src=\"https:\/\/sut.gov.al\/wp-content\/uploads\/2024\/07\/Green-Gradient-Corporate-Clean-Vaccine-Information-General-Health-Banner-1-1-1024x512.png?wsr\" class=\"elementor-animation-pop attachment-large size-large wp-image-233\" alt=\"\" srcset=\"https:\/\/sut.gov.al\/wp-content\/uploads\/2024\/07\/Green-Gradient-Corporate-Clean-Vaccine-Information-General-Health-Banner-1-1-1024x512.png 1024w, https:\/\/sut.gov.al\/wp-content\/uploads\/2024\/07\/Green-Gradient-Corporate-Clean-Vaccine-Information-General-Health-Banner-1-1-600x300.png 600w, https:\/\/sut.gov.al\/wp-content\/uploads\/2024\/07\/Green-Gradient-Corporate-Clean-Vaccine-Information-General-Health-Banner-1-1-300x150.png 300w, https:\/\/sut.gov.al\/wp-content\/uploads\/2024\/07\/Green-Gradient-Corporate-Clean-Vaccine-Information-General-Health-Banner-1-1-768x384.png 768w, https:\/\/sut.gov.al\/wp-content\/uploads\/2024\/07\/Green-Gradient-Corporate-Clean-Vaccine-Information-General-Health-Banner-1-1-1536x768.png 1536w, https:\/\/sut.gov.al\/wp-content\/uploads\/2024\/07\/Green-Gradient-Corporate-Clean-Vaccine-Information-General-Health-Banner-1-1-2048x1024.png 2048w, https:\/\/sut.gov.al\/wp-content\/uploads\/2024\/07\/Green-Gradient-Corporate-Clean-Vaccine-Information-General-Health-Banner-1-1-1320x660.png 1320w\" sizes=\"(max-width: 525px) 100vw, 525px\" \/>\t\t\t\t\t\t\t\t<\/a>\n\t\t\t\t\t\t\t\t\t\t\t<figcaption class=\"widget-image-caption wp-caption-text\">Sh\u00ebrbimi i Anestezi-Reanimacionit<\/figcaption>\n\t\t\t\t\t\t\t\t\t\t<\/figure>\n\t\t\t\t\t\t\t\t\t<\/div>\n\t\t\t\t<\/div>\n\t\t\t\t<div class=\"elementor-element elementor-element-6c94c60 elementor-widget elementor-widget-image\" data-id=\"6c94c60\" data-element_type=\"widget\" data-widget_type=\"image.default\">\n\t\t\t\t<div class=\"elementor-widget-container\">\n\t\t\t\t\t\t\t\t\t\t\t\t<figure class=\"wp-caption\">\n\t\t\t\t\t\t\t\t\t\t\t<a href=\"https:\/\/sut.gov.al\/wp-content\/uploads\/2024\/10\/fizioterapia.jpg\" data-elementor-open-lightbox=\"yes\" data-elementor-lightbox-title=\"fizioterapia\" data-e-action-hash=\"#elementor-action%3Aaction%3Dlightbox%26settings%3DeyJpZCI6NjQ4LCJ1cmwiOiJodHRwczpcL1wvc3V0Lmdvdi5hbFwvd3AtY29udGVudFwvdXBsb2Fkc1wvMjAyNFwvMTBcL2ZpemlvdGVyYXBpYS5qcGcifQ%3D%3D\">\n\t\t\t\t\t\t\t<img loading=\"lazy\" decoding=\"async\" width=\"183\" height=\"276\" src=\"https:\/\/sut.gov.al\/wp-content\/uploads\/2024\/10\/fizioterapia.jpg?wsr\" class=\"elementor-animation-pop attachment-large size-large wp-image-648\" alt=\"\" \/>\t\t\t\t\t\t\t\t<\/a>\n\t\t\t\t\t\t\t\t\t\t\t<figcaption class=\"widget-image-caption wp-caption-text\">Sh\u00ebrbimi i Fizioterapis\u00eb<\/figcaption>\n\t\t\t\t\t\t\t\t\t\t<\/figure>\n\t\t\t\t\t\t\t\t\t<\/div>\n\t\t\t\t<\/div>\n\t\t\t\t<\/div>\n\t\t\t\t<\/div>\n\t\t","protected":false},"excerpt":{"rendered":"<p>\u00a0 Mir\u00ebsevini n\u00eb faqen ton\u00eb! \u00a0 Ne shpresojm\u00eb q\u00eb n\u00ebp\u00ebrmjet k\u00ebsaj faqe t\u00eb keni mund\u00ebsi t\u00eb merrni informacionin e duhur p\u00ebr \u00e7do sh\u00ebrbim mjek\u00ebsor t\u00eb ofruar n\u00eb Spitalin Universitar t\u00eb Traum\u00ebs \u201cSUT\u201d. Q\u00ebllimi i pun\u00ebs ton\u00eb t\u00eb p\u00ebrditshme \u00ebsht\u00eb q\u00eb \u00e7do pacienti dhe familjari t\u2019i ofrohet sh\u00ebrbim profesional dhe kujdes cil\u00ebsor. Ne synojm\u00eb t\u00eb zhvillojm\u00eb [&hellip;]<\/p>\n","protected":false},"author":1,"featured_media":0,"parent":0,"menu_order":0,"comment_status":"closed","ping_status":"closed","template":"","meta":{"footnotes":""},"class_list":["post-116","page","type-page","status-publish","hentry"],"jetpack_sharing_enabled":true,"_links":{"self":[{"href":"https:\/\/sut.gov.al\/index.php\/wp-json\/wp\/v2\/pages\/116","targetHints":{"allow":["GET"]}}],"collection":[{"href":"https:\/\/sut.gov.al\/index.php\/wp-json\/wp\/v2\/pages"}],"about":[{"href":"https:\/\/sut.gov.al\/index.php\/wp-json\/wp\/v2\/types\/page"}],"author":[{"embeddable":true,"href":"https:\/\/sut.gov.al\/index.php\/wp-json\/wp\/v2\/users\/1"}],"replies":[{"embeddable":true,"href":"https:\/\/sut.gov.al\/index.php\/wp-json\/wp\/v2\/comments?post=116"}],"version-history":[{"count":37,"href":"https:\/\/sut.gov.al\/index.php\/wp-json\/wp\/v2\/pages\/116\/revisions"}],"predecessor-version":[{"id":1210,"href":"https:\/\/sut.gov.al\/index.php\/wp-json\/wp\/v2\/pages\/116\/revisions\/1210"}],"wp:attachment":[{"href":"https:\/\/sut.gov.al\/index.php\/wp-json\/wp\/v2\/media?parent=116"}],"curies":[{"name":"wp","href":"https:\/\/api.w.org\/{rel}","templated":true}]}}