{"id":132,"date":"2023-04-28T11:26:34","date_gmt":"2023-04-28T11:26:34","guid":{"rendered":"https:\/\/sut.gov.al\/?page_id=132"},"modified":"2024-11-19T12:14:00","modified_gmt":"2024-11-19T12:14:00","slug":"kuadri-ligjor","status":"publish","type":"page","link":"https:\/\/sut.gov.al\/index.php\/kuadri-ligjor\/","title":{"rendered":"KUADRI LIGJOR"},"content":{"rendered":"\t\t<div data-elementor-type=\"wp-page\" data-elementor-id=\"132\" class=\"elementor elementor-132\">\n\t\t\t\t<div class=\"elementor-element elementor-element-f8af034 e-flex e-con-boxed e-con e-parent\" data-id=\"f8af034\" data-element_type=\"container\">\n\t\t\t\t\t<div class=\"e-con-inner\">\n\t\t\t\t<div class=\"elementor-element elementor-element-691fd12 elementor-widget elementor-widget-text-editor\" data-id=\"691fd12\" data-element_type=\"widget\" data-widget_type=\"text-editor.default\">\n\t\t\t\t<div class=\"elementor-widget-container\">\n\t\t\t\t\t\t\t\t\t<p style=\"color: #030303; letter-spacing: 0.5px; text-align: justify;\"><a href=\"https:\/\/qbz.gov.al\/preview\/0b1dc141-e63e-42b9-a79d-ac6295b923a4\" target=\"_blank\" rel=\"noopener\"><span style=\"font-weight: bolder;\">KUSHTETUTA E REPUBLIK\u00cbS S\u00cb SHQIP\u00cbRIS\u00cb<\/span><\/a><\/p>\n<p><a href=\"https:\/\/www.qsut.gov.al\/wp-content\/uploads\/2020\/01\/Ligj-Nr.9106-2003-07-17-Per-Sherbimin-Spitalor-ne-Republiken-e-Shqiperise.pdf\" target=\"_blank\" rel=\"noopener\"><span style=\"font-weight: bold;\">LIGJI&nbsp;P\u00cbR SH\u00cbRBIMIN SPITALOR N\u00cb REPUBLIK\u00cbN E SHQIP\u00cbRIS\u00cb<\/span><\/a><\/p>\n<p><a href=\"https:\/\/shendetesia.gov.al\/wp-content\/uploads\/2018\/03\/Ligji_Nr.44_2012_per_shendetin_mendor.pdf\" target=\"_blank\" rel=\"noopener\"><span style=\"font-weight: bold;\">LIGJI P\u00cbR SH\u00cbNDETIN MENDOR<\/span><\/a><\/p>\n<p><a href=\"https:\/\/www.drejtesia.gov.al\/wp-content\/uploads\/2018\/08\/Ligj_119_2014_18.09.2014.pdf\" target=\"_blank\" rel=\"noopener\"><span style=\"font-weight: bold;\">LIGJI&nbsp;P\u00cbR T\u00cb DREJT\u00cbN E INFORMIMIT<\/span><\/a><\/p>\n<p><a href=\"https:\/\/srd.gov.al\/wp-content\/uploads\/2023\/05\/4-Ligji-nr-123-2014-Per-urdhrin-e-mjekeve-ne-Republiken-e-Shqiperise.pdf\" target=\"_blank\" rel=\"noopener\" style=\"background-color: rgb(255, 255, 255); font-family: var( --e-global-typography-text-font-family ), Sans-serif; font-weight: var( --e-global-typography-text-font-weight ); text-align: var(--text-align);\"><span style=\"font-weight: bold;\">LIGJI&nbsp;P\u00cbR URDHRIN E MJEK\u00cbVE N\u00cb REPUBLIK\u00cbN E SHQIP\u00cbRIS\u00cb<\/span><\/a><\/p>\n<p style=\"color: #030303; letter-spacing: 0.5px; text-align: justify;\"><a href=\"https:\/\/infermierepershqiperine.al\/wp-content\/uploads\/2017\/11\/Ligji-Urdhrin-Infermierit190115.pdf\" target=\"_blank\" rel=\"noopener\" style=\"font-family: var( --e-global-typography-text-font-family ), Sans-serif; font-weight: var( --e-global-typography-text-font-weight ); text-align: var(--text-align); background-color: rgb(255, 255, 255);\"><span style=\"font-weight: bold;\">LIGJI P\u00cbR URDHRIN E INFERMIERIT N\u00cb REPUBLIK\u00cbN E SHQIP\u00cbRIS\u00cb<\/span><\/a><br><\/p>\n<p style=\"color: #030303; letter-spacing: 0.5px; text-align: justify;\"><a href=\"https:\/\/unitir.edu.al\/images\/dokumenta\/Legjislacion\/Ligj_80-2015_22.07.2015.pdf\" style=\"font-family: var( --e-global-typography-text-font-family ), Sans-serif; font-weight: var( --e-global-typography-text-font-weight ); background-color: rgb(255, 255, 255);\" target=\"_blank\" rel=\"noopener\"><span style=\"font-weight: bolder;\">LIGJI P\u00cbR ARSIMIN E LART\u00cb DHE K\u00cbRKIMIN SHKENCOR N\u00cb INSTITUCIONET E ARSIMIT T\u00cb LART\u00cb N\u00cb REPUBLIK\u00cbN E SHQIP\u00cbRIS\u00cb<\/span><\/a><br><\/p><p><a href=\"https:\/\/www.app.gov.al\/GetData\/DownloadDoc?documentId=bc9a34d9-4f41-4756-8142-1e932c8706d5\" target=\"_blank\" rel=\"noopener\"><span style=\"font-weight: bolder;\">LIGJI P\u00cbR P\u00cbRCAKTIMIN E KUFIJVE MONETAR\u00cb N\u00cb PROCEDURAT E PROKURIMIT PUBLIK<\/span><\/a><\/p><p><a href=\"https:\/\/shendetesia.gov.al\/wp-content\/uploads\/2018\/06\/ligji_urgjences.pdf\" target=\"_blank\" rel=\"noopener\" style=\"background-color: rgb(255, 255, 255); font-family: var( --e-global-typography-text-font-family ), Sans-serif; font-weight: var( --e-global-typography-text-font-weight ); text-align: var(--text-align);\"><span style=\"font-weight: bold;\">LIGJI&nbsp;P\u00cbR SH\u00cbRBIMIN E URGJENC\u00cbS MJEK\u00cbSORE<\/span><\/a><\/p><p><a href=\"https:\/\/akbpm.gov.al\/wp-content\/uploads\/2019\/06\/udhezim.pdf\" target=\"_blank\" rel=\"noopener\"><span style=\"font-weight: bold;\">MONITORIMIT T\u00cb PULLAVE T\u00cb KONTROLLIT T\u00cb BARNAVE<\/span><\/a><\/p>\n<p style=\"color: #030303; letter-spacing: 0.5px; text-align: justify;\"><a href=\"https:\/\/www.dap.gov.al\/images\/LegjislacioniAP\/Ligj_Nr.9154_dat%C3%AB_6.11.2003_Per_arkivat.pdf\" style=\"font-family: var( --e-global-typography-text-font-family ), Sans-serif; font-weight: var( --e-global-typography-text-font-weight ); background-color: rgb(255, 255, 255);\" target=\"_blank\" rel=\"noopener\"><span style=\"font-weight: bolder;\">LIGJI P\u00cbR ARKIVAT<\/span><\/a><br><\/p>\n<p style=\"color: #030303; letter-spacing: 0.5px; text-align: justify;\"><a href=\"https:\/\/www.ishp.gov.al\/wp-content\/uploads\/2015\/ligjet\/Per-kujdesin-shendetesor-ne-Republiken-e-Shqiperise.pdf\" target=\"_blank\" rel=\"noopener\"><span style=\"font-weight: bolder;\">LIGJI P\u00cbR KUJDESIN SH\u00cbNDET\u00cbSOR N\u00cb REPUBLIK\u00cbN E SHQIP\u00cbRIS\u00cb<\/span><\/a><\/p>\n<p><a href=\"https:\/\/kamza.gov.al\/wp-content\/uploads\/2019\/11\/norma_tekniko-profesionale_dhe_metodologjike_t%C3%AB_sh%C3%ABrbimit_arkivor_n%C3%AB_republik%C3%ABn_e_shqip%C3%ABris%C3%AB.pdf\" target=\"_blank\" rel=\"noopener\" style=\"font-family: var( --e-global-typography-text-font-family ), Sans-serif; font-weight: var( --e-global-typography-text-font-weight ); text-align: var(--text-align); background-color: rgb(255, 255, 255);\"><span style=\"font-weight: bold;\">NORMA TEKNIKO-PROFESIONALE DHE METODOLOGJIKE T\u00cb SH\u00cbRBIMIT<\/span><\/a><br><\/p><p><a href=\"https:\/\/kamza.gov.al\/wp-content\/uploads\/2019\/11\/norma_tekniko-profesionale_dhe_metodologjike_t%C3%AB_sh%C3%ABrbimit_arkivor_n%C3%AB_republik%C3%ABn_e_shqip%C3%ABris%C3%AB.pdf\" target=\"_blank\" rel=\"noopener\"><span style=\"font-weight: bold;\">ARKIVOR N\u00cb REPUBLIK\u00cbN E SHQIP\u00cbRIS\u00cb<\/span><\/a><\/p>\n<p><a href=\"https:\/\/akbpm.gov.al\/wp-content\/uploads\/2019\/06\/udhezim.pdf\" target=\"_blank\" rel=\"noopener\" style=\"font-family: var( --e-global-typography-text-font-family ), Sans-serif; font-weight: var( --e-global-typography-text-font-weight ); text-align: var(--text-align); background-color: rgb(255, 255, 255);\"><span style=\"font-weight: bold;\">UDH\u00cbZIM&nbsp;MBI PROCEDURAT E PRODHIMIT, KODIMIT, STAMPIMIT, SHP\u00cbRNDARJES DHE<\/span><\/a><br><\/p>\n<p><a href=\"https:\/\/oshksh.gov.al\/wp-content\/uploads\/2021\/03\/Udhezimi-nr-481-date-27.06.2019-per-tekniket-e-shkencave-mjekesore-2.pdf\" target=\"_blank\" rel=\"noopener\" style=\"font-family: var( --e-global-typography-text-font-family ), Sans-serif; font-weight: var( --e-global-typography-text-font-weight ); text-align: var(--text-align); background-color: rgb(255, 255, 255);\"><span style=\"font-weight: bold;\">UDHEZIM MBI PROCEDURAT E PUNESIMIT NE PROFESIONET E SHKENCAVE MJEKESORE<\/span><\/a><br><\/p>\n<p><a href=\"https:\/\/mjeke.shendetesia.gov.al\/wp-content\/uploads\/2019\/10\/Udhezimi-499-per-punesimin-e-mjekeve-1.pdf\" target=\"_blank\" rel=\"noopener\"><span style=\"font-weight: bolder;\">UDH\u00cbZIM&nbsp;P\u00cbR PROCEDURAT E PRANIMIT DHE EM\u00cbRIMIT T\u00cb MJEK\u00cbVE N\u00cb INSTITUCIONET SH\u00cbNDET\u00cbSORE PUBLIKE N\u00cb REPUBLIK\u00cbN E SHQIP\u00cbRIS\u00cb N\u00cbP\u00cbRMJET PLATFORM\u00cbS ELEKTRONIKE<\/span><\/a><\/p><p style=\"color: rgb(3, 3, 3); letter-spacing: 0.5px; text-align: justify;\"><a href=\"https:\/\/www.ufsh.org.al\/content\/uploads\/2014\/may\/17\/kodi-deontologjik-farmaceutik-3.pdf\" target=\"_blank\" rel=\"noopener\"><span style=\"font-weight: bolder;\">KODI&nbsp;DEONTOLOGJIK DHE FARMACEUTIK<\/span><\/a><\/p>\n<p style=\"color: rgb(3, 3, 3); letter-spacing: 0.5px; text-align: justify;\"><a href=\"https:\/\/urdhriinfermierit.org\/wp-content\/uploads\/2023\/10\/Kodi-Etikes-dhe-Deontologjis-20102023.pdf\" style=\"background-color: rgb(255, 255, 255); font-weight: bolder; font-family: var( --e-global-typography-text-font-family ), Sans-serif;\" target=\"_blank\" rel=\"noopener\">KODI I ETIK\u00cbS DHE DEONTOLOGJIS\u00cb P\u00cbR PROFESIONIST\u00cbT E KUJDESIT SH\u00cbNDET\u00cbSOR<\/a><\/p>\n<p style=\"color: rgb(3, 3, 3); letter-spacing: 0.5px; text-align: justify;\"><a href=\"https:\/\/www.urdhriipsikologut.al\/wp-content\/uploads\/2019\/10\/Kodi-i-Eikes-dhe-Deontologjise-1.pdf\" target=\"_blank\" rel=\"noopener\"><span style=\"font-weight: bolder;\">KODI I ETIK\u00cbS DHE&nbsp;<\/span><span style=\"font-weight: bolder;\">DEONTOLOGJIS\u00cb<\/span>&nbsp;<span style=\"font-weight: bolder;\">I PSIKOLOG\u00cbVE N\u00cb REPUBLIK\u00cbN E&nbsp;<\/span><span style=\"font-weight: bolder;\">SHQIP\u00cbRIS\u00cb<\/span><\/a><\/p>\n<p style=\"color: rgb(3, 3, 3); letter-spacing: 0.5px; text-align: justify;\"><a href=\"https:\/\/www.dap.gov.al\/images\/LegjislacioniAP\/ligj%20per%20proc%20admin.pdf\" style=\"background-color: rgb(255, 255, 255);\" target=\"_blank\" rel=\"noopener\"><span style=\"font-weight: bolder;\">KODI I PROCEDURAVE ADMINISTRATIVE I REPUBLIK\u00cbS<\/span>&nbsp;<span style=\"font-weight: bolder;\">S\u00cb SHQIP\u00cbRIS\u00cb LIGJI NR. 44\/2015<\/span><\/a><\/p>\n<p style=\"color: rgb(3, 3, 3); letter-spacing: 0.5px; text-align: justify;\"><a href=\"https:\/\/www.drejtesia.gov.al\/wp-content\/uploads\/2018\/08\/Ligj_119_2014_18.09.2014.pdf\" target=\"_blank\" rel=\"noopener\"><span style=\"font-weight: bolder;\">LIGJI&nbsp;P\u00cbR T\u00cb DREJT\u00cbN E INFORMIMIT<\/span><\/a><\/p>\t\t\t\t\t\t\t\t<\/div>\n\t\t\t\t<\/div>\n\t\t\t\t\t<\/div>\n\t\t\t\t<\/div>\n\t\t<div class=\"elementor-element elementor-element-5886d81 e-flex e-con-boxed e-con e-parent\" data-id=\"5886d81\" data-element_type=\"container\">\n\t\t\t\t\t<div class=\"e-con-inner\">\n\t\t\t\t<div class=\"elementor-element elementor-element-41f132b elementor-widget-divider--view-line elementor-widget elementor-widget-divider\" data-id=\"41f132b\" data-element_type=\"widget\" data-widget_type=\"divider.default\">\n\t\t\t\t<div class=\"elementor-widget-container\">\n\t\t\t\t\t\t\t<div class=\"elementor-divider\">\n\t\t\t<span class=\"elementor-divider-separator\">\n\t\t\t\t\t\t<\/span>\n\t\t<\/div>\n\t\t\t\t\t\t<\/div>\n\t\t\t\t<\/div>\n\t\t\t\t\t<\/div>\n\t\t\t\t<\/div>\n\t\t\t\t<\/div>\n\t\t","protected":false},"excerpt":{"rendered":"<p>KUSHTETUTA E REPUBLIK\u00cbS S\u00cb SHQIP\u00cbRIS\u00cb LIGJI&nbsp;P\u00cbR SH\u00cbRBIMIN SPITALOR N\u00cb REPUBLIK\u00cbN E SHQIP\u00cbRIS\u00cb LIGJI P\u00cbR SH\u00cbNDETIN MENDOR LIGJI&nbsp;P\u00cbR T\u00cb DREJT\u00cbN E INFORMIMIT LIGJI&nbsp;P\u00cbR URDHRIN E MJEK\u00cbVE N\u00cb REPUBLIK\u00cbN E SHQIP\u00cbRIS\u00cb LIGJI P\u00cbR URDHRIN E INFERMIERIT N\u00cb REPUBLIK\u00cbN E SHQIP\u00cbRIS\u00cb LIGJI P\u00cbR ARSIMIN E LART\u00cb DHE K\u00cbRKIMIN SHKENCOR N\u00cb INSTITUCIONET E ARSIMIT T\u00cb LART\u00cb N\u00cb REPUBLIK\u00cbN E [&hellip;]<\/p>\n","protected":false},"author":1,"featured_media":0,"parent":0,"menu_order":0,"comment_status":"closed","ping_status":"closed","template":"","meta":{"footnotes":""},"class_list":["post-132","page","type-page","status-publish","hentry"],"jetpack_sharing_enabled":true,"_links":{"self":[{"href":"https:\/\/sut.gov.al\/index.php\/wp-json\/wp\/v2\/pages\/132","targetHints":{"allow":["GET"]}}],"collection":[{"href":"https:\/\/sut.gov.al\/index.php\/wp-json\/wp\/v2\/pages"}],"about":[{"href":"https:\/\/sut.gov.al\/index.php\/wp-json\/wp\/v2\/types\/page"}],"author":[{"embeddable":true,"href":"https:\/\/sut.gov.al\/index.php\/wp-json\/wp\/v2\/users\/1"}],"replies":[{"embeddable":true,"href":"https:\/\/sut.gov.al\/index.php\/wp-json\/wp\/v2\/comments?post=132"}],"version-history":[{"count":31,"href":"https:\/\/sut.gov.al\/index.php\/wp-json\/wp\/v2\/pages\/132\/revisions"}],"predecessor-version":[{"id":383,"href":"https:\/\/sut.gov.al\/index.php\/wp-json\/wp\/v2\/pages\/132\/revisions\/383"}],"wp:attachment":[{"href":"https:\/\/sut.gov.al\/index.php\/wp-json\/wp\/v2\/media?parent=132"}],"curies":[{"name":"wp","href":"https:\/\/api.w.org\/{rel}","templated":true}]}}