{"id":138,"date":"2023-04-28T11:27:53","date_gmt":"2023-04-28T11:27:53","guid":{"rendered":"https:\/\/sut.gov.al\/?page_id=138"},"modified":"2023-04-28T11:45:24","modified_gmt":"2023-04-28T11:45:24","slug":"politika-e-mbrojtjes-se-te-dhenave-personale","status":"publish","type":"page","link":"https:\/\/sut.gov.al\/index.php\/politika-e-mbrojtjes-se-te-dhenave-personale\/","title":{"rendered":"POLITIKA E MBROJTJES SE TE DHENAVE PERSONALE"},"content":{"rendered":"\n<p><\/p>\n\n\n\n<p><\/p>\n\n\n\n<p>P\u00ebr vizitor\u00ebt e faqes son\u00eb t\u00eb internetit ju b\u00ebjm\u00eb me dije se jemi t\u00eb p\u00ebrkushtuar\u00a0t\u2019i respektojm\u00eb\u00a0 t\u00eb drejtat e privat\u00ebsis\u00eb t\u00eb klient\u00ebve, vizitor\u00ebve dhe shfryt\u00ebzuesve t\u00eb sh\u00ebrbimeve t\u00eb\u00a0 ofruara n\u00eb faqen ton\u00eb t\u00eb internetit, n\u00eb m\u00ebnyr\u00eb q\u00eb t\u2019ju japim juve sigurin\u00eb dhe t\u2019ju sigurojm\u00eb p\u00ebr p\u00ebrdorimin e duhur t\u00eb t\u00eb dh\u00ebnave tuaja gjat\u00eb shfryt\u00ebzimit t\u00eb faqes dhe sh\u00ebrbimeve tona.<\/p>\n\n\n\n<p>N\u00eb k\u00ebt\u00eb kuad\u00ebr, SUT d\u00ebshiron t\u00eb vendos\u00eb n\u00eb v\u00ebmendjen e \u00e7do p\u00ebrdoruesi se pasi informacioni ka mb\u00ebrritur n\u00eb serverat tan\u00eb, ne kemi t\u00eb implementuara sisteme sigurie t\u00eb standarteve m\u00eb t\u00eb larta p\u00ebr ruajtjen dhe p\u00ebrpunimin e m\u00ebtejsh\u00ebm t\u00eb k\u00ebtyre t\u00eb dh\u00ebnave, n\u00eb p\u00ebrputhje t\u00eb plot\u00eb me parashikimet e ligjit nr. 9887 dat\u00eb 10.03.2008 \u201cP\u00ebr Mbrojtjen e t\u00eb Dh\u00ebnave Personale\u201d.<\/p>\n\n\n\n<p>Me q\u00ebllim q\u00eb t\u00eb parandalojm\u00eb hyrje t\u00eb paautorizuar ose zbulim, kemi vendosur pro\u00e7edura t\u00eb p\u00ebrshtatshme fizike, elektronike dhe menaxheriale p\u00ebr mbrojtjen dhe sigurimin e informacioneve q\u00eb i mbledhim online. T\u00eb gjitha informacionet personale q\u00eb jan\u00eb t\u00eb mbledhura, duke p\u00ebrfshir\u00eb emra, adresa, jan\u00eb t\u00eb ruajtura p\u00ebrmbas nj\u00eb \u201cfirewall\u201d-i.<\/p>\n\n\n\n<p>SUT\u00a0 mund ta ndryshoj\u00eb k\u00ebt\u00eb politik\u00eb koh\u00eb pas kohe duke p\u00ebrdit\u00ebsuar k\u00ebt\u00eb faqe. Ju duhet ta vizitoni k\u00ebt\u00eb faqe m\u00eb shpesh q\u00eb t\u00eb siguroheni q\u00eb jeni t\u00eb k\u00ebnaqur me ndryshimet.<\/p>\n\n\n\n<p>Duke p\u00ebrdorur faqen ton\u00eb t\u00eb internetit, sh\u00ebrbimet e saj, apo duke krijuar nj\u00eb llogari n\u00eb t\u00eb ju i pranoni k\u00ebto politika t\u00eb p\u00ebrdorimit dhe k\u00ebshtu pajtoheni q\u00eb ne do t\u2019i regjistrojm\u00eb, mbledhim, p\u00ebrdorim dhe i ndajm\u00eb t\u00eb dh\u00ebnat n\u00eb m\u00ebnyrat e p\u00ebrshkruara m\u00eb posht\u00eb n\u00eb k\u00ebto politika t\u00eb privat\u00ebsis\u00eb.<\/p>\n\n\n\n<h2 class=\"wp-block-heading\"><strong>\u00c7far\u00eb informacione mbledh SUT?<\/strong><\/h2>\n\n\n\n<p>SUT mbledh t\u00eb dh\u00ebna personale. Disa nga k\u00ebto t\u00eb dh\u00ebna jan\u00eb l\u00ebn\u00eb opsionale n\u00eb d\u00ebshir\u00ebn tuaj.<\/p>\n\n\n\n<p>Informacionet q\u00eb k\u00ebrkohen nga ju jan\u00eb:<\/p>\n\n\n\n<ol class=\"wp-block-list\">\n<li>Emri dhe Mbiemri juaj.<\/li>\n\n\n\n<li>Informacione p\u00ebr kontakt duke p\u00ebrfshir\u00eb email adres\u00ebn, numrin e telefonit dhe adres\u00ebn.<\/li>\n\n\n\n<li>Opinioni apo ankesat tuaja n\u00eb lidhje me sh\u00ebrbimin e ofruar n\u00eb SUT.<\/li>\n<\/ol>\n\n\n\n<p>T\u00eb dh\u00ebnat e mbledhura ruhen n\u00eb serverat tan\u00eb p\u00ebr nj\u00eb periudhe 1 vjecare.Mbas k\u00ebsaj periudhe ato do t\u00eb fshihen.<\/p>\n\n\n\n<h2 class=\"wp-block-heading\"><strong>\u00c7far\u00eb b\u00ebn SUT me informacionin e mbledhur?<\/strong><\/h2>\n\n\n\n<p>Ne mund t\u2019i p\u00ebrdorim t\u00eb dh\u00ebnat dhe opinionin tuaj p\u00ebr rritjen e cil\u00ebsis\u00eb s\u00eb sh\u00ebrbimit q\u00eb ne ofrojm\u00eb n\u00eb SUT. SUT nuk do t\u2019i shes\u00eb, shp\u00ebrndaj\u00eb ose jap\u00eb me qira t\u00eb dh\u00ebnat tuaja personale tek pal\u00eb t\u00eb treta p\u00ebrve\u00e7 n\u00ebse SUT ka leje prej jush ose \u00ebsht\u00eb i urdh\u00ebruar me ligj p\u00ebr ta b\u00ebr\u00eb k\u00ebt\u00eb.<\/p>\n\n\n\n<p>SUT p\u00ebrdor \u201ccookies\u201d t\u00eb cil\u00ebt e regjistrojn\u00eb trafikun q\u00eb t\u00eb identifikoj\u00eb cilat faqe jan\u00eb n\u00eb p\u00ebrdorim. Kjo e ndihmon SUT-n\u00eb t\u00eb analizoj\u00eb t\u00eb dh\u00ebnat p\u00ebr trafikun e faqes s\u00eb internetit dhe ta p\u00ebrmir\u00ebsoj\u00eb faqen e internetit t\u00eb SUT-s\u00eb me q\u00ebllim q\u00eb ta ndryshoj\u00eb sipas nevojat t\u00eb klient\u00ebve. SUT i p\u00ebrdor k\u00ebto informacione p\u00ebr analiza statistikore. Ne mund t\u00eb p\u00ebrdorim software p\u00ebr t\u00eb gjurmuar klikimet e mausit, l\u00ebvizjet n\u00ebp\u00ebr faqe dhe cilat rubrika ju i vizitoni m\u00eb s\u00eb shumti.<\/p>\n\n\n\n<h2 class=\"wp-block-heading\"><strong>Si mund t\u00eb shprehni ankesat tuaja n\u00eb lidhje me dh\u00ebnien e informacionit nga ana juaj?<\/strong><\/h2>\n\n\n\n<p>N\u00ebse besoni se SUT p\u00ebrmban informata t\u00eb pasakta ose t\u00eb paplota rreth jush, ju lutemi shkruani email tek SUT sa m\u00eb shpejt, n\u00eb adres\u00ebn\u00a0<a href=\"mailto:info@qsut.gov.al\">info.trauma@sut.gov.al<\/a><\/p>\n\n\n\n<p>SUT menj\u00ebher\u00eb do t\u2019i p\u00ebrmir\u00ebsoj\u00eb informatat e pasakta.<\/p>\n\n\n\n<h2 class=\"wp-block-heading\"><strong>Lidhjet (linqe) n\u00eb faqet e tjera<\/strong><\/h2>\n\n\n\n<p>Faqja e internetit e SUT- s\u00eb mund t\u00eb p\u00ebrmbaj\u00eb lidhje me faqe t\u00eb tjera t\u00eb interesit. Megjithat\u00eb, duhet t\u00eb dini se sapo ju p\u00ebrdorni k\u00ebto lidhje dhe largoheni prej faqes ton\u00eb, SUT nuk ka kontroll mbi faqen tjet\u00ebr. Prandaj, ne nuk mund t\u00eb jemi p\u00ebrgjegj\u00ebs p\u00ebr mbrojtjen e privat\u00ebsis\u00eb s\u00eb informacioneve q\u00eb ju jepni duke vizituar k\u00ebto faqe internet. K\u00ebto faqe internet nuk rregullohen sipas k\u00ebsaj deklarate t\u00eb privat\u00ebsis\u00eb.<\/p>\n","protected":false},"excerpt":{"rendered":"<p>P\u00ebr vizitor\u00ebt e faqes son\u00eb t\u00eb internetit ju b\u00ebjm\u00eb me dije se jemi t\u00eb p\u00ebrkushtuar\u00a0t\u2019i respektojm\u00eb\u00a0 t\u00eb drejtat e privat\u00ebsis\u00eb t\u00eb klient\u00ebve, vizitor\u00ebve dhe shfryt\u00ebzuesve t\u00eb sh\u00ebrbimeve t\u00eb\u00a0 ofruara n\u00eb faqen ton\u00eb t\u00eb internetit, n\u00eb m\u00ebnyr\u00eb q\u00eb t\u2019ju japim juve sigurin\u00eb dhe t\u2019ju sigurojm\u00eb p\u00ebr p\u00ebrdorimin e duhur t\u00eb t\u00eb dh\u00ebnave tuaja gjat\u00eb shfryt\u00ebzimit t\u00eb [&hellip;]<\/p>\n","protected":false},"author":1,"featured_media":0,"parent":0,"menu_order":0,"comment_status":"closed","ping_status":"closed","template":"","meta":{"footnotes":""},"class_list":["post-138","page","type-page","status-publish","hentry"],"jetpack_sharing_enabled":true,"_links":{"self":[{"href":"https:\/\/sut.gov.al\/index.php\/wp-json\/wp\/v2\/pages\/138","targetHints":{"allow":["GET"]}}],"collection":[{"href":"https:\/\/sut.gov.al\/index.php\/wp-json\/wp\/v2\/pages"}],"about":[{"href":"https:\/\/sut.gov.al\/index.php\/wp-json\/wp\/v2\/types\/page"}],"author":[{"embeddable":true,"href":"https:\/\/sut.gov.al\/index.php\/wp-json\/wp\/v2\/users\/1"}],"replies":[{"embeddable":true,"href":"https:\/\/sut.gov.al\/index.php\/wp-json\/wp\/v2\/comments?post=138"}],"version-history":[{"count":3,"href":"https:\/\/sut.gov.al\/index.php\/wp-json\/wp\/v2\/pages\/138\/revisions"}],"predecessor-version":[{"id":146,"href":"https:\/\/sut.gov.al\/index.php\/wp-json\/wp\/v2\/pages\/138\/revisions\/146"}],"wp:attachment":[{"href":"https:\/\/sut.gov.al\/index.php\/wp-json\/wp\/v2\/media?parent=138"}],"curies":[{"name":"wp","href":"https:\/\/api.w.org\/{rel}","templated":true}]}}