{"id":370,"date":"2024-09-30T06:36:37","date_gmt":"2024-09-30T06:36:37","guid":{"rendered":"https:\/\/sut.gov.al\/?page_id=370"},"modified":"2026-01-11T22:17:58","modified_gmt":"2026-01-11T22:17:58","slug":"njoftime","status":"publish","type":"page","link":"https:\/\/sut.gov.al\/index.php\/njoftime\/","title":{"rendered":"NJOFTIME"},"content":{"rendered":"\n<div class=\"wp-block-file\"><a id=\"wp-block-file--media-1cfa0206-be8f-4547-9303-ec0063e227d9\" href=\"https:\/\/sut.gov.al\/wp-content\/uploads\/2024\/09\/Shpallja-per-shef-sherbimi-SUT.pdf\">Shpallja-per-shef-sherbimi-SUT<\/a><a href=\"https:\/\/sut.gov.al\/wp-content\/uploads\/2024\/09\/Shpallja-per-shef-sherbimi-SUT.pdf\" class=\"wp-block-file__button wp-element-button\" download aria-describedby=\"wp-block-file--media-1cfa0206-be8f-4547-9303-ec0063e227d9\">Download<\/a><\/div>\n\n\n\n<p>Trajnimi multidisiplinor periodik i organizuar nga Shoqata Shqiptare e Traumes dhe Kirurgjis\u00eb s\u00eb Urgjenc\u00ebs (A.S.T.E.S.) dhe nga American College of Surgeons (A.C.S.) p\u00ebr p\u00ebrftimin e dijeve teoriko-praktike dhe certifikimin sipas Advanced Trauma Life Support (A.T.L.S.) n\u00ebn drejtimin e Prof. Agron Dogjani MD dhe Prof. Edmond Zaimi MD.<\/p>\n","protected":false},"excerpt":{"rendered":"<p>Trajnimi multidisiplinor periodik i organizuar nga Shoqata Shqiptare e Traumes dhe Kirurgjis\u00eb s\u00eb Urgjenc\u00ebs (A.S.T.E.S.) dhe nga American College of Surgeons (A.C.S.) p\u00ebr p\u00ebrftimin e dijeve teoriko-praktike dhe certifikimin sipas Advanced Trauma Life Support (A.T.L.S.) n\u00ebn drejtimin e Prof. Agron Dogjani MD dhe Prof. Edmond Zaimi MD.<\/p>\n","protected":false},"author":3,"featured_media":0,"parent":0,"menu_order":0,"comment_status":"closed","ping_status":"closed","template":"","meta":{"footnotes":""},"class_list":["post-370","page","type-page","status-publish","hentry"],"jetpack_sharing_enabled":true,"_links":{"self":[{"href":"https:\/\/sut.gov.al\/index.php\/wp-json\/wp\/v2\/pages\/370","targetHints":{"allow":["GET"]}}],"collection":[{"href":"https:\/\/sut.gov.al\/index.php\/wp-json\/wp\/v2\/pages"}],"about":[{"href":"https:\/\/sut.gov.al\/index.php\/wp-json\/wp\/v2\/types\/page"}],"author":[{"embeddable":true,"href":"https:\/\/sut.gov.al\/index.php\/wp-json\/wp\/v2\/users\/3"}],"replies":[{"embeddable":true,"href":"https:\/\/sut.gov.al\/index.php\/wp-json\/wp\/v2\/comments?post=370"}],"version-history":[{"count":4,"href":"https:\/\/sut.gov.al\/index.php\/wp-json\/wp\/v2\/pages\/370\/revisions"}],"predecessor-version":[{"id":979,"href":"https:\/\/sut.gov.al\/index.php\/wp-json\/wp\/v2\/pages\/370\/revisions\/979"}],"wp:attachment":[{"href":"https:\/\/sut.gov.al\/index.php\/wp-json\/wp\/v2\/media?parent=370"}],"curies":[{"name":"wp","href":"https:\/\/api.w.org\/{rel}","templated":true}]}}