{"id":445,"date":"2024-10-02T14:17:26","date_gmt":"2024-10-02T14:17:26","guid":{"rendered":"https:\/\/sut.gov.al\/?page_id=445"},"modified":"2026-01-11T21:44:48","modified_gmt":"2026-01-11T21:44:48","slug":"misioni-s-u-t","status":"publish","type":"page","link":"https:\/\/sut.gov.al\/index.php\/misioni-s-u-t\/","title":{"rendered":"MISIONI SUT"},"content":{"rendered":"\t\t<div data-elementor-type=\"wp-page\" data-elementor-id=\"445\" class=\"elementor elementor-445\">\n\t\t\t\t<div class=\"elementor-element elementor-element-43036596 e-flex e-con-boxed e-con e-parent\" data-id=\"43036596\" data-element_type=\"container\">\n\t\t\t\t\t<div class=\"e-con-inner\">\n\t\t\t\t<div class=\"elementor-element elementor-element-5620104f elementor-widget__width-initial elementor-widget elementor-widget-text-editor\" data-id=\"5620104f\" data-element_type=\"widget\" data-widget_type=\"text-editor.default\">\n\t\t\t\t<div class=\"elementor-widget-container\">\n\t\t\t\t\t\t\t\t\t<p><em>Spitali Universitar i Traum\u00ebs \u00ebsht\u00eb Institucion Sh\u00ebndet\u00ebsor Publik Komb\u00ebtar mjekimi, m\u00ebsimdh\u00ebnieje dhe k\u00ebrkimi shkencor n\u00eb p\u00ebrmbushje t\u00eb ofrimit t\u00eb kujdesit sh\u00ebndet\u00ebsor terciar. Spitali Universitar i Traum\u00ebs \u00ebsht\u00eb person juridik, publik, buxhetor n\u00eb var\u00ebsi administrative t\u00eb Ministris\u00eb s\u00eb Sh\u00ebndet\u00ebsis\u00eb dhe Mbrojtjes Sociale. Spitali Universitar i Traum\u00ebs \u00ebsht\u00eb pjes\u00eb e rrjetit t\u00eb integruar t\u00eb sh\u00ebrbimit m\u00ebsimor e k\u00ebrkimor &#8211; shkencor dhe spitalor n\u00eb Republik\u00ebn e Shqip\u00ebris\u00eb dhe ndjek e zbaton aktet ligjore e n\u00ebnligjore n\u00eb fush\u00ebn e sh\u00ebndet\u00ebsis\u00eb.<\/em><\/p>\n<p><em>&nbsp;<\/em><\/p>\n<p class=\"MsoNormal\" style=\"text-align: justify; line-height: 150%;\"><span style=\"font-size: 12.0pt; line-height: 150%; font-family: 'Times New Roman',serif;\">Sh\u00ebrbimi i Urgjenc\u00ebs n\u00eb Spitalin Universitar t\u00eb Traum\u00ebs (SUT) ka si mision ofrimin e kujdesit t\u00eb menj\u00ebhersh\u00ebm, t\u00eb specializuar dhe multidisiplinar p\u00ebr pacient\u00ebt q\u00eb paraqiten n\u00eb urgjenc\u00eb, me fokus kryesor trajtimin e traumave dhe patologjive kritike p\u00ebr jet\u00ebn.<\/span><\/p>\n<p class=\"MsoNormal\" style=\"text-align: justify; line-height: 150%;\"><span style=\"font-size: 12.0pt; line-height: 150%; font-family: 'Times New Roman',serif;\">Ne synojm\u00eb t\u00eb sigurojm\u00eb diagnostifikim t\u00eb shpejt\u00eb dhe trajtim efektiv, bazuar n\u00eb protokollet nd\u00ebrkomb\u00ebtare (A.T.L.S. \u2013 Advanced Trauma Life Support) duke u koordinuar me sh\u00ebrbimet spitalore dhe p\u00ebrmes bashk\u00ebpunimit multidisiplinar p\u00ebr t\u00eb maksimizuar rikuperimin dhe minimizuar komplikacionet.<\/span><\/p>\n<p class=\"MsoNormal\" style=\"text-align: justify; line-height: 150%;\"><span style=\"font-size: 12.0pt; line-height: 150%; font-family: 'Times New Roman',serif;\">Si qend\u00ebr referimi n\u00eb nivel terciar, garantojm\u00eb sh\u00ebrbim 24\/7 p\u00ebr rreth 60.000 pacient\u00eb n\u00eb vit (96% e rasteve jan\u00eb trauma dhe politrauma), menaxhim t\u00eb shpejt\u00eb dhe t\u00eb q\u00ebndruesh\u00ebm t\u00eb rasteve emergjente jo-traumatike (rreth 4% e rasteve), duke respektuar nevojat e pacient\u00ebve dhe familjeve t\u00eb tyre.<\/span><\/p>\n<p class=\"MsoNormal\" style=\"text-align: justify; line-height: 150%;\"><span style=\"font-size: 12.0pt; line-height: 150%; font-family: 'Times New Roman',serif;\">P\u00ebrkushtimi yn\u00eb p\u00ebrfshin gjithashtu edukimin dhe trajnimin e vazhduesh\u00ebm t\u00eb stafit mjek\u00ebsor dhe infermieror, p\u00ebr t\u00eb siguruar standardet dhe p\u00ebr t\u00eb krijuar protokollet m\u00eb t\u00eb larta klinike.<\/span><\/p>\n<p class=\"MsoNormal\" style=\"text-align: justify; line-height: 150%;\"><b><i><span style=\"font-size: 12.0pt; line-height: 150%; font-family: 'Times New Roman',serif;\">Pjes\u00eb e stafit 24-or\u00ebsh multidisiplinor jan\u00eb:<\/span><\/i><\/b><\/p>\n<p class=\"MsoNormal\" style=\"text-align: justify; line-height: 150%;\"><b><i><span style=\"font-size: 12.0pt; line-height: 150%; font-family: 'Times New Roman',serif;\">Mjek\u00eb specialist\u00eb urgjence,<\/span><\/i><\/b><\/p>\n<p class=\"MsoNormal\" style=\"text-align: justify; line-height: 150%;\"><b><i><span style=\"font-size: 12.0pt; line-height: 150%; font-family: 'Times New Roman',serif;\">Mjek\u00eb kirurg\u00eb t\u00eb p\u00ebrgjithsh\u00ebm,<\/span><\/i><\/b><\/p>\n<p class=\"MsoNormal\" style=\"text-align: justify; line-height: 150%;\"><b><i><span style=\"font-size: 12.0pt; line-height: 150%; font-family: 'Times New Roman',serif;\">Mjek\u00eb reanimator\u00eb,<\/span><\/i><\/b><\/p>\n<p class=\"MsoNormal\" style=\"text-align: justify; line-height: 150%;\"><b><i><span style=\"font-size: 12.0pt; line-height: 150%; font-family: 'Times New Roman',serif;\">Mjek\u00eb ortoped\u00eb,<\/span><\/i><\/b><\/p>\n<p class=\"MsoNormal\" style=\"text-align: justify; line-height: 150%;\"><b><i><span style=\"font-size: 12.0pt; line-height: 150%; font-family: 'Times New Roman',serif;\">Mjek neurokirurg,<\/span><\/i><\/b><\/p>\n<p class=\"MsoNormal\" style=\"text-align: justify; line-height: 150%;\"><b><i><span style=\"font-size: 12.0pt; line-height: 150%; font-family: 'Times New Roman',serif;\">Mjek imazherist,<\/span><\/i><\/b><\/p>\n<p class=\"MsoNormal\" style=\"text-align: justify; line-height: 150%;\"><b><i><span style=\"font-size: 12.0pt; line-height: 150%; font-family: 'Times New Roman',serif;\"><br>Mjek i specialiteteve t\u00eb s\u00ebmundjeve t\u00eb brendshme,<\/span><\/i><\/b><\/p>\n<p class=\"MsoNormal\" style=\"text-align: justify; line-height: 150%;\"><b><i><span style=\"font-size: 12.0pt; line-height: 150%; font-family: 'Times New Roman',serif;\">Mjek\u00ebt specialist n\u00eb sh\u00ebrbim \u201con call\u201d (15 disiplina mjek\u00ebsore),<\/span><\/i><\/b><\/p>\n<p class=\"MsoNormal\" style=\"text-align: justify; line-height: 150%;\"><b><i><span style=\"font-size: 12.0pt; line-height: 150%; font-family: 'Times New Roman',serif;\">Teknik\u00eb t\u00eb imazheris\u00eb,<\/span><\/i><\/b><\/p>\n<p class=\"MsoNormal\" style=\"text-align: justify; line-height: 150%;\"><b><i><span style=\"font-size: 12.0pt; line-height: 150%; font-family: 'Times New Roman',serif;\">Infermier\u00eb t\u00eb specializuar n\u00eb pritjen, trajtimin dhe ndjekjen e t\u00eb s\u00ebmur\u00ebve t\u00eb traumatizuar,<\/span><\/i><\/b><\/p>\n<p><\/p>\n<p class=\"MsoNormal\" style=\"text-align: justify; line-height: 150%;\"><b><i><span style=\"font-size: 12.0pt; line-height: 150%; font-family: 'Times New Roman',serif;\">Specialist\u00eb t\u00eb sh\u00ebrbimeve mb\u00ebshtet\u00ebse.<\/span><\/i><\/b><\/p>\n<p><em>&nbsp;<\/em><\/p>\n<p><!-- \/wp:paragraph --><\/p>\n<p><!-- wp:paragraph --><\/p>\n<p><strong><em>OBJEKTI I RREGULLORES S\u00cb SUT<\/em><\/strong><\/p>\n<p><!-- \/wp:paragraph --><\/p>\n<p><!-- wp:paragraph --><\/p>\n<p>Kjo rregullore p\u00ebrcakton drejtimet dhe parimet themelore t\u00eb veprimtaris\u00eb s\u00eb institucionit, b\u00ebn ndarjen n\u00eb m\u00ebnyr\u00eb t\u00eb p\u00ebrcaktuar t\u00eb p\u00ebrgiegj\u00ebsive, detyrimeve dhe problemeve q\u00eb rrjedhin n\u00eb zbatimin praktik t\u00eb urdhrave dhe udh\u00ebzimeve t\u00eb strukturave eprore p\u00ebr Drejtorin\u00eb e Spitalit, administrat\u00ebn dhe sh\u00ebrbimet mjek\u00ebsore. Element\u00ebt e saj sh\u00ebrbejn\u00eb p\u00ebr strukturat vart\u00ebse dhe t\u00eb gjitha hallkat e sh\u00ebrbimit si udh\u00ebzues p\u00ebr t\u00eb njohur dhe kuptuar aktet ligjore, detyrimet dhe t\u00eb drejtat funksionale p\u00ebr rritjen e cil\u00ebsis\u00eb sh\u00ebrbimit sh\u00ebndet\u00ebsor. Rregullorja harmonizon marr\u00ebdh\u00ebniet organizative dhe pedagogjike nd\u00ebrmjet strukturave p\u00ebrb\u00ebr\u00ebse dhe sh\u00ebrbimeve mjek\u00ebsore t\u00eb SUT-s\u00eb. Rregullon marredh\u00ebniet didaktike nd\u00ebrmjet Spitalit Universitar t\u00eb Traum\u00ebs dhe Fakultetit t\u00eb Mjek\u00ebsis\u00eb.<\/p>\n<p><\/p>\n<p><!-- \/wp:paragraph --><\/p>\n<p><!-- wp:paragraph --><\/p>\n<p><strong style=\"color: var( --e-global-color-text ); font-family: var( --e-global-typography-text-font-family ), Sans-serif; text-align: var(--text-align);\"><em>VIZIONI<\/em><\/strong><\/p>\n<p><!-- \/wp:paragraph --><\/p>\n<p><!-- wp:paragraph --><\/p>\n<p><b><i><u>Ti ofrojm\u00eb \u00e7do pacienti kujdesin sh\u00ebndet\u00ebsor m\u00eb t\u00eb&nbsp; p\u00ebrparuar, me p\u00ebrkushtim e humaniz\u00ebm ashtu si do t\u00eb donim p\u00ebr vete dhe p\u00ebr t\u00eb dashurit tan\u00eb.<\/u><\/i><\/b><\/p>\n<p><\/p>\n<p><!-- \/wp:paragraph --><\/p>\n<p><!-- wp:paragraph --><\/p>\n<p><strong><em>MISIONI I SPITALIT UNIVERSITAR T\u00cb TRAUM\u00cbS<\/em><\/strong><\/p>\n<p><!-- \/wp:paragraph --><\/p>\n<p><!-- wp:list --><\/p>\n<ul class=\"wp-block-list\">\n<li style=\"list-style-type: none;\">\n<ul class=\"wp-block-list\"><!-- wp:list-item --><\/ul>\n<\/li>\n<\/ul>\n<ul class=\"wp-block-list\">\n<li style=\"list-style-type: none;\">\n<ul class=\"wp-block-list\">\n<li>SUT \u00ebsht\u00eb nj\u00eb institucion sh\u00ebndet\u00ebsor q\u00eb ofron sh\u00ebrbim mjek\u00ebsor i cili, ka n\u00eb q\u00ebnd\u00ebr pacientin, me fokus par\u00ebsor trajtimin e traumave n\u00eb nivel terciar p\u00ebr t\u00eb gjith\u00eb vendin dhe sh\u00ebrbim mjek\u00ebsor t\u00eb p\u00ebrgjithsh\u00ebm p\u00ebr komunitetin.<\/li>\n<\/ul>\n<\/li>\n<\/ul>\n<p><!-- \/wp:list-item --><\/p>\n<p><!-- wp:list-item --><\/p>\n<ul class=\"wp-block-list\">\n<li style=\"list-style-type: none;\">\n<ul class=\"wp-block-list\">\n<li>SUT ofron sh\u00ebrbim mjek\u00ebsor dhe kryen depistimet, konsultimet e kontrollet periodike p\u00ebr personelin aktiv t\u00eb Forcave t\u00eb Armatosura.<\/li>\n<\/ul>\n<\/li>\n<\/ul>\n<p><!-- \/wp:list-item --><\/p>\n<p><!-- wp:list-item --><\/p>\n<ul class=\"wp-block-list\">\n<li style=\"list-style-type: none;\">\n<ul class=\"wp-block-list\">\n<li>SUT ofron nj\u00eb mjedis t\u00eb favorsh\u00ebm p\u00ebr pacient\u00ebt dhe familjar\u00ebt e tyre, si dhe stafin e spitalit<\/li>\n<\/ul>\n<\/li>\n<\/ul>\n<p><!-- \/wp:list-item --><\/p>\n<p><!-- wp:list-item --><\/p>\n<ul class=\"wp-block-list\">\n<li style=\"list-style-type: none;\">\n<ul class=\"wp-block-list\">\n<li>SUT merr p\u00ebrsip\u00ebr t\u00eb edukoj\u00eb, arsimoj\u00eb e trajnojn\u00eb mjek\u00ebt dhe personelin mjek\u00ebsor t\u00eb ardhsh\u00ebm, n\u00eb bashk\u00ebpunim me universitetet publike e private, me t\u00eb cilat ka lidhie institucionale<\/li>\n<\/ul>\n<\/li>\n<\/ul>\n<p><!-- \/wp:list-item --><\/p>\n<p><!-- wp:list-item --><\/p>\n<ul class=\"wp-block-list\">\n<li style=\"list-style-type: none;\">\n<ul class=\"wp-block-list\">\n<li>SUT implementon e aplikon njohurit\u00eb e teknologjit\u00eb m\u00eb t\u00eb p\u00ebrparuara mjek\u00ebsore, duke i v\u00ebn\u00eb ato n\u00eb sh\u00ebrbim t\u00eb pacientit dhe komunitetit p\u00ebrfitues.<\/li>\n<\/ul>\n<\/li>\n<\/ul>\n<p><!-- \/wp:list-item --><\/p>\n<p><!-- wp:list-item --><\/p>\n<ul class=\"wp-block-list\">\n<li style=\"list-style-type: none;\">\n<ul class=\"wp-block-list\">\n<li>SUT luan rol aktiv n\u00eb promovimin dhe p\u00ebrmir\u00ebsimin e sh\u00ebndetit.<\/li>\n<\/ul>\n<\/li>\n<\/ul>\n<p><!-- \/wp:list-item --><\/p>\n<p><!-- \/wp:list --><\/p>\n<p><!-- wp:paragraph --><\/p>\n<p><strong><em>Vlerat Themelore<\/em><\/strong><\/p>\n<p><!-- \/wp:paragraph --><\/p>\n<p><!-- wp:list --><\/p>\n<ul class=\"wp-block-list\">\n<li style=\"list-style-type: none;\">\n<ul class=\"wp-block-list\"><!-- wp:list-item --><\/ul>\n<\/li>\n<\/ul>\n<ul class=\"wp-block-list\">\n<li style=\"list-style-type: none;\">\n<ul class=\"wp-block-list\">\n<li>P\u00ebrkushtimi<\/li>\n<\/ul>\n<\/li>\n<\/ul>\n<p><!-- \/wp:list-item --><\/p>\n<p><!-- wp:list-item --><\/p>\n<ul class=\"wp-block-list\">\n<li style=\"list-style-type: none;\">\n<ul class=\"wp-block-list\">\n<li>Sigurimi i cil\u00ebsis\u00eb maksimale<\/li>\n<\/ul>\n<\/li>\n<\/ul>\n<p><!-- \/wp:list-item --><\/p>\n<p><!-- wp:list-item --><\/p>\n<ul class=\"wp-block-list\">\n<li style=\"list-style-type: none;\">\n<ul class=\"wp-block-list\">\n<li>Puna n\u00eb grup<\/li>\n<\/ul>\n<\/li>\n<\/ul>\n<p><!-- \/wp:list-item --><\/p>\n<p><!-- wp:list-item --><\/p>\n<ul class=\"wp-block-list\">\n<li style=\"list-style-type: none;\">\n<ul class=\"wp-block-list\">\n<li>Respekti p\u00ebr individin<\/li>\n<\/ul>\n<\/li>\n<\/ul>\n<p><!-- \/wp:list-item --><\/p>\n<p><!-- wp:list-item --><\/p>\n<ul class=\"wp-block-list\">\n<li style=\"list-style-type: none;\">\n<ul class=\"wp-block-list\">\n<li>Dinjitet e integritet<\/li>\n<\/ul>\n<\/li>\n<\/ul>\n<p><!-- \/wp:list-item --><\/p>\n<p><!-- \/wp:list --><\/p>\n<p><!-- wp:paragraph --><\/p>\n<p>Spitali Universitar i Traum\u00ebs sh\u00ebrben si Qend\u00ebr Komb\u00ebtare e Traum\u00ebs me funksion mjek\u00ebsor, m\u00ebsimor e k\u00ebrkimor &#8211; shkencor, institucion i lart\u00eb diagnostikues, mjekues dhe shkencor dhe realizon k\u00ebto p\u00ebrgiegj\u00ebsi kryesore:<\/p>\n<p><!-- \/wp:paragraph --><\/p>\n<p><!-- wp:list --><\/p>\n<ul class=\"wp-block-list\">\n<li style=\"list-style-type: none;\">\n<ul class=\"wp-block-list\"><!-- wp:list-item --><\/ul>\n<\/li>\n<\/ul>\n<ul class=\"wp-block-list\">\n<li style=\"list-style-type: none;\">\n<ul class=\"wp-block-list\">\n<li>Ofrimin e sh\u00ebrbimit t\u00eb urgenc\u00ebs mjek\u00ebsore n\u00eb nivelin m\u00eb t\u00eb lart\u00eb t\u00eb saj n\u00eb rang komb\u00ebtar;<\/li>\n<\/ul>\n<\/li>\n<\/ul>\n<p><!-- \/wp:list-item --><\/p>\n<p><!-- wp:list-item --><\/p>\n<ul class=\"wp-block-list\">\n<li style=\"list-style-type: none;\">\n<ul class=\"wp-block-list\">\n<li>P\u00ebrkujdesjen sh\u00ebndet\u00ebsore p\u00ebr personelin e Forcave t\u00eb Armatosura q\u00eb ka statusin e ushtarakut;<\/li>\n<\/ul>\n<\/li>\n<\/ul>\n<p><!-- \/wp:list-item --><\/p>\n<p><!-- wp:list-item --><\/p>\n<ul class=\"wp-block-list\">\n<li style=\"list-style-type: none;\">\n<ul class=\"wp-block-list\">\n<li>Dh\u00ebnien e kontributit me kapacitete sh\u00ebndet\u00ebsore n\u00eb p\u00ebrgjigje t\u00eb detyrimeve t\u00eb Shqip\u00ebris\u00eb si vend an\u00ebtar n\u00eb NATO;<\/li>\n<\/ul>\n<\/li>\n<\/ul>\n<p><!-- \/wp:list-item --><\/p>\n<p><!-- wp:list-item --><\/p>\n<ul class=\"wp-block-list\">\n<li style=\"list-style-type: none;\">\n<ul class=\"wp-block-list\">\n<li>Ofrimin e veprimtaris\u00eb akademike, m\u00ebsimore, e k\u00ebrkimore &#8211; shkencore n\u00eb funksion t\u00eb realizimit t\u00eb procesit m\u00ebsimor dhe k\u00ebrkimor n\u00eb fush\u00ebn e sh\u00ebndet\u00ebsis\u00eb.<\/li>\n<\/ul>\n<\/li>\n<\/ul>\n<p><!-- \/wp:list-item --><\/p>\n<p><!-- wp:list-item --><\/p>\n<ul class=\"wp-block-list\">\n<li style=\"list-style-type: none;\">\n<ul class=\"wp-block-list\">\n<li>Studion dhe p\u00ebrgjith\u00ebson protokollet, kriteret dhe standardet p\u00ebr traum\u00ebn.<\/li>\n<\/ul>\n<\/li>\n<\/ul>\n<p><!-- \/wp:list-item --><\/p>\n<p><!-- wp:list-item --><\/p>\n<ul class=\"wp-block-list\">\n<li style=\"list-style-type: none;\">\n<\/li><ul class=\"wp-block-list\">\n<li>Studion nevojat, standartet dhe normat m\u00eb t\u00eb domosdoshme p\u00ebr personel dhe pajisje.<\/li>\n<\/ul>\n\n<\/ul><div><p class=\"MsoNormal\" style=\"text-align:justify;line-height:150%\"><b><span style=\"font-size:14.0pt;mso-bidi-font-size:12.0pt;line-height:150%;font-family:\n&quot;Times New Roman&quot;,serif\">Vizioni yn\u00eb<o:p><\/o:p><\/span><\/b><\/p>\n\n<p class=\"MsoNormal\" style=\"text-align:justify;line-height:150%\"><span style=\"font-size:12.0pt;line-height:150%;font-family:&quot;Times New Roman&quot;,serif;\nmso-bidi-font-weight:bold\">T\u00eb jemi qendra udh\u00ebheq\u00ebse n\u00eb rajon p\u00ebr trajtimin e\nurgjencave traumatike dhe patologjive kritike, duke ofruar kujdes t\u00eb avancuar\ndhe inovativ, t\u00eb bazuar n\u00eb praktikat m\u00eb t\u00eb mira nd\u00ebrkomb\u00ebtare dhe teknologjit\u00eb\nmoderne, me q\u00ebllim p\u00ebrmir\u00ebsimin e vazhduesh\u00ebm t\u00eb cil\u00ebsis\u00eb s\u00eb jet\u00ebs s\u00eb\npacient\u00ebve.<o:p><\/o:p><\/span><\/p>\n\n<p class=\"MsoNormal\" style=\"text-align:justify;line-height:150%\"><span style=\"font-size:12.0pt;line-height:150%;font-family:&quot;Times New Roman&quot;,serif\">N\u00eb\nSUT, sh\u00ebrbimi i urgjenc\u00ebs p\u00ebrdor kode emergjence, p\u00ebr t\u00eb p\u00ebrcaktuar prioritetin\ne trajtimit, duke siguruar q\u00eb pacient\u00ebt me nevoj\u00eb m\u00eb t\u00eb madhe t\u00eb marrin\nkujdesin menj\u00ebher\u00eb, nd\u00ebrsa rastet m\u00eb pak urgjente organizohen sipas nevojave\nspecifike&nbsp; dhe sipas prioritetit t\u00eb\nsh\u00ebrbimit (kodet e triazhimit par\u00ebsor).<o:p><\/o:p><\/span><\/p><\/div>\n<p><!-- \/wp:list-item --><\/p>\n<p><!-- \/wp:list --><\/p>\t\t\t\t\t\t\t\t<\/div>\n\t\t\t\t<\/div>\n\t\t\t\t<div class=\"elementor-element elementor-element-e251758 elementor-widget-divider--view-line elementor-widget elementor-widget-divider\" data-id=\"e251758\" data-element_type=\"widget\" data-widget_type=\"divider.default\">\n\t\t\t\t<div class=\"elementor-widget-container\">\n\t\t\t\t\t\t\t<div class=\"elementor-divider\">\n\t\t\t<span class=\"elementor-divider-separator\">\n\t\t\t\t\t\t<\/span>\n\t\t<\/div>\n\t\t\t\t\t\t<\/div>\n\t\t\t\t<\/div>\n\t\t\t\t<div class=\"elementor-element elementor-element-0c7a275 elementor-widget elementor-widget-testimonial\" data-id=\"0c7a275\" data-element_type=\"widget\" data-widget_type=\"testimonial.default\">\n\t\t\t\t<div class=\"elementor-widget-container\">\n\t\t\t\t\t\t\t<div class=\"elementor-testimonial-wrapper\">\n\t\t\t\t\t\t\t<div class=\"elementor-testimonial-content\"><p style=\"text-align: start\"><span style=\"font-weight: bolder\"><em>GJITHMON\u00cb DHE GJITHCKA P\u00cbR PACIENTIN E TRAUMATIZUAR DHE JO VET\u00cbM!<\/em><\/span><span style=\"color: var( --e-global-color-text );font-family: var( --e-global-typography-text-font-family ), Sans-serif;font-size: 1.3em;font-weight: var( --e-global-typography-text-font-weight );text-align: center\"><\/span><\/p><\/div>\n\t\t\t\n\t\t\t\t\t\t<div class=\"elementor-testimonial-meta elementor-has-image elementor-testimonial-image-position-aside\">\n\t\t\t\t<div class=\"elementor-testimonial-meta-inner\">\n\t\t\t\t\t\t\t\t\t\t\t<div class=\"elementor-testimonial-image\">\n\t\t\t\t\t\t\t<img decoding=\"async\" src=\"https:\/\/sut.gov.al\/wp-content\/uploads\/2023\/04\/coronavirus-medical-staff-banner-template-scaled.jpg?wsr\" title=\"Coronavirus medical staff banner template\" alt=\"Coronavirus medical staff banner template\" loading=\"lazy\" \/>\t\t\t\t\t\t<\/div>\n\t\t\t\t\t\n\t\t\t\t\t\t\t\t\t\t<div class=\"elementor-testimonial-details\">\n\t\t\t\t\t\t\t\t\t\t\t\t\t\t<div class=\"elementor-testimonial-name\">Moto-ja S.U.T<\/div>\n\t\t\t\t\t\t\t\t\t\t\t\t\t\t\t\t\t\t\t<\/div>\n\t\t\t\t\t\t\t\t\t<\/div>\n\t\t\t<\/div>\n\t\t\t\t\t<\/div>\n\t\t\t\t\t\t<\/div>\n\t\t\t\t<\/div>\n\t\t\t\t\t<\/div>\n\t\t\t\t<\/div>\n\t\t<div class=\"elementor-element elementor-element-2415d36 e-flex e-con-boxed e-con e-parent\" data-id=\"2415d36\" data-element_type=\"container\">\n\t\t\t\t\t<div class=\"e-con-inner\">\n\t\t\t\t<div class=\"elementor-element elementor-element-35aa8fc elementor-widget elementor-widget-google_maps\" data-id=\"35aa8fc\" data-element_type=\"widget\" data-widget_type=\"google_maps.default\">\n\t\t\t\t<div class=\"elementor-widget-container\">\n\t\t\t\t\t\t\t<div class=\"elementor-custom-embed\">\n\t\t\t<iframe loading=\"lazy\"\n\t\t\t\t\tsrc=\"https:\/\/maps.google.com\/maps?q=Spitali%20Universitar%20i%20Traumes&#038;t=m&#038;z=15&#038;output=embed&#038;iwloc=near\"\n\t\t\t\t\ttitle=\"Spitali Universitar i Traumes\"\n\t\t\t\t\taria-label=\"Spitali Universitar i Traumes\"\n\t\t\t><\/iframe>\n\t\t<\/div>\n\t\t\t\t\t\t<\/div>\n\t\t\t\t<\/div>\n\t\t\t\t\t<\/div>\n\t\t\t\t<\/div>\n\t\t\t\t<\/div>\n\t\t","protected":false},"excerpt":{"rendered":"<p>Spitali Universitar i Traum\u00ebs \u00ebsht\u00eb Institucion Sh\u00ebndet\u00ebsor Publik Komb\u00ebtar mjekimi, m\u00ebsimdh\u00ebnieje dhe k\u00ebrkimi shkencor n\u00eb p\u00ebrmbushje t\u00eb ofrimit t\u00eb kujdesit sh\u00ebndet\u00ebsor terciar. Spitali Universitar i Traum\u00ebs \u00ebsht\u00eb person juridik, publik, buxhetor n\u00eb var\u00ebsi administrative t\u00eb Ministris\u00eb s\u00eb Sh\u00ebndet\u00ebsis\u00eb dhe Mbrojtjes Sociale. Spitali Universitar i Traum\u00ebs \u00ebsht\u00eb pjes\u00eb e rrjetit t\u00eb integruar t\u00eb sh\u00ebrbimit m\u00ebsimor e [&hellip;]<\/p>\n","protected":false},"author":3,"featured_media":0,"parent":0,"menu_order":0,"comment_status":"closed","ping_status":"closed","template":"","meta":{"footnotes":""},"class_list":["post-445","page","type-page","status-publish","hentry"],"jetpack_sharing_enabled":true,"_links":{"self":[{"href":"https:\/\/sut.gov.al\/index.php\/wp-json\/wp\/v2\/pages\/445","targetHints":{"allow":["GET"]}}],"collection":[{"href":"https:\/\/sut.gov.al\/index.php\/wp-json\/wp\/v2\/pages"}],"about":[{"href":"https:\/\/sut.gov.al\/index.php\/wp-json\/wp\/v2\/types\/page"}],"author":[{"embeddable":true,"href":"https:\/\/sut.gov.al\/index.php\/wp-json\/wp\/v2\/users\/3"}],"replies":[{"embeddable":true,"href":"https:\/\/sut.gov.al\/index.php\/wp-json\/wp\/v2\/comments?post=445"}],"version-history":[{"count":30,"href":"https:\/\/sut.gov.al\/index.php\/wp-json\/wp\/v2\/pages\/445\/revisions"}],"predecessor-version":[{"id":977,"href":"https:\/\/sut.gov.al\/index.php\/wp-json\/wp\/v2\/pages\/445\/revisions\/977"}],"wp:attachment":[{"href":"https:\/\/sut.gov.al\/index.php\/wp-json\/wp\/v2\/media?parent=445"}],"curies":[{"name":"wp","href":"https:\/\/api.w.org\/{rel}","templated":true}]}}