{"id":54,"date":"2023-04-27T14:33:19","date_gmt":"2023-04-27T14:33:19","guid":{"rendered":"https:\/\/sut.gov.al\/?page_id=54"},"modified":"2026-01-14T14:44:00","modified_gmt":"2026-01-14T14:44:00","slug":"kreu","status":"publish","type":"page","link":"https:\/\/sut.gov.al\/","title":{"rendered":"Kreu"},"content":{"rendered":"\t\t<div data-elementor-type=\"wp-page\" data-elementor-id=\"54\" class=\"elementor elementor-54\">\n\t\t\t\t<div class=\"elementor-element elementor-element-45d17b60 e-flex e-con-boxed e-con e-parent\" data-id=\"45d17b60\" data-element_type=\"container\">\n\t\t\t\t\t<div class=\"e-con-inner\">\n\t\t\t\t<div class=\"elementor-element elementor-element-2b75cbf elementor-widget elementor-widget-text-editor\" data-id=\"2b75cbf\" data-element_type=\"widget\" data-widget_type=\"text-editor.default\">\n\t\t\t\t<div class=\"elementor-widget-container\">\n\t\t\t\t\t\t\t\t\t\n<p class=\"has-text-align-center has-light-green-cyan-color has-text-color has-link-color wp-elements-cc70d235db7a4712f98093d22a56d31a\">\u00a0<\/p>\n\n<div class=\"wp-block-group is-content-justification-center is-nowrap is-layout-flex wp-container-core-group-is-layout-94bc23d7 wp-block-group-is-layout-flex\">\n<figure class=\"wp-block-image size-large is-style-rounded wp-container-content-9cfa9a5a wp-duotone-unset-2\"><img fetchpriority=\"high\" decoding=\"async\" width=\"1024\" height=\"509\" class=\"wp-image-229\" src=\"https:\/\/sut.gov.al\/wp-content\/uploads\/2024\/07\/Green-Gradient-Corporate-Clean-Vaccine-Information-General-Health-Banner-1-e1720282736131-1024x509.png\" alt=\"\" srcset=\"https:\/\/sut.gov.al\/wp-content\/uploads\/2024\/07\/Green-Gradient-Corporate-Clean-Vaccine-Information-General-Health-Banner-1-e1720282736131-1024x509.png 1024w, https:\/\/sut.gov.al\/wp-content\/uploads\/2024\/07\/Green-Gradient-Corporate-Clean-Vaccine-Information-General-Health-Banner-1-e1720282736131-600x298.png 600w, https:\/\/sut.gov.al\/wp-content\/uploads\/2024\/07\/Green-Gradient-Corporate-Clean-Vaccine-Information-General-Health-Banner-1-e1720282736131-300x149.png 300w, https:\/\/sut.gov.al\/wp-content\/uploads\/2024\/07\/Green-Gradient-Corporate-Clean-Vaccine-Information-General-Health-Banner-1-e1720282736131-768x381.png 768w, https:\/\/sut.gov.al\/wp-content\/uploads\/2024\/07\/Green-Gradient-Corporate-Clean-Vaccine-Information-General-Health-Banner-1-e1720282736131-1536x763.png 1536w, https:\/\/sut.gov.al\/wp-content\/uploads\/2024\/07\/Green-Gradient-Corporate-Clean-Vaccine-Information-General-Health-Banner-1-e1720282736131-2048x1017.png 2048w, https:\/\/sut.gov.al\/wp-content\/uploads\/2024\/07\/Green-Gradient-Corporate-Clean-Vaccine-Information-General-Health-Banner-1-e1720282736131-1320x656.png 1320w\" sizes=\"(max-width: 1024px) 100vw, 1024px\" \/><\/figure>\n<\/div>\n\t\t\t\t\t\t\t\t<\/div>\n\t\t\t\t<\/div>\n\t\t\t\t\t<\/div>\n\t\t\t\t<\/div>\n\t\t<div class=\"elementor-element elementor-element-ffb3f52 e-flex e-con-boxed e-con e-parent\" data-id=\"ffb3f52\" data-element_type=\"container\">\n\t\t\t\t\t<div class=\"e-con-inner\">\n\t\t\t\t<div class=\"elementor-element elementor-element-1a11e60 elementor-widget elementor-widget-text-editor\" data-id=\"1a11e60\" data-element_type=\"widget\" data-widget_type=\"text-editor.default\">\n\t\t\t\t<div class=\"elementor-widget-container\">\n\t\t\t\t\t\t\t\t\t<p style=\"margin-top: 0in; background-image: initial; background-position: initial; background-size: initial; background-repeat: initial; background-attachment: initial; background-origin: initial; background-clip: initial;\"><em><span style=\"font-size: 14pt;\">Spitali Universitar i Traum\u00ebs \u00ebsht\u00eb Institucion Sh\u00ebndet\u00ebsor Publik Komb\u00ebtar mjekimi, m\u00ebsimdh\u00ebnieje dhe k\u00ebrkimi shkencor n\u00eb p\u00ebrmbushje t\u00eb ofrimit t\u00eb kujdesit sh\u00ebndet\u00ebsor terciar. Spitali Universitar i Traum\u00ebs \u00ebsht\u00eb person juridik, publik, buxhetor n\u00eb var\u00ebsi administrative t\u00eb Ministris\u00eb s\u00eb Sh\u00ebndet\u00ebsis\u00eb dhe Mbrojtjes Sociale. Spitali Universitar i Traum\u00ebs \u00ebsht\u00eb pjes\u00eb e rrjetit t\u00eb integruar t\u00eb sh\u00ebrbimit m\u00ebsimor e k\u00ebrkimor \u2013 shkencor dhe spitalor n\u00eb Republik\u00ebn e Shqip\u00ebris\u00eb dhe ndjek e zbaton aktet ligjore e n\u00ebnligjore n\u00eb fush\u00ebn e sh\u00ebndet\u00ebsis\u00eb.<\/span><\/em><\/p>\n<p style=\"margin-top: 0in; background-image: initial; background-position: initial; background-size: initial; background-repeat: initial; background-attachment: initial; background-origin: initial; background-clip: initial;\"><span style=\"text-wrap-mode: initial;\"><span style=\"font-size: 14pt;\">SUT ka si mision ofrimin e kujdesit t\u00eb menj\u00ebhersh\u00ebm, t\u00eb specializuar dhe multidisiplinar p\u00ebr pacient\u00ebt q\u00eb paraqiten n\u00eb urgjenc\u00eb, me fokus kryesor trajtimin e traumave dhe patologjive kritike p\u00ebr jet\u00ebn.<\/span><\/span><\/p>\n<p style=\"margin-top: 0in; background-image: initial; background-position: initial; background-size: initial; background-repeat: initial; background-attachment: initial; background-origin: initial; background-clip: initial;\"><span style=\"font-size: 14pt;\">Ne synojm\u00eb t\u00eb sigurojm\u00eb diagnostifikim t\u00eb shpejt\u00eb dhe trajtim efektiv, bazuar n\u00eb protokollet nd\u00ebrkomb\u00ebtare duke u koordinuar me sh\u00ebrbimet spitalore dhe p\u00ebrmes bashk\u00ebpunimit multidisiplinar p\u00ebr t\u00eb maksimizuar rikuperimin dhe minimizuar komplikacionet.<\/span><\/p>\n<p style=\"margin-top: 0in; background-image: initial; background-position: initial; background-size: initial; background-repeat: initial; background-attachment: initial; background-origin: initial; background-clip: initial;\"><span style=\"font-size: 14pt;\">Si qend\u00ebr referimi n\u00eb nivel terciar, garantojm\u00eb <b><i>sh\u00ebrbim 24\/7<\/i><\/b>&nbsp;me&nbsp;menaxhim t\u00eb shpejt\u00eb dhe t\u00eb q\u00ebndruesh\u00ebm t\u00eb rasteve emergjente jo-traumatike (rreth 4% e rasteve), duke respektuar nevojat e pacient\u00ebve dhe familjeve t\u00eb tyre.<\/span><\/p>\n<p style=\"margin-top: 0in; background-image: initial; background-position: initial; background-size: initial; background-repeat: initial; background-attachment: initial; background-origin: initial; background-clip: initial;\">\n<\/p><p style=\"margin-top: 0in; background-image: initial; background-position: initial; background-size: initial; background-repeat: initial; background-attachment: initial; background-origin: initial; background-clip: initial;\"><span style=\"font-size: 14pt;\">P\u00ebrkushtimi yn\u00eb p\u00ebrfshin gjithashtu edukimin dhe trajnimin e vazhduesh\u00ebm t\u00eb stafit mjek\u00ebsor dhe infermieror, p\u00ebr t\u00eb siguruar standardet dhe p\u00ebr t\u00eb krijuar protokollet m\u00eb t\u00eb larta klinike.<\/span><\/p>\t\t\t\t\t\t\t\t<\/div>\n\t\t\t\t<\/div>\n\t\t\t\t\t<\/div>\n\t\t\t\t<\/div>\n\t\t\t\t<\/div>\n\t\t","protected":false},"excerpt":{"rendered":"<p>\u00a0 Spitali Universitar i Traum\u00ebs \u00ebsht\u00eb Institucion Sh\u00ebndet\u00ebsor Publik Komb\u00ebtar mjekimi, m\u00ebsimdh\u00ebnieje dhe k\u00ebrkimi shkencor n\u00eb p\u00ebrmbushje t\u00eb ofrimit t\u00eb kujdesit sh\u00ebndet\u00ebsor terciar. Spitali Universitar i Traum\u00ebs \u00ebsht\u00eb person juridik, publik, buxhetor n\u00eb var\u00ebsi administrative t\u00eb Ministris\u00eb s\u00eb Sh\u00ebndet\u00ebsis\u00eb dhe Mbrojtjes Sociale. Spitali Universitar i Traum\u00ebs \u00ebsht\u00eb pjes\u00eb e rrjetit t\u00eb integruar t\u00eb sh\u00ebrbimit m\u00ebsimor [&hellip;]<\/p>\n","protected":false},"author":1,"featured_media":0,"parent":0,"menu_order":0,"comment_status":"closed","ping_status":"closed","template":"","meta":{"footnotes":""},"class_list":["post-54","page","type-page","status-publish","hentry"],"jetpack_sharing_enabled":true,"_links":{"self":[{"href":"https:\/\/sut.gov.al\/index.php\/wp-json\/wp\/v2\/pages\/54","targetHints":{"allow":["GET"]}}],"collection":[{"href":"https:\/\/sut.gov.al\/index.php\/wp-json\/wp\/v2\/pages"}],"about":[{"href":"https:\/\/sut.gov.al\/index.php\/wp-json\/wp\/v2\/types\/page"}],"author":[{"embeddable":true,"href":"https:\/\/sut.gov.al\/index.php\/wp-json\/wp\/v2\/users\/1"}],"replies":[{"embeddable":true,"href":"https:\/\/sut.gov.al\/index.php\/wp-json\/wp\/v2\/comments?post=54"}],"version-history":[{"count":49,"href":"https:\/\/sut.gov.al\/index.php\/wp-json\/wp\/v2\/pages\/54\/revisions"}],"predecessor-version":[{"id":1048,"href":"https:\/\/sut.gov.al\/index.php\/wp-json\/wp\/v2\/pages\/54\/revisions\/1048"}],"wp:attachment":[{"href":"https:\/\/sut.gov.al\/index.php\/wp-json\/wp\/v2\/media?parent=54"}],"curies":[{"name":"wp","href":"https:\/\/api.w.org\/{rel}","templated":true}]}}