{"id":62,"date":"2023-04-27T14:42:16","date_gmt":"2023-04-27T14:42:16","guid":{"rendered":"https:\/\/sut.gov.al\/?page_id=62"},"modified":"2025-01-10T09:50:32","modified_gmt":"2025-01-10T09:50:32","slug":"ne-sherbimin-tuaj-24-ore","status":"publish","type":"page","link":"https:\/\/sut.gov.al\/index.php\/ne-sherbimin-tuaj-24-ore\/","title":{"rendered":"N\u00cb SH\u00cbRBIMIN TUAJ 24 OR\u00cb!"},"content":{"rendered":"","protected":false},"excerpt":{"rendered":"","protected":false},"author":1,"featured_media":63,"parent":0,"menu_order":0,"comment_status":"closed","ping_status":"closed","template":"","meta":{"footnotes":""},"class_list":["post-62","page","type-page","status-publish","has-post-thumbnail","hentry"],"jetpack_sharing_enabled":true,"_links":{"self":[{"href":"https:\/\/sut.gov.al\/index.php\/wp-json\/wp\/v2\/pages\/62","targetHints":{"allow":["GET"]}}],"collection":[{"href":"https:\/\/sut.gov.al\/index.php\/wp-json\/wp\/v2\/pages"}],"about":[{"href":"https:\/\/sut.gov.al\/index.php\/wp-json\/wp\/v2\/types\/page"}],"author":[{"embeddable":true,"href":"https:\/\/sut.gov.al\/index.php\/wp-json\/wp\/v2\/users\/1"}],"replies":[{"embeddable":true,"href":"https:\/\/sut.gov.al\/index.php\/wp-json\/wp\/v2\/comments?post=62"}],"version-history":[{"count":2,"href":"https:\/\/sut.gov.al\/index.php\/wp-json\/wp\/v2\/pages\/62\/revisions"}],"predecessor-version":[{"id":261,"href":"https:\/\/sut.gov.al\/index.php\/wp-json\/wp\/v2\/pages\/62\/revisions\/261"}],"wp:featuredmedia":[{"embeddable":true,"href":"https:\/\/sut.gov.al\/index.php\/wp-json\/wp\/v2\/media\/63"}],"wp:attachment":[{"href":"https:\/\/sut.gov.al\/index.php\/wp-json\/wp\/v2\/media?parent=62"}],"curies":[{"name":"wp","href":"https:\/\/api.w.org\/{rel}","templated":true}]}}