{"id":962,"date":"2025-05-08T12:39:24","date_gmt":"2025-05-08T12:39:24","guid":{"rendered":"https:\/\/sut.gov.al\/?page_id=962"},"modified":"2026-01-16T22:29:04","modified_gmt":"2026-01-16T22:29:04","slug":"denoncime-per-veprimtari-politike","status":"publish","type":"page","link":"https:\/\/sut.gov.al\/index.php\/denoncime-per-veprimtari-politike\/","title":{"rendered":"Denoncime p\u00ebr Veprimtari Politike"},"content":{"rendered":"\t\t<div data-elementor-type=\"wp-page\" data-elementor-id=\"962\" class=\"elementor elementor-962\">\n\t\t\t\t<div class=\"elementor-element elementor-element-38b132d8 e-flex e-con-boxed e-con e-parent\" data-id=\"38b132d8\" data-element_type=\"container\">\n\t\t\t\t\t<div class=\"e-con-inner\">\n\t\t\t\t<div class=\"elementor-element elementor-element-11affd76 elementor-widget elementor-widget-text-editor\" data-id=\"11affd76\" data-element_type=\"widget\" data-widget_type=\"text-editor.default\">\n\t\t\t\t<div class=\"elementor-widget-container\">\n\t\t\t\t\t\t\t\t\t<p class=\"MsoNormal\"><b><span style=\"font-size: 20.0pt; line-height: 115%; font-family: 'Times New Roman',serif;\">DENONCIME P\u00cbR P\u00cbRFSHIRJEN E PUNONJ\u00cbSVE T\u00cb INSTITUCIONIT N\u00cb VEPRIMTARI POLITIKE<\/span><\/b><\/p>\n<p><span style=\"font-size: 18pt; line-height: 115%; font-family: 'Times New Roman', serif; font-weight: normal;\">N\u00eb zbatim t\u00eb Vendimit nr. 9, dat\u00eb 24.12.2020, \u00e7do punonj\u00ebs i administrat\u00ebs publike nuk duhet t\u00eb p\u00ebrfshihet n\u00eb veprimtari politike apo t\u00eb mb\u00ebshtes\u00eb kandidat\u00eb zgjedhor\u00eb gjat\u00eb ushtrimit t\u00eb detyr\u00ebs.<\/span><\/p>\n<p><span style=\"font-size: 18pt; line-height: 115%; font-family: 'Times New Roman', serif; font-weight: normal;\">Sipas Nenit 7.c t\u00eb k\u00ebtij vendimi, drejtuesit e institucioneve jan\u00eb t\u00eb detyruar t\u00eb publikojn\u00eb t\u00eb dh\u00ebnat e kontaktit p\u00ebr t\u00eb mund\u00ebsuar raportimin e \u00e7do rasti t\u00eb p\u00ebrfshirjes, nxitjes, urdh\u00ebrimit apo shantazhimit t\u00eb punonj\u00ebsve p\u00ebr q\u00ebllime politike.<\/span><\/p>\n<p><span style=\"font-size: 18.0pt; line-height: 115%; font-family: 'Times New Roman',serif;\"><span style=\"font-weight: normal;\">\u00c7do denoncim mund t\u00eb b\u00ebhet drejtp\u00ebrdrejt te personi i autorizuar n\u00eb institucionin ton\u00eb:<\/span><\/span><\/p>\n<ul style=\"margin-top: 0in;\" type=\"disc\">\n<li><b><span style=\"font-size: 18.0pt; line-height: 115%; font-family: 'Times New Roman',serif;\">Personi i kontaktit:<\/span><\/b><span style=\"font-size: 18.0pt; line-height: 115%; font-family: 'Times New Roman',serif;\"> znj. Edlira Bode<\/span><\/li>\n<li><b><span style=\"font-size: 18.0pt; line-height: 115%; font-family: 'Times New Roman',serif;\">Email:<\/span><\/b><span style=\"font-size: 18.0pt; line-height: 115%; font-family: 'Times New Roman',serif;\"> <a href=\"mailto:edlira.bode@sut.gov.al\">edlira.bode@sut.gov.al<\/a><\/span><\/li>\n<\/ul>\n<p><span style=\"font-size: 18.0pt; line-height: 115%; font-family: 'Times New Roman',serif;\">Spitali Universitar i Traum\u00ebs \u00ebsht\u00eb i angazhuar p\u00ebr t\u00eb siguruar nj\u00eb administrat\u00eb neutrale dhe t\u00eb paanshme, n\u00eb sh\u00ebrbim t\u00eb qytetar\u00ebve dhe jo t\u00eb subjekteve politike.<\/span><\/p>\n<p><!-- \/wp:paragraph --><\/p>\t\t\t\t\t\t\t\t<\/div>\n\t\t\t\t<\/div>\n\t\t\t\t\t<\/div>\n\t\t\t\t<\/div>\n\t\t<div class=\"elementor-element elementor-element-51bf25b e-flex e-con-boxed e-con e-parent\" data-id=\"51bf25b\" data-element_type=\"container\">\n\t\t\t\t\t<div class=\"e-con-inner\">\n\t\t\t\t<div class=\"elementor-element elementor-element-7883bd3 elementor-widget-divider--view-line elementor-widget elementor-widget-divider\" data-id=\"7883bd3\" data-element_type=\"widget\" data-widget_type=\"divider.default\">\n\t\t\t\t<div class=\"elementor-widget-container\">\n\t\t\t\t\t\t\t<div class=\"elementor-divider\">\n\t\t\t<span class=\"elementor-divider-separator\">\n\t\t\t\t\t\t<\/span>\n\t\t<\/div>\n\t\t\t\t\t\t<\/div>\n\t\t\t\t<\/div>\n\t\t\t\t\t<\/div>\n\t\t\t\t<\/div>\n\t\t<div class=\"elementor-element elementor-element-5188e9a e-flex e-con-boxed e-con e-parent\" data-id=\"5188e9a\" data-element_type=\"container\">\n\t\t\t\t\t<div class=\"e-con-inner\">\n\t\t\t\t<div class=\"elementor-element elementor-element-31bbd13 elementor-widget elementor-widget-google_maps\" data-id=\"31bbd13\" data-element_type=\"widget\" data-widget_type=\"google_maps.default\">\n\t\t\t\t<div class=\"elementor-widget-container\">\n\t\t\t\t\t\t\t<div class=\"elementor-custom-embed\">\n\t\t\t<iframe loading=\"lazy\"\n\t\t\t\t\tsrc=\"https:\/\/maps.google.com\/maps?q=Spitali%20Universtar%20i%20Traumes&#038;t=m&#038;z=16&#038;output=embed&#038;iwloc=near\"\n\t\t\t\t\ttitle=\"Spitali Universtar i Traumes\"\n\t\t\t\t\taria-label=\"Spitali Universtar i Traumes\"\n\t\t\t><\/iframe>\n\t\t<\/div>\n\t\t\t\t\t\t<\/div>\n\t\t\t\t<\/div>\n\t\t\t\t\t<\/div>\n\t\t\t\t<\/div>\n\t\t\t\t<\/div>\n\t\t","protected":false},"excerpt":{"rendered":"<p>DENONCIME P\u00cbR P\u00cbRFSHIRJEN E PUNONJ\u00cbSVE T\u00cb INSTITUCIONIT N\u00cb VEPRIMTARI POLITIKE N\u00eb zbatim t\u00eb Vendimit nr. 9, dat\u00eb 24.12.2020, \u00e7do punonj\u00ebs i administrat\u00ebs publike nuk duhet t\u00eb p\u00ebrfshihet n\u00eb veprimtari politike apo t\u00eb mb\u00ebshtes\u00eb kandidat\u00eb zgjedhor\u00eb gjat\u00eb ushtrimit t\u00eb detyr\u00ebs. Sipas Nenit 7.c t\u00eb k\u00ebtij vendimi, drejtuesit e institucioneve jan\u00eb t\u00eb detyruar t\u00eb publikojn\u00eb t\u00eb dh\u00ebnat [&hellip;]<\/p>\n","protected":false},"author":1,"featured_media":0,"parent":0,"menu_order":0,"comment_status":"closed","ping_status":"closed","template":"","meta":{"footnotes":""},"class_list":["post-962","page","type-page","status-publish","hentry"],"jetpack_sharing_enabled":true,"_links":{"self":[{"href":"https:\/\/sut.gov.al\/index.php\/wp-json\/wp\/v2\/pages\/962","targetHints":{"allow":["GET"]}}],"collection":[{"href":"https:\/\/sut.gov.al\/index.php\/wp-json\/wp\/v2\/pages"}],"about":[{"href":"https:\/\/sut.gov.al\/index.php\/wp-json\/wp\/v2\/types\/page"}],"author":[{"embeddable":true,"href":"https:\/\/sut.gov.al\/index.php\/wp-json\/wp\/v2\/users\/1"}],"replies":[{"embeddable":true,"href":"https:\/\/sut.gov.al\/index.php\/wp-json\/wp\/v2\/comments?post=962"}],"version-history":[{"count":10,"href":"https:\/\/sut.gov.al\/index.php\/wp-json\/wp\/v2\/pages\/962\/revisions"}],"predecessor-version":[{"id":1189,"href":"https:\/\/sut.gov.al\/index.php\/wp-json\/wp\/v2\/pages\/962\/revisions\/1189"}],"wp:attachment":[{"href":"https:\/\/sut.gov.al\/index.php\/wp-json\/wp\/v2\/media?parent=962"}],"curies":[{"name":"wp","href":"https:\/\/api.w.org\/{rel}","templated":true}]}}